{"id":22988,"date":"2025-06-09T19:44:43","date_gmt":"2025-06-09T17:44:43","guid":{"rendered":"https:\/\/www.thcprotect.com\/products\/thc-spray\/"},"modified":"2026-02-15T22:56:52","modified_gmt":"2026-02-15T21:56:52","slug":"thc-spray","status":"publish","type":"product","link":"https:\/\/www.thcprotect.com\/sk\/products\/thc-spray\/","title":{"rendered":"Sprej proti THC (Kleaner)"},"content":{"rendered":"<p><strong><img decoding=\"async\" style=\"margin-right: 12px;\" src=\"https:\/\/www.thcprotect.com\/wp-content\/uploads\/2026\/02\/Check.svg\" alt=\"\" width=\"18\" height=\"15\" \/>Jedin\u00fd sprej proti THC, ktor\u00fd zaru\u010duje \u00faspech 100%.<\/strong> N\u00e1\u0161 sprej proti THC je jedin\u00fdm rie\u0161en\u00edm na trhu, ktor\u00e9 zaru\u010duje \u00fapln\u00e9 odstr\u00e1nenie zvy\u0161kov THC z va\u0161ich \u00fast, \u010do v\u00e1m d\u00e1va \u00fapln\u00fa istotu, ke\u010f to najviac potrebujete. Preto hrdo pon\u00fakame z\u00e1ruku vr\u00e1tenia pe\u0148az\u00ed, ak nebudete \u00faplne spokojn\u00ed, vr\u00e1time v\u00e1m peniaze. \u017diadne kompromisy, \u017eiadna neistota, len zaru\u010den\u00e9 v\u00fdsledky.<\/p>\n<p><strong><img decoding=\"async\" style=\"margin-right: 12px;\" src=\"https:\/\/www.thcprotect.com\/wp-content\/uploads\/2026\/02\/Check.svg\" alt=\"\" width=\"18\" height=\"15\" \/>Okam\u017eit\u00fd \u00fa\u010dinok s ochranou trvaj\u00facou a\u017e 6 hod\u00edn.<\/strong> Sprej p\u00f4sob\u00ed okam\u017eite po aplik\u00e1cii a v priebehu nieko\u013ek\u00fdch sek\u00fand odstr\u00e1ni stopy THC a zvy\u0161kov\u00e9 tox\u00edny z \u00fastnej dutiny. Jeho dlhotrvaj\u00faci \u00fa\u010dinok poskytuje ochranu a\u017e 6 hod\u00edn, \u010d\u00edm poskytuje dlh\u0161iu istotu a pokoj.<\/p>\n<p><strong><img decoding=\"async\" style=\"margin-right: 12px;\" src=\"https:\/\/www.thcprotect.com\/wp-content\/uploads\/2026\/02\/Check.svg\" alt=\"\" width=\"18\" height=\"15\" \/>Naj\u00fa\u010dinnej\u0161\u00ed dostupn\u00fd \u00fastny detoxika\u010dn\u00fd sprej.<\/strong> V\u010faka inovat\u00edvnemu a starostlivo vyvinut\u00e9mu zlo\u017eeniu tento sprej proti THC neutralizuje a odstra\u0148uje ne\u017eiaduce l\u00e1tky priamo z \u00fast. Poskytuje r\u00fdchle, spo\u013eahliv\u00e9 a konzistentn\u00e9 v\u00fdsledky, \u010d\u00edm prekon\u00e1va in\u00e9 produkty na \u010distenie \u00fastnej dutiny.<\/p>\n<p><strong><img decoding=\"async\" style=\"margin-right: 12px;\" src=\"https:\/\/www.thcprotect.com\/wp-content\/uploads\/2026\/02\/Check.svg\" alt=\"\" width=\"18\" height=\"15\" \/>Bezkonkuren\u010dn\u00e1 cena.<\/strong> Pon\u00fakame prvotriednu kvalitu za najv\u00fdhodnej\u0161iu cenu na trhu. Vyu\u017e\u00edvate maxim\u00e1lnu \u00fa\u010dinnos\u0165 a zaru\u010den\u00fd v\u00fdkon bez toho, aby ste platili premr\u0161ten\u00e9 ceny. Najlep\u0161ia ochrana nemus\u00ed st\u00e1\u0165 viac.<\/p>\n<p><strong><img decoding=\"async\" style=\"margin-right: 12px;\" src=\"https:\/\/www.thcprotect.com\/wp-content\/uploads\/2026\/02\/Check.svg\" alt=\"\" width=\"18\" height=\"15\" \/>Z\u00e1ruka vr\u00e1tenia pe\u0148az\u00ed pre \u00fapln\u00fa istotu.<\/strong> Za \u00fa\u010dinnos\u0165ou n\u00e1\u0161ho spreja proti THC si plne stoj\u00edme. Ak z ak\u00e9hoko\u013evek d\u00f4vodu nebudete spokojn\u00ed, vr\u00e1time v\u00e1m peniaze za n\u00e1kup. Va\u0161a spokojnos\u0165 je zaru\u010den\u00e1 a v\u00e1\u0161 n\u00e1kup je \u00faplne bez rizika.<\/p>\n<p><strong><img decoding=\"async\" style=\"margin-right: 12px;\" src=\"https:\/\/www.thcprotect.com\/wp-content\/uploads\/2026\/02\/Check.svg\" alt=\"\" width=\"18\" height=\"15\" \/>R\u00fdchle dodanie 24 hod\u00edn denne v pr\u00edpade naliehav\u00fdch potrieb.<\/strong> V\u017edy poskytujeme doru\u010denie do 24 hod\u00edn, \u010d\u00edm zabezpe\u010d\u00edme, \u017ee svoj v\u00fdrobok dostanete r\u00fdchlo a diskr\u00e9tne. Ke\u010f z\u00e1le\u017e\u00ed na \u010dase, m\u00f4\u017eete sa spo\u013eahn\u00fa\u0165 na r\u00fdchlu a spo\u013eahliv\u00fa prepravu.<\/p>\n<p><strong><img decoding=\"async\" style=\"margin-right: 12px;\" src=\"https:\/\/www.thcprotect.com\/wp-content\/uploads\/2026\/02\/Check.svg\" alt=\"\" width=\"18\" height=\"15\" \/>Neobsahuje alkohol a je \u0161etrn\u00fd k \u00fastam.<\/strong> Na\u0161e zlo\u017eenie je \u00faplne bez alkoholu, \u010do znamen\u00e1, \u017ee re\u0161pektuje va\u0161u prirodzen\u00fa \u00fastnu fl\u00f3ru a nevysu\u0161uje \u00fasta. Na rozdiel od drsn\u00fdch alternat\u00edv nezanech\u00e1va pocit p\u00e1lenia a nepr\u00edjemn\u00fa pachu\u0165.<\/p>\n<p><strong><img decoding=\"async\" style=\"margin-right: 12px;\" src=\"https:\/\/www.thcprotect.com\/wp-content\/uploads\/2026\/02\/Check.svg\" alt=\"\" width=\"18\" height=\"15\" \/>100% organick\u00e9 a vyroben\u00e9 z pr\u00edrodn\u00fdch zlo\u017eiek.<\/strong> Tento sprej sa sklad\u00e1 v\u00fdlu\u010dne z pr\u00edrodn\u00fdch, organick\u00fdch zlo\u017eiek bez chemick\u00fdch pr\u00edsad. Chr\u00e1ni va\u0161e zdravie a z\u00e1rove\u0148 re\u0161pektuje \u017eivotn\u00e9 prostredie, tak\u017ee je zodpovednou a bezpe\u010dnou vo\u013ebou.<\/p>\n<p><strong><img decoding=\"async\" style=\"margin-right: 12px;\" src=\"https:\/\/www.thcprotect.com\/wp-content\/uploads\/2026\/02\/Check.svg\" alt=\"\" width=\"18\" height=\"15\" \/>Bezpe\u010dn\u00e9 a bez ved\u013eaj\u0161\u00edch \u00fa\u010dinkov.<\/strong> N\u00e1\u0161 sprej proti THC je starostlivo vytvoren\u00fd pre v\u0161etk\u00fdch pou\u017e\u00edvate\u013eov a je bezpe\u010dn\u00fd na pravideln\u00e9 alebo pr\u00edle\u017eitostn\u00e9 pou\u017e\u00edvanie. Nesp\u00f4sobuje podr\u00e1\u017edenie, nepohodlie ani citlivos\u0165 \u00fastnej dutiny, \u010do v\u00e1m umo\u017e\u0148uje pou\u017e\u00edva\u0165 ho s \u00fapln\u00fdm pokojom.<\/p>\n<p><strong><img decoding=\"async\" style=\"margin-right: 12px;\" src=\"https:\/\/www.thcprotect.com\/wp-content\/uploads\/2026\/02\/Check.svg\" alt=\"\" width=\"18\" height=\"15\" \/>Diskr\u00e9tne, pohodln\u00e9 a \u013eahko prenosn\u00e9.<\/strong> Kompaktn\u00e1 f\u013ea\u0161a s rozpra\u0161ova\u010dom sa \u013eahko zmest\u00ed do vrecka alebo ta\u0161ky, tak\u017ee je ide\u00e1lna na diskr\u00e9tne pou\u017eitie v\u017edy, ke\u010f je to potrebn\u00e9. Jej praktick\u00fd form\u00e1t umo\u017e\u0148uje r\u00fdchlu aplik\u00e1ciu bez toho, aby p\u00fatala pozornos\u0165.<\/p>\n<h2><strong>Pokyny na pou\u017e\u00edvanie<\/strong><\/h2>\n<ol>\n<li><strong>Pr\u00edprava spreja proti THC:<\/strong> Pred ka\u017ed\u00fdm pou\u017eit\u00edm sa uistite, \u017ee sprej m\u00e1 izbov\u00fa teplotu, aby ste mali po\u010das aplik\u00e1cie v\u00e4\u010d\u0161\u00ed komfort. Ak bol v\u00fdrobok vystaven\u00fd extr\u00e9mnym teplot\u00e1m (ve\u013emi vysok\u00fdm alebo ve\u013emi n\u00edzkym), nechajte ho nieko\u013eko min\u00fat stabilizova\u0165. Pred odstr\u00e1nen\u00edm uz\u00e1veru tie\u017e skontrolujte, \u010di je f\u013ea\u0161a spr\u00e1vne uzavret\u00e1.<\/li>\n<li><strong>Odstr\u00e1\u0148te uz\u00e1ver:<\/strong> Za\u010dnite opatrn\u00fdm odstr\u00e1nen\u00edm ochrann\u00e9ho krytu zo spreja. Tento uz\u00e1ver zabezpe\u010d\u00ed, \u017ee tryska zostane \u010dist\u00e1 a pripraven\u00e1 na pou\u017eitie. Po odstr\u00e1nen\u00ed sa uistite, \u017ee je tryska \u010dist\u00e1. V pr\u00edpade potreby ju utrite \u010distou handri\u010dkou, aby ste odstr\u00e1nili prach alebo ne\u010distoty.<\/li>\n<li><strong>Pr\u00edprava:<\/strong> Postavte sa pred zrkadlo, aby ste dobre videli vn\u00fatro \u00fast, \u010do v\u00e1m pom\u00f4\u017ee presne nastrieka\u0165. Otvorte \u00fasta dokor\u00e1n, aby ste u\u013eah\u010dili aplik\u00e1ciu spreja proti THC. Odpor\u00fa\u010da sa by\u0165 v tichom prostred\u00ed, aby ste sa po\u010das aplik\u00e1cie nepohybovali, \u010do zabezpe\u010d\u00ed lep\u0161iu \u00fa\u010dinnos\u0165.<\/li>\n<li><strong>Pr\u00edpravok si naneste do \u00fast:<\/strong> Dr\u017ete f\u013ea\u0161u nieko\u013eko centimetrov od \u00fast a nasmerujte trysku na konkr\u00e9tne miesta. Pod\u013ea potreby nastriekajte pr\u00edpravok priamo do \u00fast 3 a\u017e 4 strekmi. Dbajte na to, aby bol sprej proti THC rovnomerne rozlo\u017een\u00fd na viacer\u00fdch miestach, preto\u017ee to zvy\u0161uje jeho \u00fa\u010dinnos\u0165.<\/li>\n<li><strong>Zamerajte sa na k\u013e\u00fa\u010dov\u00e9 oblasti:<\/strong> Na dosiahnutie maxim\u00e1lnej \u00fa\u010dinnosti je nevyhnutn\u00e9 nastrieka\u0165 pr\u00edpravok na vn\u00fatorn\u00e9 steny tv\u00e1re, ako aj na jazyk a pod jazyk. Tieto oblasti s\u00fa k\u013e\u00fa\u010dov\u00e9, preto\u017ee r\u00fdchlo absorbuj\u00fa pr\u00edpravok a umo\u017e\u0148uj\u00fa okam\u017eit\u00fd \u00fa\u010dinok. Okrem toho nezabudnite aplikova\u0165 sprej na strechu \u00fast, na \u010do sa \u010dasto zab\u00fada, ale je to ve\u013emi d\u00f4le\u017eit\u00e9 pre maximaliz\u00e1ciu \u00fa\u010dinku spreja proti THC.<\/li>\n<li><strong>Nechajte produkt cirkulova\u0165 v \u00fastach:<\/strong> Po nastriekan\u00ed pr\u00edpravku ihne\u010f nezatv\u00e1rajte \u00fasta ani ho neprehltnite. Nechajte ho cirkulova\u0165 pribli\u017ene 5 a\u017e 15 sek\u00fand. Tento \u010das je rozhoduj\u00faci na to, aby sa pr\u00edpravok dobre vstrebal do v\u0161etk\u00fdch slizn\u00edc v \u00fastach. Po\u010das tohto obdobia nepite ani nejedzte, aby ste nezriedili \u00fa\u010dinnos\u0165 spreja proti THC.<\/li>\n<li><strong>Frekvencia pou\u017e\u00edvania:<\/strong> Tento sprej proti THC je navrhnut\u00fd tak, aby bol \u00fa\u010dinn\u00fd okam\u017eite, ale jeho \u00fa\u010dinky sa po 6 hodin\u00e1ch vytratia. Aplik\u00e1ciu m\u00f4\u017eete pod\u013ea potreby opakova\u0165 bez rizika ved\u013eaj\u0161\u00edch \u00fa\u010dinkov. Neprekra\u010dujte v\u0161ak 3 a\u017e 4 aplik\u00e1cie denne.<\/li>\n<li><strong>Skladovanie v\u00fdrobku:<\/strong> Po pou\u017eit\u00ed opatrne nasa\u010fte uz\u00e1ver na f\u013ea\u0161u, aby ste chr\u00e1nili trysku pred ne\u010distotami a prachom. F\u013ea\u0161ti\u010dku skladujte na chladnom a suchom mieste, mimo dosahu priameho slne\u010dn\u00e9ho svetla, aby sa zachovala neporu\u0161enos\u0165 \u00fa\u010dinn\u00fdch zlo\u017eiek v\u00fdrobku.<\/li>\n<li><strong>\u010eal\u0161ie bezpe\u010dnostn\u00e9 opatrenia:<\/strong> Neprehltnite ve\u013ek\u00e9 mno\u017estvo pr\u00edpravku. Ak sa tak stane n\u00e1hodne, pora\u010fte sa so zdravotn\u00edckym pracovn\u00edkom. Zabr\u00e1\u0148te kontaktu s o\u010dami. V pr\u00edpade kontaktu s o\u010dami ich okam\u017eite vypl\u00e1chnite vodou. Uchov\u00e1vajte mimo dosahu det\u00ed.<\/li>\n<\/ol>\n<h2><strong>Podmienky skladovania<\/strong><\/h2>\n<ul>\n<li><strong>Teplota skladovania:<\/strong> Zabezpe\u010dte, aby bol sprej proti THC skladovan\u00fd v prostred\u00ed s teplotou medzi 0 \u00b0C a 30 \u00b0C, \u010do je 32\u00b0F a 86\u00b0F. Je d\u00f4le\u017eit\u00e9 udr\u017eiava\u0165 v\u00fdrobok v tomto teplotnom rozmedz\u00ed, aby sa zachovali \u00fa\u010dinn\u00e9 vlastnosti pr\u00edrodn\u00fdch zlo\u017eiek a zabezpe\u010dil sa optim\u00e1lny \u00fa\u010dinok pri ka\u017edom pou\u017eit\u00ed.<\/li>\n<li><strong>Ochrana:<\/strong> F\u013ea\u0161a by sa mala uchov\u00e1va\u0165 mimo dosahu priameho slne\u010dn\u00e9ho svetla. Dlhodob\u00e9 vystavenie UV \u017eiareniu m\u00f4\u017ee zmeni\u0165 zlo\u017eenie a zn\u00ed\u017ei\u0165 jeho \u00fa\u010dinnos\u0165. Na dosiahnutie najlep\u0161\u00edch v\u00fdsledkov uchov\u00e1vajte f\u013ea\u0161ti\u010dku na tmavom mieste, napr\u00edklad v z\u00e1suvke alebo v skrini, ke\u010f ju nepou\u017e\u00edvate.<\/li>\n<li><strong>Trvanlivos\u0165:<\/strong> Sprej proti THC, zn\u00e1my aj ako Kleaner, m\u00e1 trvanlivos\u0165 dva roky od d\u00e1tumu v\u00fdroby. T\u00e1to dlh\u00e1 \u017eivotnos\u0165 je zaru\u010den\u00e1, pokia\u013e sa v\u00fdrobok skladuje za vhodn\u00fdch podmienok a f\u013ea\u0161a zostane tesne uzavret\u00e1, ke\u010f sa nepou\u017e\u00edva.<\/li>\n<li><strong>D\u00e1tum skon\u010denia platnosti:<\/strong> Pre va\u0161u bezpe\u010dnos\u0165 a zabezpe\u010denie \u00fa\u010dinnosti v\u00fdrobku v\u017edy pred pou\u017eit\u00edm skontrolujte d\u00e1tum exspir\u00e1cie uveden\u00fd na f\u013ea\u0161i. Po tomto d\u00e1tume sa odpor\u00fa\u010da v\u00fdrobok nepou\u017e\u00edva\u0165, preto\u017ee chemick\u00e9 zlo\u017eenie u\u017e nemus\u00ed zabezpe\u010di\u0165 optim\u00e1lne odstr\u00e1nenie zvy\u0161kov THC.<\/li>\n<\/ul>","protected":false},"excerpt":{"rendered":"<p>The only anti-THC spray that guarantees 100% success. Our anti-THC spray is the only solution on the market that guarantees complete removal of THC residues from your mouth, giving you total confidence when you need it most. This is why we proudly offer a money-back guarantee, if you are not fully satisfied, we refund you. [&hellip;]<\/p>\n","protected":false},"featured_media":23037,"comment_status":"open","ping_status":"closed","template":"","meta":{"_uag_custom_page_level_css":"","site-sidebar-layout":"default","site-content-layout":"","ast-site-content-layout":"default","site-content-style":"default","site-sidebar-style":"default","ast-global-header-display":"","ast-banner-title-visibility":"","ast-main-header-display":"","ast-hfb-above-header-display":"","ast-hfb-below-header-display":"","ast-hfb-mobile-header-display":"","site-post-title":"","ast-breadcrumbs-content":"","ast-featured-img":"","footer-sml-layout":"","ast-disable-related-posts":"","theme-transparent-header-meta":"default","adv-header-id-meta":"","stick-header-meta":"","header-above-stick-meta":"","header-main-stick-meta":"","header-below-stick-meta":"","astra-migrate-meta-layouts":"set","ast-page-background-enabled":"default","ast-page-background-meta":{"desktop":{"background-color":"var(--ast-global-color-4)","background-image":"","background-repeat":"repeat","background-position":"center center","background-size":"auto","background-attachment":"scroll","background-type":"","background-media":"","overlay-type":"","overlay-color":"","overlay-opacity":"","overlay-gradient":""},"tablet":{"background-color":"","background-image":"","background-repeat":"repeat","background-position":"center center","background-size":"auto","background-attachment":"scroll","background-type":"","background-media":"","overlay-type":"","overlay-color":"","overlay-opacity":"","overlay-gradient":""},"mobile":{"background-color":"","background-image":"","background-repeat":"repeat","background-position":"center center","background-size":"auto","background-attachment":"scroll","background-type":"","background-media":"","overlay-type":"","overlay-color":"","overlay-opacity":"","overlay-gradient":""}},"ast-content-background-meta":{"desktop":{"background-color":"var(--ast-global-color-5)","background-image":"","background-repeat":"repeat","background-position":"center center","background-size":"auto","background-attachment":"scroll","background-type":"","background-media":"","overlay-type":"","overlay-color":"","overlay-opacity":"","overlay-gradient":""},"tablet":{"background-color":"var(--ast-global-color-5)","background-image":"","background-repeat":"repeat","background-position":"center center","background-size":"auto","background-attachment":"scroll","background-type":"","background-media":"","overlay-type":"","overlay-color":"","overlay-opacity":"","overlay-gradient":""},"mobile":{"background-color":"var(--ast-global-color-5)","background-image":"","background-repeat":"repeat","background-position":"center center","background-size":"auto","background-attachment":"scroll","background-type":"","background-media":"","overlay-type":"","overlay-color":"","overlay-opacity":"","overlay-gradient":""}}},"product_brand":[],"product_cat":[15],"product_tag":[],"class_list":{"0":"post-22988","1":"product","2":"type-product","3":"status-publish","4":"has-post-thumbnail","6":"product_cat-shop","7":"desktop-align-left","8":"tablet-align-left","9":"mobile-align-left","11":"first","12":"instock","13":"taxable","14":"shipping-taxable","15":"purchasable","16":"product-type-simple"},"spectra_custom_meta":{"_visibility":["visible"],"_shopify_product_id":["4635621064843"],"_s2w_shopify_domain":["thcprotect.myshopify.com"],"_shopify_variant_id":["32762404339851"],"_sku":["THCANTITHCSPRAY"],"_regular_price":["29.90"],"_price":["29.90"],"_sale_price":[""],"_weight":["0.15"],"_thumbnail_id":["23037"],"_global_unique_id":["5056773801158"],"total_sales":["4831"],"_tax_status":["taxable"],"_tax_class":[""],"_manage_stock":["no"],"_backorders":["no"],"_sold_individually":["no"],"_virtual":["no"],"_downloadable":["no"],"_download_limit":["-1"],"_download_expiry":["-1"],"_stock":[null],"_stock_status":["instock"],"_wc_average_rating":["4.75"],"_wc_review_count":["276"],"_product_version":["10.5.1"],"_wc_rating_count":["a:3:{i:3;i:15;i:4;i:39;i:5;i:222;}"],"_edit_lock":["1771192471:1"],"_edit_last":["1"],"_wp_page_template":["default"],"site-sidebar-layout":["default"],"ast-site-content-layout":["default"],"site-content-style":["default"],"site-sidebar-style":["default"],"theme-transparent-header-meta":["default"],"merchant-center-availability":["yes"],"_upsell_ids":["a:3:{i:0;i:23013;i:1;i:23024;i:2;i:23038;}"],"_crosssell_ids":["a:3:{i:0;i:23013;i:1;i:23024;i:2;i:23038;}"],"astra-migrate-meta-layouts":["set"],"_uag_css_file_name":["uag-css-22988.css"],"_elementor_page_assets":["a:0:{}"]},"uagb_featured_image_src":{"full":["https:\/\/www.thcprotect.com\/wp-content\/uploads\/2025\/06\/THCcleaner.png",2560,2560,false],"thumbnail":["https:\/\/www.thcprotect.com\/wp-content\/uploads\/2025\/06\/THCcleaner-150x150.png",150,150,true],"medium":["https:\/\/www.thcprotect.com\/wp-content\/uploads\/2025\/06\/THCcleaner-300x300.png",300,300,true],"medium_large":["https:\/\/www.thcprotect.com\/wp-content\/uploads\/2025\/06\/THCcleaner-768x768.png",768,768,true],"large":["https:\/\/www.thcprotect.com\/wp-content\/uploads\/2025\/06\/THCcleaner-1024x1024.png",1024,1024,true],"1536x1536":["https:\/\/www.thcprotect.com\/wp-content\/uploads\/2025\/06\/THCcleaner-1536x1536.png",1536,1536,true],"2048x2048":["https:\/\/www.thcprotect.com\/wp-content\/uploads\/2025\/06\/THCcleaner-2048x2048.png",2048,2048,true],"trp-custom-language-flag":["https:\/\/www.thcprotect.com\/wp-content\/uploads\/2025\/06\/THCcleaner-12x12.png",12,12,true],"woocommerce_thumbnail":["https:\/\/www.thcprotect.com\/wp-content\/uploads\/2025\/06\/THCcleaner-300x300.png",300,300,true],"woocommerce_single":["https:\/\/www.thcprotect.com\/wp-content\/uploads\/2025\/06\/THCcleaner-600x600.png",600,600,true],"woocommerce_gallery_thumbnail":["https:\/\/www.thcprotect.com\/wp-content\/uploads\/2025\/06\/THCcleaner-100x100.png",100,100,true]},"uagb_author_info":{"display_name":"admin","author_link":"https:\/\/www.thcprotect.com\/sk\/author\/"},"uagb_comment_info":276,"uagb_excerpt":"The only anti-THC spray that guarantees 100% success. Our anti-THC spray is the only solution on the market that guarantees complete removal of THC residues from your mouth, giving you total confidence when you need it most. This is why we proudly offer a money-back guarantee, if you are not fully satisfied, we refund you.&hellip;","_links":{"self":[{"href":"https:\/\/www.thcprotect.com\/sk\/wp-json\/wp\/v2\/product\/22988","targetHints":{"allow":["GET"]}}],"collection":[{"href":"https:\/\/www.thcprotect.com\/sk\/wp-json\/wp\/v2\/product"}],"about":[{"href":"https:\/\/www.thcprotect.com\/sk\/wp-json\/wp\/v2\/types\/product"}],"replies":[{"embeddable":true,"href":"https:\/\/www.thcprotect.com\/sk\/wp-json\/wp\/v2\/comments?post=22988"}],"version-history":[{"count":9,"href":"https:\/\/www.thcprotect.com\/sk\/wp-json\/wp\/v2\/product\/22988\/revisions"}],"predecessor-version":[{"id":28795,"href":"https:\/\/www.thcprotect.com\/sk\/wp-json\/wp\/v2\/product\/22988\/revisions\/28795"}],"wp:featuredmedia":[{"embeddable":true,"href":"https:\/\/www.thcprotect.com\/sk\/wp-json\/wp\/v2\/media\/23037"}],"wp:attachment":[{"href":"https:\/\/www.thcprotect.com\/sk\/wp-json\/wp\/v2\/media?parent=22988"}],"wp:term":[{"taxonomy":"product_brand","embeddable":true,"href":"https:\/\/www.thcprotect.com\/sk\/wp-json\/wp\/v2\/product_brand?post=22988"},{"taxonomy":"product_cat","embeddable":true,"href":"https:\/\/www.thcprotect.com\/sk\/wp-json\/wp\/v2\/product_cat?post=22988"},{"taxonomy":"product_tag","embeddable":true,"href":"https:\/\/www.thcprotect.com\/sk\/wp-json\/wp\/v2\/product_tag?post=22988"}],"curies":[{"name":"wp","href":"https:\/\/api.w.org\/{rel}","templated":true}]}}