{"id":22988,"date":"2025-06-09T19:44:43","date_gmt":"2025-06-09T17:44:43","guid":{"rendered":"https:\/\/www.thcprotect.com\/products\/thc-spray\/"},"modified":"2026-02-15T22:56:52","modified_gmt":"2026-02-15T21:56:52","slug":"thc-spray","status":"publish","type":"product","link":"https:\/\/www.thcprotect.com\/ro\/products\/thc-spray\/","title":{"rendered":"Spray anti-THC (Kleaner)"},"content":{"rendered":"<p><strong><img decoding=\"async\" style=\"margin-right: 12px;\" src=\"https:\/\/www.thcprotect.com\/wp-content\/uploads\/2026\/02\/Check.svg\" alt=\"\" width=\"18\" height=\"15\" \/>Singurul spray anti-THC care garanteaz\u0103 succesul 100%.<\/strong> Spray-ul nostru anti-THC este singura solu\u021bie de pe pia\u021b\u0103 care garanteaz\u0103 eliminarea complet\u0103 a reziduurilor de THC din gur\u0103, oferindu-v\u0103 \u00eencredere total\u0103 atunci c\u00e2nd ave\u021bi cea mai mare nevoie de ea. Acesta este motivul pentru care oferim cu m\u00e2ndrie o garan\u021bie de returnare a banilor, dac\u0103 nu sunte\u021bi pe deplin mul\u021bumit, v\u0103 ramburs\u0103m. F\u0103r\u0103 compromisuri, f\u0103r\u0103 incertitudini, doar rezultate garantate.<\/p>\n<p><strong><img decoding=\"async\" style=\"margin-right: 12px;\" src=\"https:\/\/www.thcprotect.com\/wp-content\/uploads\/2026\/02\/Check.svg\" alt=\"\" width=\"18\" height=\"15\" \/>Ac\u021biune imediat\u0103 cu protec\u021bie care dureaz\u0103 p\u00e2n\u0103 la 6 ore.<\/strong> Spray-ul ac\u021bioneaz\u0103 instantaneu dup\u0103 aplicare, elimin\u00e2nd urmele de THC \u0219i toxinele reziduale din cavitatea bucal\u0103 \u00een c\u00e2teva secunde. Ac\u021biunea sa de lung\u0103 durat\u0103 continu\u0103 s\u0103 ofere protec\u021bie timp de p\u00e2n\u0103 la 6 ore, oferind o reasigurare extins\u0103 \u0219i lini\u0219te sufleteasc\u0103.<\/p>\n<p><strong><img decoding=\"async\" style=\"margin-right: 12px;\" src=\"https:\/\/www.thcprotect.com\/wp-content\/uploads\/2026\/02\/Check.svg\" alt=\"\" width=\"18\" height=\"15\" \/>Cel mai eficient spray de detoxifiere oral\u0103 disponibil.<\/strong> Datorit\u0103 formulei sale inovatoare \u0219i atent dezvoltate, acest spray anti-THC neutralizeaz\u0103 \u0219i elimin\u0103 substan\u021bele nedorite direct din gur\u0103. Acesta ofer\u0103 rezultate rapide, fiabile \u0219i constante, dep\u0103\u0219ind alte produse de cur\u0103\u021bare oral\u0103.<\/p>\n<p><strong><img decoding=\"async\" style=\"margin-right: 12px;\" src=\"https:\/\/www.thcprotect.com\/wp-content\/uploads\/2026\/02\/Check.svg\" alt=\"\" width=\"18\" height=\"15\" \/>Pre\u021b imbatabil.<\/strong> Oferim calitate premium la cel mai competitiv pre\u021b de pe pia\u021b\u0103. Beneficia\u021bi de eficien\u021b\u0103 maxim\u0103 \u0219i performan\u021b\u0103 garantat\u0103 f\u0103r\u0103 a pl\u0103ti pre\u021buri exagerate. Cea mai bun\u0103 protec\u021bie nu trebuie s\u0103 coste mai mult.<\/p>\n<p><strong><img decoding=\"async\" style=\"margin-right: 12px;\" src=\"https:\/\/www.thcprotect.com\/wp-content\/uploads\/2026\/02\/Check.svg\" alt=\"\" width=\"18\" height=\"15\" \/>Garan\u021bie de bani \u00eenapoi pentru \u00eencredere total\u0103.<\/strong> Sus\u021binem pe deplin eficacitatea spray-ului nostru anti-THC. Dac\u0103, din orice motiv, nu sunte\u021bi mul\u021bumit, v\u0103 vom rambursa achizi\u021bia. Satisfac\u021bia dvs. este garantat\u0103, iar achizi\u021bia dvs. este complet lipsit\u0103 de riscuri.<\/p>\n<p><strong><img decoding=\"async\" style=\"margin-right: 12px;\" src=\"https:\/\/www.thcprotect.com\/wp-content\/uploads\/2026\/02\/Check.svg\" alt=\"\" width=\"18\" height=\"15\" \/>Livrare rapid\u0103 \u00een 24 de ore pentru nevoi urgente.<\/strong> Oferim \u00eentotdeauna livrare \u00een 24 de ore, asigur\u00e2ndu-v\u0103 c\u0103 primi\u021bi produsul rapid \u0219i discret. Atunci c\u00e2nd timpul conteaz\u0103, v\u0103 pute\u021bi baza pe o livrare rapid\u0103 \u0219i fiabil\u0103.<\/p>\n<p><strong><img decoding=\"async\" style=\"margin-right: 12px;\" src=\"https:\/\/www.thcprotect.com\/wp-content\/uploads\/2026\/02\/Check.svg\" alt=\"\" width=\"18\" height=\"15\" \/>F\u0103r\u0103 alcool \u0219i delicat cu gura.<\/strong> Formula noastr\u0103 este complet lipsit\u0103 de alcool, ceea ce \u00eenseamn\u0103 c\u0103 respect\u0103 flora oral\u0103 natural\u0103 \u0219i nu v\u0103 usuc\u0103 gura. Spre deosebire de alternativele dure, nu las\u0103 nicio senza\u021bie de arsur\u0103 \u0219i niciun gust nepl\u0103cut.<\/p>\n<p><strong><img decoding=\"async\" style=\"margin-right: 12px;\" src=\"https:\/\/www.thcprotect.com\/wp-content\/uploads\/2026\/02\/Check.svg\" alt=\"\" width=\"18\" height=\"15\" \/>100% organic \u0219i fabricat din ingrediente naturale.<\/strong> Acest spray este compus exclusiv din ingrediente naturale, organice, f\u0103r\u0103 aditivi chimici. V\u0103 protejeaz\u0103 s\u0103n\u0103tatea, respect\u00e2nd \u00een acela\u0219i timp mediul \u00eenconjur\u0103tor, fiind o alegere responsabil\u0103 \u0219i sigur\u0103.<\/p>\n<p><strong><img decoding=\"async\" style=\"margin-right: 12px;\" src=\"https:\/\/www.thcprotect.com\/wp-content\/uploads\/2026\/02\/Check.svg\" alt=\"\" width=\"18\" height=\"15\" \/>Sigur \u0219i f\u0103r\u0103 efecte secundare.<\/strong> Formulat cu aten\u021bie pentru to\u021bi utilizatorii, spray-ul nostru anti-THC este sigur pentru utilizare regulat\u0103 sau ocazional\u0103. Acesta nu provoac\u0103 irita\u021bii, disconfort sau sensibilitate oral\u0103, permi\u021b\u00e2ndu-v\u0103 s\u0103 \u00eel utiliza\u021bi cu deplin\u0103 lini\u0219te.<\/p>\n<p><strong><img decoding=\"async\" style=\"margin-right: 12px;\" src=\"https:\/\/www.thcprotect.com\/wp-content\/uploads\/2026\/02\/Check.svg\" alt=\"\" width=\"18\" height=\"15\" \/>Discret, convenabil \u0219i u\u0219or de transportat.<\/strong> Sticla de spray compact\u0103 se potrive\u0219te u\u0219or \u00eentr-un buzunar sau \u00eentr-o geant\u0103, fiind ideal\u0103 pentru utilizare discret\u0103 ori de c\u00e2te ori este necesar. Formatul s\u0103u practic permite aplicarea rapid\u0103 f\u0103r\u0103 a atrage aten\u021bia.<\/p>\n<h2><strong>Instruc\u021biuni de utilizare<\/strong><\/h2>\n<ol>\n<li><strong>Prepararea spray-ului anti-THC:<\/strong> \u00cenainte de fiecare utilizare, asigura\u021bi-v\u0103 c\u0103 spray-ul este la temperatura camerei pentru un confort sporit \u00een timpul aplic\u0103rii. Dac\u0103 produsul a fost expus la temperaturi extreme (foarte cald sau foarte rece), l\u0103sa\u021bi-l s\u0103 se stabilizeze timp de c\u00e2teva minute. De asemenea, verifica\u021bi dac\u0103 flaconul este bine \u00eenchis \u00eenainte de a \u00eendep\u0103rta capacul.<\/li>\n<li><strong>Scoate\u021bi capacul:<\/strong> \u00cencepe\u021bi prin a \u00eendep\u0103rta u\u0219or capacul de protec\u021bie de pe spray. Acest capac asigur\u0103 faptul c\u0103 duza r\u0103m\u00e2ne curat\u0103 \u0219i gata de utilizare. Odat\u0103 \u00eendep\u0103rtat, asigura\u021bi-v\u0103 c\u0103 duza este curat\u0103. Dac\u0103 este necesar, \u0219terge\u021bi-o cu o c\u00e2rp\u0103 curat\u0103 pentru a elimina orice praf sau impurit\u0103\u021bi.<\/li>\n<li><strong>Preg\u0103tire:<\/strong> Sta\u021bi \u00een fa\u021ba unei oglinzi pentru a vedea bine interiorul gurii, ceea ce v\u0103 va ajuta s\u0103 pulveriza\u021bi cu precizie. Deschide\u021bi gura larg pentru a facilita aplicarea spray-ului anti-THC. Este recomandabil s\u0103 v\u0103 afla\u021bi \u00eentr-un mediu lini\u0219tit pentru a evita mi\u0219carea \u00een timpul aplic\u0103rii, asigur\u00e2nd o mai bun\u0103 eficacitate.<\/li>\n<li><strong>Aplica\u021bi produsul \u00een gur\u0103:<\/strong> \u021aine\u021bi flaconul la c\u00e2\u021biva centimetri de gur\u0103, \u00eendrept\u00e2nd duza spre anumite zone. Pulveriza\u021bi produsul direct \u00een gur\u0103 cu 3 sau 4 pulveriz\u0103ri, dup\u0103 cum este necesar. Asigura\u021bi-v\u0103 c\u0103 spray-ul anti-THC este distribuit uniform \u00een mai multe zone, deoarece acest lucru \u00eei \u00eembun\u0103t\u0103\u021be\u0219te eficacitatea.<\/li>\n<li><strong>Viza\u021bi domenii-cheie:<\/strong> Pentru o eficien\u021b\u0103 maxim\u0103, este esen\u021bial s\u0103 pulveriza\u021bi produsul pe pere\u021bii interiori ai obrajilor, precum \u0219i pe \u0219i sub limb\u0103. Aceste zone sunt cruciale deoarece absorb rapid produsul \u0219i permit o ac\u021biune imediat\u0103. \u00cen plus, nu uita\u021bi s\u0103 aplica\u021bi un spray pe cerul gurii, care este adesea uitat, dar foarte important pentru maximizarea efectului sprayului anti-THC.<\/li>\n<li><strong>L\u0103sa\u021bi produsul s\u0103 circule \u00een gur\u0103:<\/strong> Dup\u0103 pulverizarea produsului, nu \u00eenchide\u021bi imediat gura \u0219i nu \u00eel \u00eenghi\u021bi\u021bi. L\u0103sa\u021bi-l s\u0103 circule timp de aproximativ 5 p\u00e2n\u0103 la 15 secunde. Acest timp este crucial pentru ca produsul s\u0103 se absoarb\u0103 bine \u00een toate membranele mucoase din gur\u0103. \u00cen aceast\u0103 perioad\u0103, evita\u021bi s\u0103 be\u021bi sau s\u0103 m\u00e2nca\u021bi pentru a nu dilua eficacitatea spray-ului anti-THC.<\/li>\n<li><strong>Frecven\u021ba de utilizare:<\/strong> Acest spray anti-THC este conceput pentru a fi eficient imediat, dar efectele sale dispar dup\u0103 6 ore. Pute\u021bi repeta aplicarea dup\u0103 cum este necesar, f\u0103r\u0103 niciun risc de efecte secundare. Cu toate acestea, nu dep\u0103\u0219i\u021bi 3 p\u00e2n\u0103 la 4 aplica\u021bii pe zi.<\/li>\n<li><strong>Depozitarea produsului:<\/strong> Dup\u0103 utilizare, \u00eenlocui\u021bi cu aten\u021bie capacul de pe flacon pentru a proteja duza de murd\u0103rie \u0219i praf. Depozita\u021bi flaconul \u00eentr-un loc r\u0103coros, uscat, ferit de lumina direct\u0103 a soarelui, pentru a p\u0103stra integritatea ingredientelor active ale produsului.<\/li>\n<li><strong>Precau\u021bii suplimentare:<\/strong> Nu \u00eenghi\u021bi\u021bi cantit\u0103\u021bi mari de produs. Dac\u0103 acest lucru se \u00eent\u00e2mpl\u0103 accidental, consulta\u021bi un profesionist din domeniul s\u0103n\u0103t\u0103\u021bii. Evita\u021bi contactul cu ochii. \u00cen caz de contact, cl\u0103ti\u021bi imediat cu ap\u0103. A nu se l\u0103sa la \u00eendem\u00e2na copiilor.<\/li>\n<\/ol>\n<h2><strong>Condi\u021bii de depozitare<\/strong><\/h2>\n<ul>\n<li><strong>Temperatura de depozitare:<\/strong> Asigura\u021bi-v\u0103 c\u0103 spray-ul anti-THC este depozitat \u00eentr-un mediu cu o temperatur\u0103 \u00eentre 0\u00b0C \u0219i 30\u00b0C, adic\u0103 32\u00b0F \u0219i 86\u00b0F. Este important s\u0103 p\u0103stra\u021bi produsul \u00een acest interval de temperatur\u0103 pentru a p\u0103stra propriet\u0103\u021bile active ale ingredientelor naturale \u0219i pentru a asigura o performan\u021b\u0103 optim\u0103 cu fiecare utilizare.<\/li>\n<li><strong>Protec\u021bie:<\/strong> Sticla trebuie \u021binut\u0103 departe de lumina direct\u0103 a soarelui. Expunerea prelungit\u0103 la razele UV poate altera formula \u0219i \u00eei poate reduce eficacitatea. Pentru cele mai bune rezultate, depozita\u021bi flaconul \u00eentr-un loc \u00eentunecos, cum ar fi un sertar sau un dulap, atunci c\u00e2nd nu este utilizat.<\/li>\n<li><strong>Perioada de valabilitate:<\/strong> Spray-ul anti-THC, cunoscut \u0219i sub numele de Kleaner, are un termen de valabilitate de doi ani de la data fabric\u0103rii. Aceast\u0103 durat\u0103 lung\u0103 de via\u021b\u0103 este garantat\u0103 at\u00e2t timp c\u00e2t produsul este depozitat \u00een condi\u021bii adecvate, iar sticla r\u0103m\u00e2ne bine \u00eenchis\u0103 atunci c\u00e2nd nu este utilizat\u0103.<\/li>\n<li><strong>Data expir\u0103rii:<\/strong> Pentru siguran\u021ba dumneavoastr\u0103 \u0219i pentru a asigura eficacitatea produsului, verifica\u021bi \u00eentotdeauna data de expirare men\u021bionat\u0103 pe flacon \u00eenainte de utilizare. Se recomand\u0103 s\u0103 nu utiliza\u021bi produsul dup\u0103 aceast\u0103 dat\u0103, deoarece este posibil ca compozi\u021bia chimic\u0103 s\u0103 nu mai asigure \u00eendep\u0103rtarea optim\u0103 a reziduurilor de THC.<\/li>\n<\/ul>","protected":false},"excerpt":{"rendered":"<p>The only anti-THC spray that guarantees 100% success. Our anti-THC spray is the only solution on the market that guarantees complete removal of THC residues from your mouth, giving you total confidence when you need it most. This is why we proudly offer a money-back guarantee, if you are not fully satisfied, we refund you. [&hellip;]<\/p>\n","protected":false},"featured_media":23037,"comment_status":"open","ping_status":"closed","template":"","meta":{"_uag_custom_page_level_css":"","site-sidebar-layout":"default","site-content-layout":"","ast-site-content-layout":"default","site-content-style":"default","site-sidebar-style":"default","ast-global-header-display":"","ast-banner-title-visibility":"","ast-main-header-display":"","ast-hfb-above-header-display":"","ast-hfb-below-header-display":"","ast-hfb-mobile-header-display":"","site-post-title":"","ast-breadcrumbs-content":"","ast-featured-img":"","footer-sml-layout":"","ast-disable-related-posts":"","theme-transparent-header-meta":"default","adv-header-id-meta":"","stick-header-meta":"","header-above-stick-meta":"","header-main-stick-meta":"","header-below-stick-meta":"","astra-migrate-meta-layouts":"set","ast-page-background-enabled":"default","ast-page-background-meta":{"desktop":{"background-color":"var(--ast-global-color-4)","background-image":"","background-repeat":"repeat","background-position":"center center","background-size":"auto","background-attachment":"scroll","background-type":"","background-media":"","overlay-type":"","overlay-color":"","overlay-opacity":"","overlay-gradient":""},"tablet":{"background-color":"","background-image":"","background-repeat":"repeat","background-position":"center center","background-size":"auto","background-attachment":"scroll","background-type":"","background-media":"","overlay-type":"","overlay-color":"","overlay-opacity":"","overlay-gradient":""},"mobile":{"background-color":"","background-image":"","background-repeat":"repeat","background-position":"center center","background-size":"auto","background-attachment":"scroll","background-type":"","background-media":"","overlay-type":"","overlay-color":"","overlay-opacity":"","overlay-gradient":""}},"ast-content-background-meta":{"desktop":{"background-color":"var(--ast-global-color-5)","background-image":"","background-repeat":"repeat","background-position":"center center","background-size":"auto","background-attachment":"scroll","background-type":"","background-media":"","overlay-type":"","overlay-color":"","overlay-opacity":"","overlay-gradient":""},"tablet":{"background-color":"var(--ast-global-color-5)","background-image":"","background-repeat":"repeat","background-position":"center center","background-size":"auto","background-attachment":"scroll","background-type":"","background-media":"","overlay-type":"","overlay-color":"","overlay-opacity":"","overlay-gradient":""},"mobile":{"background-color":"var(--ast-global-color-5)","background-image":"","background-repeat":"repeat","background-position":"center center","background-size":"auto","background-attachment":"scroll","background-type":"","background-media":"","overlay-type":"","overlay-color":"","overlay-opacity":"","overlay-gradient":""}}},"product_brand":[],"product_cat":[15],"product_tag":[],"class_list":{"0":"post-22988","1":"product","2":"type-product","3":"status-publish","4":"has-post-thumbnail","6":"product_cat-shop","7":"desktop-align-left","8":"tablet-align-left","9":"mobile-align-left","11":"first","12":"instock","13":"taxable","14":"shipping-taxable","15":"purchasable","16":"product-type-simple"},"spectra_custom_meta":{"_visibility":["visible"],"_shopify_product_id":["4635621064843"],"_s2w_shopify_domain":["thcprotect.myshopify.com"],"_shopify_variant_id":["32762404339851"],"_sku":["THCANTITHCSPRAY"],"_regular_price":["29.90"],"_price":["29.90"],"_sale_price":[""],"_weight":["0.15"],"_thumbnail_id":["23037"],"_global_unique_id":["5056773801158"],"total_sales":["4831"],"_tax_status":["taxable"],"_tax_class":[""],"_manage_stock":["no"],"_backorders":["no"],"_sold_individually":["no"],"_virtual":["no"],"_downloadable":["no"],"_download_limit":["-1"],"_download_expiry":["-1"],"_stock":[null],"_stock_status":["instock"],"_wc_average_rating":["4.75"],"_wc_review_count":["276"],"_product_version":["10.5.1"],"_wc_rating_count":["a:3:{i:3;i:15;i:4;i:39;i:5;i:222;}"],"_edit_lock":["1771192471:1"],"_edit_last":["1"],"_wp_page_template":["default"],"site-sidebar-layout":["default"],"ast-site-content-layout":["default"],"site-content-style":["default"],"site-sidebar-style":["default"],"theme-transparent-header-meta":["default"],"merchant-center-availability":["yes"],"_upsell_ids":["a:3:{i:0;i:23013;i:1;i:23024;i:2;i:23038;}"],"_crosssell_ids":["a:3:{i:0;i:23013;i:1;i:23024;i:2;i:23038;}"],"astra-migrate-meta-layouts":["set"],"_uag_css_file_name":["uag-css-22988.css"],"_elementor_page_assets":["a:0:{}"]},"uagb_featured_image_src":{"full":["https:\/\/www.thcprotect.com\/wp-content\/uploads\/2025\/06\/THCcleaner.png",2560,2560,false],"thumbnail":["https:\/\/www.thcprotect.com\/wp-content\/uploads\/2025\/06\/THCcleaner-150x150.png",150,150,true],"medium":["https:\/\/www.thcprotect.com\/wp-content\/uploads\/2025\/06\/THCcleaner-300x300.png",300,300,true],"medium_large":["https:\/\/www.thcprotect.com\/wp-content\/uploads\/2025\/06\/THCcleaner-768x768.png",768,768,true],"large":["https:\/\/www.thcprotect.com\/wp-content\/uploads\/2025\/06\/THCcleaner-1024x1024.png",1024,1024,true],"1536x1536":["https:\/\/www.thcprotect.com\/wp-content\/uploads\/2025\/06\/THCcleaner-1536x1536.png",1536,1536,true],"2048x2048":["https:\/\/www.thcprotect.com\/wp-content\/uploads\/2025\/06\/THCcleaner-2048x2048.png",2048,2048,true],"trp-custom-language-flag":["https:\/\/www.thcprotect.com\/wp-content\/uploads\/2025\/06\/THCcleaner-12x12.png",12,12,true],"woocommerce_thumbnail":["https:\/\/www.thcprotect.com\/wp-content\/uploads\/2025\/06\/THCcleaner-300x300.png",300,300,true],"woocommerce_single":["https:\/\/www.thcprotect.com\/wp-content\/uploads\/2025\/06\/THCcleaner-600x600.png",600,600,true],"woocommerce_gallery_thumbnail":["https:\/\/www.thcprotect.com\/wp-content\/uploads\/2025\/06\/THCcleaner-100x100.png",100,100,true]},"uagb_author_info":{"display_name":"admin","author_link":"https:\/\/www.thcprotect.com\/ro\/author\/"},"uagb_comment_info":276,"uagb_excerpt":"The only anti-THC spray that guarantees 100% success. Our anti-THC spray is the only solution on the market that guarantees complete removal of THC residues from your mouth, giving you total confidence when you need it most. This is why we proudly offer a money-back guarantee, if you are not fully satisfied, we refund you.&hellip;","_links":{"self":[{"href":"https:\/\/www.thcprotect.com\/ro\/wp-json\/wp\/v2\/product\/22988","targetHints":{"allow":["GET"]}}],"collection":[{"href":"https:\/\/www.thcprotect.com\/ro\/wp-json\/wp\/v2\/product"}],"about":[{"href":"https:\/\/www.thcprotect.com\/ro\/wp-json\/wp\/v2\/types\/product"}],"replies":[{"embeddable":true,"href":"https:\/\/www.thcprotect.com\/ro\/wp-json\/wp\/v2\/comments?post=22988"}],"version-history":[{"count":9,"href":"https:\/\/www.thcprotect.com\/ro\/wp-json\/wp\/v2\/product\/22988\/revisions"}],"predecessor-version":[{"id":28795,"href":"https:\/\/www.thcprotect.com\/ro\/wp-json\/wp\/v2\/product\/22988\/revisions\/28795"}],"wp:featuredmedia":[{"embeddable":true,"href":"https:\/\/www.thcprotect.com\/ro\/wp-json\/wp\/v2\/media\/23037"}],"wp:attachment":[{"href":"https:\/\/www.thcprotect.com\/ro\/wp-json\/wp\/v2\/media?parent=22988"}],"wp:term":[{"taxonomy":"product_brand","embeddable":true,"href":"https:\/\/www.thcprotect.com\/ro\/wp-json\/wp\/v2\/product_brand?post=22988"},{"taxonomy":"product_cat","embeddable":true,"href":"https:\/\/www.thcprotect.com\/ro\/wp-json\/wp\/v2\/product_cat?post=22988"},{"taxonomy":"product_tag","embeddable":true,"href":"https:\/\/www.thcprotect.com\/ro\/wp-json\/wp\/v2\/product_tag?post=22988"}],"curies":[{"name":"wp","href":"https:\/\/api.w.org\/{rel}","templated":true}]}}