{"id":22988,"date":"2025-06-09T19:44:43","date_gmt":"2025-06-09T17:44:43","guid":{"rendered":"https:\/\/www.thcprotect.com\/products\/thc-spray\/"},"modified":"2026-02-15T22:56:52","modified_gmt":"2026-02-15T21:56:52","slug":"thc-spray","status":"publish","type":"product","link":"https:\/\/www.thcprotect.com\/pl\/products\/thc-spray\/","title":{"rendered":"Spray anty-THC (Kleaner)"},"content":{"rendered":"<p><strong><img decoding=\"async\" style=\"margin-right: 12px;\" src=\"https:\/\/www.thcprotect.com\/wp-content\/uploads\/2026\/02\/Check.svg\" alt=\"\" width=\"18\" height=\"15\" \/>Jedyny spray anty-THC, kt\u00f3ry gwarantuje sukces 100%.<\/strong> Nasz spray anty-THC to jedyne rozwi\u0105zanie na rynku, kt\u00f3re gwarantuje ca\u0142kowite usuni\u0119cie pozosta\u0142o\u015bci THC z jamy ustnej, daj\u0105c Ci ca\u0142kowit\u0105 pewno\u015b\u0107, gdy jej najbardziej potrzebujesz. Dlatego te\u017c z dum\u0105 oferujemy gwarancj\u0119 zwrotu pieni\u0119dzy, je\u015bli nie b\u0119dziesz w pe\u0142ni zadowolony, zwr\u00f3cimy Ci pieni\u0105dze. \u017badnych kompromis\u00f3w, \u017cadnej niepewno\u015bci, tylko gwarantowane rezultaty.<\/p>\n<p><strong><img decoding=\"async\" style=\"margin-right: 12px;\" src=\"https:\/\/www.thcprotect.com\/wp-content\/uploads\/2026\/02\/Check.svg\" alt=\"\" width=\"18\" height=\"15\" \/>Natychmiastowe dzia\u0142anie i ochrona trwaj\u0105ca do 6 godzin.<\/strong> Spray dzia\u0142a natychmiast po aplikacji, eliminuj\u0105c \u015blady THC i pozosta\u0142o\u015bci toksyn z jamy ustnej w ci\u0105gu kilku sekund. Jego d\u0142ugotrwa\u0142e dzia\u0142anie zapewnia ochron\u0119 do 6 godzin, oferuj\u0105c przed\u0142u\u017con\u0105 pewno\u015b\u0107 i spok\u00f3j ducha.<\/p>\n<p><strong><img decoding=\"async\" style=\"margin-right: 12px;\" src=\"https:\/\/www.thcprotect.com\/wp-content\/uploads\/2026\/02\/Check.svg\" alt=\"\" width=\"18\" height=\"15\" \/>Najskuteczniejszy dost\u0119pny doustny spray detoksykacyjny.<\/strong> Dzi\u0119ki innowacyjnej i starannie opracowanej formule ten spray anty-THC neutralizuje i usuwa niepo\u017c\u0105dane substancje bezpo\u015brednio z jamy ustnej. Zapewnia szybkie, niezawodne i sp\u00f3jne wyniki, przewy\u017cszaj\u0105c inne produkty do czyszczenia jamy ustnej.<\/p>\n<p><strong><img decoding=\"async\" style=\"margin-right: 12px;\" src=\"https:\/\/www.thcprotect.com\/wp-content\/uploads\/2026\/02\/Check.svg\" alt=\"\" width=\"18\" height=\"15\" \/>Bezkonkurencyjna cena.<\/strong> Oferujemy najwy\u017csz\u0105 jako\u015b\u0107 w najbardziej konkurencyjnej cenie na rynku. Korzystasz z maksymalnej skuteczno\u015bci i gwarantowanej wydajno\u015bci bez p\u0142acenia zawy\u017conych cen. Najlepsza ochrona nie musi kosztowa\u0107 wi\u0119cej.<\/p>\n<p><strong><img decoding=\"async\" style=\"margin-right: 12px;\" src=\"https:\/\/www.thcprotect.com\/wp-content\/uploads\/2026\/02\/Check.svg\" alt=\"\" width=\"18\" height=\"15\" \/>Gwarancja zwrotu pieni\u0119dzy dla ca\u0142kowitej pewno\u015bci.<\/strong> W pe\u0142ni gwarantujemy skuteczno\u015b\u0107 naszego sprayu anty-THC. Je\u015bli z jakiegokolwiek powodu nie b\u0119dziesz zadowolony, zwr\u00f3cimy Ci pieni\u0105dze za zakup. Twoja satysfakcja jest gwarantowana, a zakup jest ca\u0142kowicie wolny od ryzyka.<\/p>\n<p><strong><img decoding=\"async\" style=\"margin-right: 12px;\" src=\"https:\/\/www.thcprotect.com\/wp-content\/uploads\/2026\/02\/Check.svg\" alt=\"\" width=\"18\" height=\"15\" \/>Szybka dostawa 24 godziny na dob\u0119 w przypadku pilnych potrzeb.<\/strong> Zawsze zapewniamy 24-godzinn\u0105 dostaw\u0119, gwarantuj\u0105c szybkie i dyskretne otrzymanie produktu. Gdy liczy si\u0119 czas, mo\u017cesz polega\u0107 na szybkiej i niezawodnej wysy\u0142ce.<\/p>\n<p><strong><img decoding=\"async\" style=\"margin-right: 12px;\" src=\"https:\/\/www.thcprotect.com\/wp-content\/uploads\/2026\/02\/Check.svg\" alt=\"\" width=\"18\" height=\"15\" \/>Nie zawiera alkoholu i jest delikatny dla ust.<\/strong> Nasza formu\u0142a jest ca\u0142kowicie bezalkoholowa, co oznacza, \u017ce szanuje naturaln\u0105 flor\u0119 jamy ustnej i nie wysusza ust. W przeciwie\u0144stwie do ostrych alternatyw, nie pozostawia uczucia pieczenia i nieprzyjemnego posmaku.<\/p>\n<p><strong><img decoding=\"async\" style=\"margin-right: 12px;\" src=\"https:\/\/www.thcprotect.com\/wp-content\/uploads\/2026\/02\/Check.svg\" alt=\"\" width=\"18\" height=\"15\" \/>100% organiczny i wykonany z naturalnych sk\u0142adnik\u00f3w.<\/strong> Ten spray sk\u0142ada si\u0119 wy\u0142\u0105cznie z naturalnych, organicznych sk\u0142adnik\u00f3w bez dodatk\u00f3w chemicznych. Chroni zdrowie, jednocze\u015bnie szanuj\u0105c \u015brodowisko, co czyni go odpowiedzialnym i bezpiecznym wyborem.<\/p>\n<p><strong><img decoding=\"async\" style=\"margin-right: 12px;\" src=\"https:\/\/www.thcprotect.com\/wp-content\/uploads\/2026\/02\/Check.svg\" alt=\"\" width=\"18\" height=\"15\" \/>Bezpieczny i wolny od skutk\u00f3w ubocznych.<\/strong> Starannie opracowany dla wszystkich u\u017cytkownik\u00f3w, nasz spray anty-THC jest bezpieczny do regularnego lub okazjonalnego stosowania. Nie powoduje podra\u017cnie\u0144, dyskomfortu ani nadwra\u017cliwo\u015bci jamy ustnej, dzi\u0119ki czemu mo\u017cna go u\u017cywa\u0107 z ca\u0142kowitym spokojem.<\/p>\n<p><strong><img decoding=\"async\" style=\"margin-right: 12px;\" src=\"https:\/\/www.thcprotect.com\/wp-content\/uploads\/2026\/02\/Check.svg\" alt=\"\" width=\"18\" height=\"15\" \/>Dyskretny, wygodny i \u0142atwy do przenoszenia.<\/strong> Kompaktowa butelka z rozpylaczem z \u0142atwo\u015bci\u0105 mie\u015bci si\u0119 w kieszeni lub torbie, dzi\u0119ki czemu idealnie nadaje si\u0119 do dyskretnego u\u017cycia w razie potrzeby. Jej praktyczny format umo\u017cliwia szybk\u0105 aplikacj\u0119 bez zwracania na siebie uwagi.<\/p>\n<h2><strong>Instrukcje u\u017cytkowania<\/strong><\/h2>\n<ol>\n<li><strong>Przygotowanie sprayu anty-THC:<\/strong> Przed ka\u017cdym u\u017cyciem nale\u017cy upewni\u0107 si\u0119, \u017ce spray ma temperatur\u0119 pokojow\u0105, aby zapewni\u0107 wi\u0119kszy komfort podczas aplikacji. Je\u015bli produkt by\u0142 nara\u017cony na dzia\u0142anie ekstremalnych temperatur (bardzo wysokich lub bardzo niskich), nale\u017cy odczeka\u0107 kilka minut, a\u017c si\u0119 ustabilizuje. Przed zdj\u0119ciem nakr\u0119tki nale\u017cy r\u00f3wnie\u017c sprawdzi\u0107, czy butelka jest prawid\u0142owo zamkni\u0119ta.<\/li>\n<li><strong>Zdj\u0105\u0107 nasadk\u0119:<\/strong> Zacznij od delikatnego zdj\u0119cia nasadki ochronnej z rozpylacza. Nasadka ta zapewnia, \u017ce dysza pozostaje czysta i gotowa do u\u017cycia. Po zdj\u0119ciu upewnij si\u0119, \u017ce dysza jest czysta. W razie potrzeby przetrzyj j\u0105 czyst\u0105 szmatk\u0105, aby usun\u0105\u0107 kurz lub zanieczyszczenia.<\/li>\n<li><strong>Przygotowanie:<\/strong> Sta\u0144 przed lustrem, aby uzyska\u0107 dobry widok wn\u0119trza ust, co pomo\u017ce ci precyzyjnie rozpyli\u0107 spray. Otw\u00f3rz szeroko usta, aby u\u0142atwi\u0107 aplikacj\u0119 sprayu anty-THC. Zaleca si\u0119 przebywanie w cichym otoczeniu, aby unikn\u0105\u0107 poruszania si\u0119 podczas aplikacji, co zapewni lepsz\u0105 skuteczno\u015b\u0107.<\/li>\n<li><strong>Na\u0142\u00f3\u017c produkt na usta:<\/strong> Trzymaj butelk\u0119 w odleg\u0142o\u015bci kilku centymetr\u00f3w od ust, kieruj\u0105c dysz\u0119 na okre\u015blone obszary. Rozpyl produkt bezpo\u015brednio w jamie ustnej za pomoc\u0105 3 do 4 rozpyle\u0144, w zale\u017cno\u015bci od potrzeb. Upewnij si\u0119, \u017ce spray anty-THC jest r\u00f3wnomiernie rozprowadzony w kilku obszarach, poniewa\u017c poprawia to jego skuteczno\u015b\u0107.<\/li>\n<li><strong>Kluczowe obszary docelowe:<\/strong> Aby uzyska\u0107 maksymaln\u0105 skuteczno\u015b\u0107, konieczne jest rozpylenie produktu na wewn\u0119trznych \u015bciankach policzk\u00f3w, a tak\u017ce na j\u0119zyku i pod nim. Obszary te s\u0105 kluczowe, poniewa\u017c szybko wch\u0142aniaj\u0105 produkt i pozwalaj\u0105 na natychmiastowe dzia\u0142anie. Dodatkowo, nie zapomnij o rozpyleniu sprayu na dach jamy ustnej, o czym cz\u0119sto si\u0119 zapomina, ale jest to bardzo wa\u017cne dla zmaksymalizowania efektu sprayu anty-THC.<\/li>\n<li><strong>Pozw\u00f3l produktowi kr\u0105\u017cy\u0107 w ustach:<\/strong> Po rozpyleniu produktu nie nale\u017cy od razu zamyka\u0107 ust ani go po\u0142yka\u0107. Pozw\u00f3l mu kr\u0105\u017cy\u0107 przez oko\u0142o 5 do 15 sekund. Czas ten ma kluczowe znaczenie dla dobrego wch\u0142oni\u0119cia produktu przez wszystkie b\u0142ony \u015bluzowe w jamie ustnej. W tym czasie unikaj picia lub jedzenia, aby unikn\u0105\u0107 rozcie\u0144czenia skuteczno\u015bci sprayu anty-THC.<\/li>\n<li><strong>Cz\u0119stotliwo\u015b\u0107 u\u017cytkowania:<\/strong> Ten spray anty-THC zosta\u0142 zaprojektowany tak, aby by\u0142 skuteczny natychmiast, ale jego dzia\u0142anie ust\u0119puje po 6 godzinach. Aplikacj\u0119 mo\u017cna powtarza\u0107 w razie potrzeby, bez ryzyka wyst\u0105pienia skutk\u00f3w ubocznych. Nie nale\u017cy jednak przekracza\u0107 3 do 4 aplikacji dziennie.<\/li>\n<li><strong>Przechowywanie produktu:<\/strong> Po u\u017cyciu nale\u017cy ostro\u017cnie za\u0142o\u017cy\u0107 nakr\u0119tk\u0119 na butelk\u0119, aby chroni\u0107 dysz\u0119 przed brudem i kurzem. Przechowywa\u0107 butelk\u0119 w ch\u0142odnym, suchym miejscu, z dala od bezpo\u015bredniego \u015bwiat\u0142a s\u0142onecznego, aby zachowa\u0107 integralno\u015b\u0107 aktywnych sk\u0142adnik\u00f3w produktu.<\/li>\n<li><strong>Dodatkowe \u015brodki ostro\u017cno\u015bci:<\/strong> Nie po\u0142yka\u0107 du\u017cych ilo\u015bci produktu. W razie przypadkowego po\u0142kni\u0119cia nale\u017cy skonsultowa\u0107 si\u0119 z lekarzem. Unika\u0107 kontaktu z oczami. W razie kontaktu natychmiast przep\u0142uka\u0107 wod\u0105. Przechowywa\u0107 w miejscu niedost\u0119pnym dla dzieci.<\/li>\n<\/ol>\n<h2><strong>Warunki przechowywania<\/strong><\/h2>\n<ul>\n<li><strong>Temperatura przechowywania:<\/strong> Upewnij si\u0119, \u017ce spray anty-THC jest przechowywany w \u015brodowisku o temperaturze od 0\u00b0C do 30\u00b0C, czyli od 32\u00b0F do 86\u00b0F. Wa\u017cne jest, aby utrzymywa\u0107 produkt w tym zakresie temperatur, aby zachowa\u0107 aktywne w\u0142a\u015bciwo\u015bci naturalnych sk\u0142adnik\u00f3w i zapewni\u0107 optymaln\u0105 wydajno\u015b\u0107 przy ka\u017cdym u\u017cyciu.<\/li>\n<li><strong>Ochrona:<\/strong> Butelk\u0119 nale\u017cy przechowywa\u0107 z dala od bezpo\u015bredniego \u015bwiat\u0142a s\u0142onecznego. D\u0142ugotrwa\u0142a ekspozycja na promienie UV mo\u017ce zmieni\u0107 formu\u0142\u0119 i zmniejszy\u0107 jej skuteczno\u015b\u0107. Aby uzyska\u0107 najlepsze rezultaty, nieu\u017cywan\u0105 butelk\u0119 nale\u017cy przechowywa\u0107 w ciemnym miejscu, takim jak szuflada lub szafka.<\/li>\n<li><strong>Okres trwa\u0142o\u015bci:<\/strong> Spray anty-THC, znany r\u00f3wnie\u017c jako Kleaner, ma okres trwa\u0142o\u015bci wynosz\u0105cy dwa lata od daty produkcji. Ta d\u0142uga \u017cywotno\u015b\u0107 jest gwarantowana, o ile produkt jest przechowywany w odpowiednich warunkach, a butelka pozostaje szczelnie zamkni\u0119ta, gdy nie jest u\u017cywana.<\/li>\n<li><strong>Data wyga\u015bni\u0119cia:<\/strong> Dla w\u0142asnego bezpiecze\u0144stwa i zapewnienia skuteczno\u015bci produktu, przed u\u017cyciem nale\u017cy zawsze sprawdzi\u0107 dat\u0119 wa\u017cno\u015bci podan\u0105 na butelce. Zaleca si\u0119, aby nie u\u017cywa\u0107 produktu po tej dacie, poniewa\u017c sk\u0142ad chemiczny mo\u017ce nie zapewnia\u0107 ju\u017c optymalnego usuwania pozosta\u0142o\u015bci THC.<\/li>\n<\/ul>","protected":false},"excerpt":{"rendered":"<p>The only anti-THC spray that guarantees 100% success. Our anti-THC spray is the only solution on the market that guarantees complete removal of THC residues from your mouth, giving you total confidence when you need it most. This is why we proudly offer a money-back guarantee, if you are not fully satisfied, we refund you. [&hellip;]<\/p>\n","protected":false},"featured_media":23037,"comment_status":"open","ping_status":"closed","template":"","meta":{"_uag_custom_page_level_css":"","site-sidebar-layout":"default","site-content-layout":"","ast-site-content-layout":"default","site-content-style":"default","site-sidebar-style":"default","ast-global-header-display":"","ast-banner-title-visibility":"","ast-main-header-display":"","ast-hfb-above-header-display":"","ast-hfb-below-header-display":"","ast-hfb-mobile-header-display":"","site-post-title":"","ast-breadcrumbs-content":"","ast-featured-img":"","footer-sml-layout":"","ast-disable-related-posts":"","theme-transparent-header-meta":"default","adv-header-id-meta":"","stick-header-meta":"","header-above-stick-meta":"","header-main-stick-meta":"","header-below-stick-meta":"","astra-migrate-meta-layouts":"set","ast-page-background-enabled":"default","ast-page-background-meta":{"desktop":{"background-color":"var(--ast-global-color-4)","background-image":"","background-repeat":"repeat","background-position":"center center","background-size":"auto","background-attachment":"scroll","background-type":"","background-media":"","overlay-type":"","overlay-color":"","overlay-opacity":"","overlay-gradient":""},"tablet":{"background-color":"","background-image":"","background-repeat":"repeat","background-position":"center center","background-size":"auto","background-attachment":"scroll","background-type":"","background-media":"","overlay-type":"","overlay-color":"","overlay-opacity":"","overlay-gradient":""},"mobile":{"background-color":"","background-image":"","background-repeat":"repeat","background-position":"center center","background-size":"auto","background-attachment":"scroll","background-type":"","background-media":"","overlay-type":"","overlay-color":"","overlay-opacity":"","overlay-gradient":""}},"ast-content-background-meta":{"desktop":{"background-color":"var(--ast-global-color-5)","background-image":"","background-repeat":"repeat","background-position":"center center","background-size":"auto","background-attachment":"scroll","background-type":"","background-media":"","overlay-type":"","overlay-color":"","overlay-opacity":"","overlay-gradient":""},"tablet":{"background-color":"var(--ast-global-color-5)","background-image":"","background-repeat":"repeat","background-position":"center center","background-size":"auto","background-attachment":"scroll","background-type":"","background-media":"","overlay-type":"","overlay-color":"","overlay-opacity":"","overlay-gradient":""},"mobile":{"background-color":"var(--ast-global-color-5)","background-image":"","background-repeat":"repeat","background-position":"center center","background-size":"auto","background-attachment":"scroll","background-type":"","background-media":"","overlay-type":"","overlay-color":"","overlay-opacity":"","overlay-gradient":""}}},"product_brand":[],"product_cat":[15],"product_tag":[],"class_list":{"0":"post-22988","1":"product","2":"type-product","3":"status-publish","4":"has-post-thumbnail","6":"product_cat-shop","7":"desktop-align-left","8":"tablet-align-left","9":"mobile-align-left","11":"first","12":"instock","13":"taxable","14":"shipping-taxable","15":"purchasable","16":"product-type-simple"},"spectra_custom_meta":{"_visibility":["visible"],"_shopify_product_id":["4635621064843"],"_s2w_shopify_domain":["thcprotect.myshopify.com"],"_shopify_variant_id":["32762404339851"],"_sku":["THCANTITHCSPRAY"],"_regular_price":["29.90"],"_price":["29.90"],"_sale_price":[""],"_weight":["0.15"],"_thumbnail_id":["23037"],"_global_unique_id":["5056773801158"],"total_sales":["4831"],"_tax_status":["taxable"],"_tax_class":[""],"_manage_stock":["no"],"_backorders":["no"],"_sold_individually":["no"],"_virtual":["no"],"_downloadable":["no"],"_download_limit":["-1"],"_download_expiry":["-1"],"_stock":[null],"_stock_status":["instock"],"_wc_average_rating":["4.75"],"_wc_review_count":["276"],"_product_version":["10.5.1"],"_wc_rating_count":["a:3:{i:3;i:15;i:4;i:39;i:5;i:222;}"],"_edit_lock":["1771192471:1"],"_edit_last":["1"],"_wp_page_template":["default"],"site-sidebar-layout":["default"],"ast-site-content-layout":["default"],"site-content-style":["default"],"site-sidebar-style":["default"],"theme-transparent-header-meta":["default"],"merchant-center-availability":["yes"],"_upsell_ids":["a:3:{i:0;i:23013;i:1;i:23024;i:2;i:23038;}"],"_crosssell_ids":["a:3:{i:0;i:23013;i:1;i:23024;i:2;i:23038;}"],"astra-migrate-meta-layouts":["set"],"_uag_css_file_name":["uag-css-22988.css"],"_elementor_page_assets":["a:0:{}"]},"uagb_featured_image_src":{"full":["https:\/\/www.thcprotect.com\/wp-content\/uploads\/2025\/06\/THCcleaner.png",2560,2560,false],"thumbnail":["https:\/\/www.thcprotect.com\/wp-content\/uploads\/2025\/06\/THCcleaner-150x150.png",150,150,true],"medium":["https:\/\/www.thcprotect.com\/wp-content\/uploads\/2025\/06\/THCcleaner-300x300.png",300,300,true],"medium_large":["https:\/\/www.thcprotect.com\/wp-content\/uploads\/2025\/06\/THCcleaner-768x768.png",768,768,true],"large":["https:\/\/www.thcprotect.com\/wp-content\/uploads\/2025\/06\/THCcleaner-1024x1024.png",1024,1024,true],"1536x1536":["https:\/\/www.thcprotect.com\/wp-content\/uploads\/2025\/06\/THCcleaner-1536x1536.png",1536,1536,true],"2048x2048":["https:\/\/www.thcprotect.com\/wp-content\/uploads\/2025\/06\/THCcleaner-2048x2048.png",2048,2048,true],"trp-custom-language-flag":["https:\/\/www.thcprotect.com\/wp-content\/uploads\/2025\/06\/THCcleaner-12x12.png",12,12,true],"woocommerce_thumbnail":["https:\/\/www.thcprotect.com\/wp-content\/uploads\/2025\/06\/THCcleaner-300x300.png",300,300,true],"woocommerce_single":["https:\/\/www.thcprotect.com\/wp-content\/uploads\/2025\/06\/THCcleaner-600x600.png",600,600,true],"woocommerce_gallery_thumbnail":["https:\/\/www.thcprotect.com\/wp-content\/uploads\/2025\/06\/THCcleaner-100x100.png",100,100,true]},"uagb_author_info":{"display_name":"admin","author_link":"https:\/\/www.thcprotect.com\/pl\/author\/"},"uagb_comment_info":276,"uagb_excerpt":"The only anti-THC spray that guarantees 100% success. Our anti-THC spray is the only solution on the market that guarantees complete removal of THC residues from your mouth, giving you total confidence when you need it most. This is why we proudly offer a money-back guarantee, if you are not fully satisfied, we refund you.&hellip;","_links":{"self":[{"href":"https:\/\/www.thcprotect.com\/pl\/wp-json\/wp\/v2\/product\/22988","targetHints":{"allow":["GET"]}}],"collection":[{"href":"https:\/\/www.thcprotect.com\/pl\/wp-json\/wp\/v2\/product"}],"about":[{"href":"https:\/\/www.thcprotect.com\/pl\/wp-json\/wp\/v2\/types\/product"}],"replies":[{"embeddable":true,"href":"https:\/\/www.thcprotect.com\/pl\/wp-json\/wp\/v2\/comments?post=22988"}],"version-history":[{"count":9,"href":"https:\/\/www.thcprotect.com\/pl\/wp-json\/wp\/v2\/product\/22988\/revisions"}],"predecessor-version":[{"id":28795,"href":"https:\/\/www.thcprotect.com\/pl\/wp-json\/wp\/v2\/product\/22988\/revisions\/28795"}],"wp:featuredmedia":[{"embeddable":true,"href":"https:\/\/www.thcprotect.com\/pl\/wp-json\/wp\/v2\/media\/23037"}],"wp:attachment":[{"href":"https:\/\/www.thcprotect.com\/pl\/wp-json\/wp\/v2\/media?parent=22988"}],"wp:term":[{"taxonomy":"product_brand","embeddable":true,"href":"https:\/\/www.thcprotect.com\/pl\/wp-json\/wp\/v2\/product_brand?post=22988"},{"taxonomy":"product_cat","embeddable":true,"href":"https:\/\/www.thcprotect.com\/pl\/wp-json\/wp\/v2\/product_cat?post=22988"},{"taxonomy":"product_tag","embeddable":true,"href":"https:\/\/www.thcprotect.com\/pl\/wp-json\/wp\/v2\/product_tag?post=22988"}],"curies":[{"name":"wp","href":"https:\/\/api.w.org\/{rel}","templated":true}]}}