{"id":23020,"date":"2025-06-09T19:44:59","date_gmt":"2025-06-09T17:44:59","guid":{"rendered":"https:\/\/www.thcprotect.com\/products\/mango-skunk\/"},"modified":"2026-01-26T18:04:23","modified_gmt":"2026-01-26T17:04:23","slug":"mango-skunk","status":"publish","type":"product","link":"https:\/\/www.thcprotect.com\/lv\/products\/mango-skunk\/","title":{"rendered":"Mango Skunk"},"content":{"rendered":"<p><img decoding=\"async\" src=\"https:\/\/www.thcprotect.com\/wp-content\/uploads\/2025\/06\/Feedbin-Icon-check.svg_8faf4e0b-f89d-486c-aa08-b431a33525ea_icon.png?v=1541148886\" alt=\"\" width=\"18\" height=\"15\" data-mce-fragment=\"1\" \/>\u00a0\u00a0 <strong data-mce-fragment=\"1\">CBD:\u00a0<\/strong>&lt; 14%<\/p>\n<p><img decoding=\"async\" src=\"https:\/\/www.thcprotect.com\/wp-content\/uploads\/2025\/06\/Feedbin-Icon-check.svg_8faf4e0b-f89d-486c-aa08-b431a33525ea_icon.png?v=1541148886\" alt=\"\" width=\"18\" height=\"15\" data-mce-fragment=\"1\" \/>\u00a0\u00a0 <strong data-mce-fragment=\"1\">THC:<\/strong>\u00a0&lt; 0,2%<\/p>\n<p><strong><img decoding=\"async\" src=\"https:\/\/www.thcprotect.com\/wp-content\/uploads\/2025\/06\/Feedbin-Icon-check.svg_8faf4e0b-f89d-486c-aa08-b431a33525ea_icon.png?v=1541148886\" alt=\"\" width=\"18\" height=\"15\" data-mce-fragment=\"1\" \/>\u00a0\u00a0 ES \u0161\u0137irne:<\/strong>\u00a0Kompolti<\/p>\n<p><strong><img decoding=\"async\" src=\"https:\/\/www.thcprotect.com\/wp-content\/uploads\/2025\/06\/Feedbin-Icon-check.svg_8faf4e0b-f89d-486c-aa08-b431a33525ea_icon.png?v=1541148886\" alt=\"\" width=\"18\" height=\"15\" data-mce-fragment=\"1\" \/>\u00a0\u00a0 Fenotips:\u00a0<\/strong>Cannatonic x V1<strong><br \/>\n<\/strong><\/p>\n<p><strong><img decoding=\"async\" src=\"https:\/\/www.thcprotect.com\/wp-content\/uploads\/2025\/06\/Feedbin-Icon-check.svg_8faf4e0b-f89d-486c-aa08-b431a33525ea_icon.png?v=1541148886\" alt=\"\" width=\"18\" height=\"15\" data-mce-fragment=\"1\" \/>\u00a0\u00a0 Audz\u0113\u0161anas metode:\u00a0<\/strong>Siltumn\u012bca<\/p>\n<p><strong><img decoding=\"async\" src=\"https:\/\/www.thcprotect.com\/wp-content\/uploads\/2025\/06\/Feedbin-Icon-check.svg_8faf4e0b-f89d-486c-aa08-b431a33525ea_icon.png?v=1541148886\" alt=\"\" width=\"18\" height=\"15\" data-mce-fragment=\"1\" \/>\u00a0\u00a0 Apgrie\u0161anas metode: <\/strong>Ma\u0161\u012bna<\/p>\n<p><strong><img decoding=\"async\" src=\"https:\/\/www.thcprotect.com\/wp-content\/uploads\/2025\/06\/Feedbin-Icon-check.svg_8faf4e0b-f89d-486c-aa08-b431a33525ea_icon.png?v=1541148886\" alt=\"\" width=\"18\" height=\"15\" data-mce-fragment=\"1\" \/>\u00a0\u00a0 Izcelsmes apgabals:\u00a0<\/strong>Chianti - Tosk\u0101na, It\u0101lija<strong><br \/>\n<\/strong><\/p>\n<p><strong>THC Protect Rezult\u0101ts:<\/strong><\/p>\n<p>Kr\u0101sa:\u00a0 \u00a0\u00a0<img decoding=\"async\" src=\"https:\/\/www.thcprotect.com\/wp-content\/uploads\/2025\/06\/Captured_ecran2022-12-07a15.28.37_480x480.png?v=1670423597\" alt=\"\" width=\"23\" height=\"22\" data-mce-fragment=\"1\" \/><img decoding=\"async\" src=\"https:\/\/www.thcprotect.com\/wp-content\/uploads\/2025\/06\/Captured_ecran2022-12-07a15.28.37_480x480.png?v=1670423597\" alt=\"\" width=\"23\" height=\"22\" data-mce-fragment=\"1\" \/><img decoding=\"async\" src=\"https:\/\/www.thcprotect.com\/wp-content\/uploads\/2025\/06\/Captured_ecran2022-12-07a15.28.37_480x480.png?v=1670423597\" alt=\"\" width=\"23\" height=\"22\" data-mce-fragment=\"1\" \/><img decoding=\"async\" src=\"https:\/\/www.thcprotect.com\/wp-content\/uploads\/2025\/06\/Captured_ecran2022-12-07a15.28.37_480x480.png?v=1670423597\" alt=\"\" width=\"23\" height=\"22\" data-mce-fragment=\"1\" \/><img decoding=\"async\" src=\"https:\/\/www.thcprotect.com\/wp-content\/uploads\/2025\/06\/Captured_ecran2022-12-07a15.28.38_480x480.png?v=1670423602\" alt=\"\" width=\"23\" height=\"22\" data-mce-fragment=\"1\" \/><\/p>\n<p>Izm\u0113rs:\u00a0 \u00a0 \u00a0 \u00a0\u00a0<img decoding=\"async\" src=\"https:\/\/www.thcprotect.com\/wp-content\/uploads\/2025\/06\/Captured_ecran2022-12-07a15.28.37_480x480.png?v=1670423597\" alt=\"\" width=\"23\" height=\"22\" data-mce-fragment=\"1\" \/><img decoding=\"async\" src=\"https:\/\/www.thcprotect.com\/wp-content\/uploads\/2025\/06\/Captured_ecran2022-12-07a15.28.37_480x480.png?v=1670423597\" alt=\"\" width=\"23\" height=\"22\" data-mce-fragment=\"1\" \/><img decoding=\"async\" src=\"https:\/\/www.thcprotect.com\/wp-content\/uploads\/2025\/06\/Captured_ecran2022-12-07a15.28.37_480x480.png?v=1670423597\" alt=\"\" width=\"23\" height=\"22\" data-mce-fragment=\"1\" \/><img loading=\"lazy\" decoding=\"async\" src=\"https:\/\/www.thcprotect.com\/wp-content\/uploads\/2025\/06\/Captured_ecran2022-12-07a15.28.39_480x480.png?v=1670423607\" alt=\"\" width=\"23\" height=\"22\" data-mce-fragment=\"1\" \/><img loading=\"lazy\" decoding=\"async\" src=\"https:\/\/www.thcprotect.com\/wp-content\/uploads\/2025\/06\/Captured_ecran2022-12-07a15.28.39_480x480.png?v=1670423607\" alt=\"\" width=\"23\" height=\"22\" data-mce-fragment=\"1\" \/><\/p>\n<p>Pieskarieties:\u00a0 \u00a0 \u00a0<img decoding=\"async\" src=\"https:\/\/www.thcprotect.com\/wp-content\/uploads\/2025\/06\/Captured_ecran2022-12-07a15.28.37_480x480.png?v=1670423597\" alt=\"\" width=\"23\" height=\"22\" data-mce-fragment=\"1\" \/><img decoding=\"async\" src=\"https:\/\/www.thcprotect.com\/wp-content\/uploads\/2025\/06\/Captured_ecran2022-12-07a15.28.37_480x480.png?v=1670423597\" alt=\"\" width=\"23\" height=\"22\" data-mce-fragment=\"1\" \/><img decoding=\"async\" src=\"https:\/\/www.thcprotect.com\/wp-content\/uploads\/2025\/06\/Captured_ecran2022-12-07a15.28.38_480x480.png?v=1670423602\" alt=\"\" width=\"23\" height=\"22\" data-mce-fragment=\"1\" \/><img loading=\"lazy\" decoding=\"async\" src=\"https:\/\/www.thcprotect.com\/wp-content\/uploads\/2025\/06\/Captured_ecran2022-12-07a15.28.39_480x480.png?v=1670423607\" alt=\"\" width=\"23\" height=\"22\" data-mce-fragment=\"1\" \/><img loading=\"lazy\" decoding=\"async\" src=\"https:\/\/www.thcprotect.com\/wp-content\/uploads\/2025\/06\/Captured_ecran2022-12-07a15.28.39_480x480.png?v=1670423607\" alt=\"\" width=\"23\" height=\"22\" data-mce-fragment=\"1\" \/><\/p>\n<p>Apdare:\u00a0 \u00a0 \u00a0 \u00a0\u00a0<img decoding=\"async\" src=\"https:\/\/www.thcprotect.com\/wp-content\/uploads\/2025\/06\/Captured_ecran2022-12-07a15.28.37_480x480.png?v=1670423597\" alt=\"\" width=\"23\" height=\"22\" data-mce-fragment=\"1\" \/><img decoding=\"async\" src=\"https:\/\/www.thcprotect.com\/wp-content\/uploads\/2025\/06\/Captured_ecran2022-12-07a15.28.37_480x480.png?v=1670423597\" alt=\"\" width=\"23\" height=\"22\" data-mce-fragment=\"1\" \/><img decoding=\"async\" src=\"https:\/\/www.thcprotect.com\/wp-content\/uploads\/2025\/06\/Captured_ecran2022-12-07a15.28.37_480x480.png?v=1670423597\" alt=\"\" width=\"23\" height=\"22\" data-mce-fragment=\"1\" \/><img decoding=\"async\" src=\"https:\/\/www.thcprotect.com\/wp-content\/uploads\/2025\/06\/Captured_ecran2022-12-07a15.28.37_480x480.png?v=1670423597\" alt=\"\" width=\"23\" height=\"22\" data-mce-fragment=\"1\" \/><img decoding=\"async\" src=\"https:\/\/www.thcprotect.com\/wp-content\/uploads\/2025\/06\/Captured_ecran2022-12-07a15.28.38_480x480.png?v=1670423602\" alt=\"\" width=\"23\" height=\"22\" data-mce-fragment=\"1\" \/><\/p>\n<p>Arom\u0101ts:\u00a0 \u00a0 \u00a0\u00a0<img decoding=\"async\" src=\"https:\/\/www.thcprotect.com\/wp-content\/uploads\/2025\/06\/Captured_ecran2022-12-07a15.28.37_480x480.png?v=1670423597\" alt=\"\" width=\"23\" height=\"22\" data-mce-fragment=\"1\" \/><img decoding=\"async\" src=\"https:\/\/www.thcprotect.com\/wp-content\/uploads\/2025\/06\/Captured_ecran2022-12-07a15.28.37_480x480.png?v=1670423597\" alt=\"\" width=\"23\" height=\"22\" data-mce-fragment=\"1\" \/><img decoding=\"async\" src=\"https:\/\/www.thcprotect.com\/wp-content\/uploads\/2025\/06\/Captured_ecran2022-12-07a15.28.37_480x480.png?v=1670423597\" alt=\"\" width=\"23\" height=\"22\" data-mce-fragment=\"1\" \/><img loading=\"lazy\" decoding=\"async\" src=\"https:\/\/www.thcprotect.com\/wp-content\/uploads\/2025\/06\/Captured_ecran2022-12-07a15.28.39_480x480.png?v=1670423607\" alt=\"\" width=\"23\" height=\"22\" data-mce-fragment=\"1\" \/><img loading=\"lazy\" decoding=\"async\" src=\"https:\/\/www.thcprotect.com\/wp-content\/uploads\/2025\/06\/Captured_ecran2022-12-07a15.28.39_480x480.png?v=1670423607\" alt=\"\" width=\"23\" height=\"22\" data-mce-fragment=\"1\" \/><\/p>","protected":false},"excerpt":{"rendered":"<p>\u00a0\u00a0 CBD: ES \u0161\u0137irne: &lt; 14% THC: &lt; 0,2% ES \u0161\u0137irne: Fenotips: Kompolti: Cannatonic x V1 Audz\u0113\u0161anas metode: Apgrie\u0161anas metode: siltumn\u012bca Apgrie\u0161anas metode: Izcelsmes apgabals: Kianti - Tosk\u0101na, It\u0101lija THC Protect Punktu skaits: THC Protect Punktu skaits: THC Protect Kr\u0101sa: Izm\u0113rs:         Piesk\u0101riens:      Apdare:         Smar\u017ea: smar\u017ea: smar\u017ea: smar\u017ea: smar\u017ea: smar\u017ea: smar\u017ea: smar\u017ea:\u00a0 \u00a0 \u00a0\u00a0<\/p>","protected":false},"featured_media":23096,"comment_status":"open","ping_status":"closed","template":"","meta":{"_uag_custom_page_level_css":"","site-sidebar-layout":"default","site-content-layout":"","ast-site-content-layout":"default","site-content-style":"default","site-sidebar-style":"default","ast-global-header-display":"","ast-banner-title-visibility":"","ast-main-header-display":"","ast-hfb-above-header-display":"","ast-hfb-below-header-display":"","ast-hfb-mobile-header-display":"","site-post-title":"","ast-breadcrumbs-content":"","ast-featured-img":"","footer-sml-layout":"","ast-disable-related-posts":"","theme-transparent-header-meta":"default","adv-header-id-meta":"","stick-header-meta":"","header-above-stick-meta":"","header-main-stick-meta":"","header-below-stick-meta":"","astra-migrate-meta-layouts":"set","ast-page-background-enabled":"default","ast-page-background-meta":{"desktop":{"background-color":"var(--ast-global-color-4)","background-image":"","background-repeat":"repeat","background-position":"center center","background-size":"auto","background-attachment":"scroll","background-type":"","background-media":"","overlay-type":"","overlay-color":"","overlay-opacity":"","overlay-gradient":""},"tablet":{"background-color":"","background-image":"","background-repeat":"repeat","background-position":"center center","background-size":"auto","background-attachment":"scroll","background-type":"","background-media":"","overlay-type":"","overlay-color":"","overlay-opacity":"","overlay-gradient":""},"mobile":{"background-color":"","background-image":"","background-repeat":"repeat","background-position":"center center","background-size":"auto","background-attachment":"scroll","background-type":"","background-media":"","overlay-type":"","overlay-color":"","overlay-opacity":"","overlay-gradient":""}},"ast-content-background-meta":{"desktop":{"background-color":"var(--ast-global-color-5)","background-image":"","background-repeat":"repeat","background-position":"center center","background-size":"auto","background-attachment":"scroll","background-type":"","background-media":"","overlay-type":"","overlay-color":"","overlay-opacity":"","overlay-gradient":""},"tablet":{"background-color":"var(--ast-global-color-5)","background-image":"","background-repeat":"repeat","background-position":"center center","background-size":"auto","background-attachment":"scroll","background-type":"","background-media":"","overlay-type":"","overlay-color":"","overlay-opacity":"","overlay-gradient":""},"mobile":{"background-color":"var(--ast-global-color-5)","background-image":"","background-repeat":"repeat","background-position":"center center","background-size":"auto","background-attachment":"scroll","background-type":"","background-media":"","overlay-type":"","overlay-color":"","overlay-opacity":"","overlay-gradient":""}}},"product_brand":[],"product_cat":[15],"product_tag":[],"class_list":{"0":"post-23020","1":"product","2":"type-product","3":"status-publish","4":"has-post-thumbnail","6":"product_cat-shop","7":"desktop-align-left","8":"tablet-align-left","9":"mobile-align-left","11":"first","12":"instock","13":"taxable","14":"shipping-taxable","15":"purchasable","16":"product-type-variable","17":"has-default-attributes"},"spectra_custom_meta":{"_visibility":["visible"],"_shopify_product_id":["8095378211123"],"_s2w_shopify_domain":["thcprotect.myshopify.com"],"_shopify_variant_id":["44351493112115"],"_sku":["8095378211123"],"_manage_stock":["no"],"total_sales":["8"],"_tax_status":["taxable"],"_tax_class":[""],"_backorders":["no"],"_sold_individually":["no"],"_virtual":["no"],"_downloadable":["no"],"_download_limit":["-1"],"_download_expiry":["-1"],"_stock":[null],"_stock_status":["instock"],"_wc_average_rating":["4.96"],"_wc_review_count":["77"],"_product_attributes":["a:1:{s:4:\"size\";a:6:{s:4:\"name\";s:4:\"Size\";s:5:\"value\";s:17:\"1 gram | 10 grams\";s:8:\"position\";i:1;s:10:\"is_visible\";i:0;s:12:\"is_variation\";i:1;s:11:\"is_taxonomy\";i:0;}}"],"_product_version":["10.4.3"],"_thumbnail_id":["23096"],"_wc_rating_count":["a:2:{i:4;i:3;i:5;i:74;}"],"_edit_lock":["1769446937:1"],"_default_attributes":["a:1:{s:4:\"size\";s:6:\"1 gram\";}"],"_price":["6.60","66.00"],"_edit_last":["1"],"_wp_page_template":["default"],"site-sidebar-layout":["default"],"ast-site-content-layout":["default"],"site-content-style":["default"],"site-sidebar-style":["default"],"theme-transparent-header-meta":["default"],"astra-migrate-meta-layouts":["set"],"_uag_css_file_name":["uag-css-23020.css"],"_elementor_page_assets":["a:0:{}"]},"uagb_featured_image_src":{"full":["https:\/\/www.thcprotect.com\/wp-content\/uploads\/2025\/06\/Mango-Skunk_PSDMockUp_withXts.png",2560,1781,false],"thumbnail":["https:\/\/www.thcprotect.com\/wp-content\/uploads\/2025\/06\/Mango-Skunk_PSDMockUp_withXts-150x150.png",150,150,true],"medium":["https:\/\/www.thcprotect.com\/wp-content\/uploads\/2025\/06\/Mango-Skunk_PSDMockUp_withXts-300x209.png",300,209,true],"medium_large":["https:\/\/www.thcprotect.com\/wp-content\/uploads\/2025\/06\/Mango-Skunk_PSDMockUp_withXts-768x534.png",768,534,true],"large":["https:\/\/www.thcprotect.com\/wp-content\/uploads\/2025\/06\/Mango-Skunk_PSDMockUp_withXts-1024x712.png",1024,712,true],"1536x1536":["https:\/\/www.thcprotect.com\/wp-content\/uploads\/2025\/06\/Mango-Skunk_PSDMockUp_withXts-1536x1069.png",1536,1069,true],"2048x2048":["https:\/\/www.thcprotect.com\/wp-content\/uploads\/2025\/06\/Mango-Skunk_PSDMockUp_withXts-2048x1425.png",2048,1425,true],"trp-custom-language-flag":["https:\/\/www.thcprotect.com\/wp-content\/uploads\/2025\/06\/Mango-Skunk_PSDMockUp_withXts-18x12.png",18,12,true],"woocommerce_thumbnail":["https:\/\/www.thcprotect.com\/wp-content\/uploads\/2025\/06\/Mango-Skunk_PSDMockUp_withXts-300x300.png",300,300,true],"woocommerce_single":["https:\/\/www.thcprotect.com\/wp-content\/uploads\/2025\/06\/Mango-Skunk_PSDMockUp_withXts-600x417.png",600,417,true],"woocommerce_gallery_thumbnail":["https:\/\/www.thcprotect.com\/wp-content\/uploads\/2025\/06\/Mango-Skunk_PSDMockUp_withXts-100x100.png",100,100,true]},"uagb_author_info":{"display_name":"admin","author_link":"https:\/\/www.thcprotect.com\/lv\/author\/"},"uagb_comment_info":77,"uagb_excerpt":"\u00a0\u00a0 CBD:\u00a0&lt; 14% \u00a0\u00a0 THC:\u00a0&lt; 0.2% \u00a0\u00a0 EU variety:\u00a0Kompolti \u00a0\u00a0 Phenotype:\u00a0Cannatonic x V1 \u00a0\u00a0 Growing method:\u00a0Glasshouse \u00a0\u00a0 Trimming method: Machine \u00a0\u00a0 Area of origin:\u00a0Chianti \u2013 Tuscany, Italy THC Protect Score: Colour:\u00a0 \u00a0\u00a0 Size:\u00a0 \u00a0 \u00a0 \u00a0\u00a0 Touch:\u00a0 \u00a0 \u00a0 Trim:\u00a0 \u00a0 \u00a0 \u00a0\u00a0 Scent:\u00a0 \u00a0 \u00a0\u00a0","_links":{"self":[{"href":"https:\/\/www.thcprotect.com\/lv\/wp-json\/wp\/v2\/product\/23020","targetHints":{"allow":["GET"]}}],"collection":[{"href":"https:\/\/www.thcprotect.com\/lv\/wp-json\/wp\/v2\/product"}],"about":[{"href":"https:\/\/www.thcprotect.com\/lv\/wp-json\/wp\/v2\/types\/product"}],"replies":[{"embeddable":true,"href":"https:\/\/www.thcprotect.com\/lv\/wp-json\/wp\/v2\/comments?post=23020"}],"version-history":[{"count":5,"href":"https:\/\/www.thcprotect.com\/lv\/wp-json\/wp\/v2\/product\/23020\/revisions"}],"predecessor-version":[{"id":28216,"href":"https:\/\/www.thcprotect.com\/lv\/wp-json\/wp\/v2\/product\/23020\/revisions\/28216"}],"wp:featuredmedia":[{"embeddable":true,"href":"https:\/\/www.thcprotect.com\/lv\/wp-json\/wp\/v2\/media\/23096"}],"wp:attachment":[{"href":"https:\/\/www.thcprotect.com\/lv\/wp-json\/wp\/v2\/media?parent=23020"}],"wp:term":[{"taxonomy":"product_brand","embeddable":true,"href":"https:\/\/www.thcprotect.com\/lv\/wp-json\/wp\/v2\/product_brand?post=23020"},{"taxonomy":"product_cat","embeddable":true,"href":"https:\/\/www.thcprotect.com\/lv\/wp-json\/wp\/v2\/product_cat?post=23020"},{"taxonomy":"product_tag","embeddable":true,"href":"https:\/\/www.thcprotect.com\/lv\/wp-json\/wp\/v2\/product_tag?post=23020"}],"curies":[{"name":"wp","href":"https:\/\/api.w.org\/{rel}","templated":true}]}}