{"id":22988,"date":"2025-06-09T19:44:43","date_gmt":"2025-06-09T17:44:43","guid":{"rendered":"https:\/\/www.thcprotect.com\/products\/thc-spray\/"},"modified":"2026-02-15T22:56:52","modified_gmt":"2026-02-15T21:56:52","slug":"thc-spray","status":"publish","type":"product","link":"https:\/\/www.thcprotect.com\/lv\/products\/thc-spray\/","title":{"rendered":"Anti-THC sprejs (Kleaner)"},"content":{"rendered":"<p><strong><img decoding=\"async\" style=\"margin-right: 12px;\" src=\"https:\/\/www.thcprotect.com\/wp-content\/uploads\/2026\/02\/Check.svg\" alt=\"\" width=\"18\" height=\"15\" \/>Vien\u012bgais anti-THC aerosols, kas garant\u0113 100% pan\u0101kumus.<\/strong> M\u016bsu aerosols pret THC ir vien\u012bgais tirg\u016b pieejamais l\u012bdzeklis, kas garant\u0113 piln\u012bgu THC atlieku no\u0146em\u0161anu no mutes dobuma, sniedzot piln\u012bgu p\u0101rliec\u012bbu, kad tas ir visvair\u0101k nepiecie\u0161ams. T\u0101p\u0113c m\u0113s ar lepnumu pied\u0101v\u0101jam naudas atmaksas garantiju - ja neesat piln\u012bb\u0101 apmierin\u0101ts, m\u0113s atgrie\u017eam naudu. Nek\u0101du kompromisu, nek\u0101du neskaidr\u012bbu, tikai garant\u0113ti rezult\u0101ti.<\/p>\n<p><strong><img decoding=\"async\" style=\"margin-right: 12px;\" src=\"https:\/\/www.thcprotect.com\/wp-content\/uploads\/2026\/02\/Check.svg\" alt=\"\" width=\"18\" height=\"15\" \/>T\u016bl\u012bt\u0113ja iedarb\u012bba ar aizsardz\u012bbu l\u012bdz pat 6 stund\u0101m.<\/strong> Aerosols iedarbojas uzreiz p\u0113c lieto\u0161anas, da\u017eu sekun\u017eu laik\u0101 likvid\u0113jot THC p\u0113das un atliku\u0161os toks\u012bnus no mutes dobuma. T\u0101 ilgsto\u0161\u0101 iedarb\u012bba nodro\u0161ina aizsardz\u012bbu l\u012bdz pat 6 stund\u0101m, nodro\u0161inot ilgsto\u0161u p\u0101rliec\u012bbu un mieru.<\/p>\n<p><strong><img decoding=\"async\" style=\"margin-right: 12px;\" src=\"https:\/\/www.thcprotect.com\/wp-content\/uploads\/2026\/02\/Check.svg\" alt=\"\" width=\"18\" height=\"15\" \/>Visefekt\u012bv\u0101kais pieejamais peror\u0101lais detoksik\u0101cijas aerosols.<\/strong> Pateicoties inovat\u012bvai un r\u016bp\u012bgi izstr\u0101d\u0101tajai formulai, \u0161is aerosols pret THC neitraliz\u0113 un izvada nev\u0113lam\u0101s vielas tie\u0161i no mutes dobuma. Tas nodro\u0161ina \u0101trus, uzticamus un stabilus rezult\u0101tus, p\u0101rsp\u0113jot citus mutes dobuma t\u012br\u012b\u0161anas l\u012bdzek\u013cus.<\/p>\n<p><strong><img decoding=\"async\" style=\"margin-right: 12px;\" src=\"https:\/\/www.thcprotect.com\/wp-content\/uploads\/2026\/02\/Check.svg\" alt=\"\" width=\"18\" height=\"15\" \/>Nep\u0101rsp\u0113jama cena.<\/strong> M\u0113s pied\u0101v\u0101jam augst\u0101k\u0101s kvalit\u0101tes produktus par viskonkur\u0113tsp\u0113j\u012bg\u0101ko cenu tirg\u016b. J\u016bs g\u016bsiet labumu no maksim\u0101las efektivit\u0101tes un garant\u0113tas veiktsp\u0113jas, nemaks\u0101jot paaugstin\u0101tas cenas. Lab\u0101kajai aizsardz\u012bbai nav j\u0101maks\u0101 d\u0101rg\u0101k.<\/p>\n<p><strong><img decoding=\"async\" style=\"margin-right: 12px;\" src=\"https:\/\/www.thcprotect.com\/wp-content\/uploads\/2026\/02\/Check.svg\" alt=\"\" width=\"18\" height=\"15\" \/>Naudas atmaksas garantija piln\u012bgai p\u0101rliec\u012bbai.<\/strong> M\u0113s piln\u012bb\u0101 atbalst\u0101m m\u016bsu aerosola pret THC efektivit\u0101ti. Ja k\u0101da iemesla d\u0113\u013c j\u016bs neb\u016bsiet apmierin\u0101ts, m\u0113s atmaks\u0101sim naudu par pirkumu. J\u016bsu apmierin\u0101t\u012bba ir garant\u0113ta, un j\u016bsu pirkums ir piln\u012bgi bez riska.<\/p>\n<p><strong><img decoding=\"async\" style=\"margin-right: 12px;\" src=\"https:\/\/www.thcprotect.com\/wp-content\/uploads\/2026\/02\/Check.svg\" alt=\"\" width=\"18\" height=\"15\" \/>\u0100tra pieg\u0101de 24 stundas diennakt\u012b steidzamiem gad\u012bjumiem.<\/strong> M\u0113s vienm\u0113r nodro\u0161in\u0101m pieg\u0101di 24 stundas diennakt\u012b, t\u0101d\u0113j\u0101di garant\u0113jot, ka produktu sa\u0146emat \u0101tri un diskr\u0113ti. Kad laiks ir svar\u012bgs, varat pa\u013cauties uz \u0101tru un uzticamu pieg\u0101di.<\/p>\n<p><strong><img decoding=\"async\" style=\"margin-right: 12px;\" src=\"https:\/\/www.thcprotect.com\/wp-content\/uploads\/2026\/02\/Check.svg\" alt=\"\" width=\"18\" height=\"15\" \/>Nesatur alkoholu un ir saudz\u012bgs pret mutes dobumu.<\/strong> M\u016bsu sast\u0101v\u0101 nav alkohola, kas noz\u012bm\u0113, ka tas saudz\u0113 j\u016bsu dabisko mutes dobuma floru un neiz\u017e\u0101v\u0113 muti. At\u0161\u0137ir\u012bb\u0101 no skarbaj\u0101m alternat\u012bv\u0101m t\u0101 neatst\u0101j dedzin\u0101\u0161anas saj\u016btu un nepat\u012bkamu p\u0113cgar\u0161u.<\/p>\n<p><strong><img decoding=\"async\" style=\"margin-right: 12px;\" src=\"https:\/\/www.thcprotect.com\/wp-content\/uploads\/2026\/02\/Check.svg\" alt=\"\" width=\"18\" height=\"15\" \/>100% organiskas un izgatavotas no dab\u012bg\u0101m sast\u0101vda\u013c\u0101m.<\/strong> \u0160is aerosols sast\u0101v tikai no dab\u012bg\u0101m, organisk\u0101m sast\u0101vda\u013c\u0101m bez \u0137\u012bmisk\u0101m piedev\u0101m. Tas aizsarg\u0101 j\u016bsu vesel\u012bbu un vienlaikus saudz\u0113 vidi, padarot to par atbild\u012bgu un dro\u0161u izv\u0113li.<\/p>\n<p><strong><img decoding=\"async\" style=\"margin-right: 12px;\" src=\"https:\/\/www.thcprotect.com\/wp-content\/uploads\/2026\/02\/Check.svg\" alt=\"\" width=\"18\" height=\"15\" \/>Dro\u0161s un bez blakuspar\u0101d\u012bb\u0101m.<\/strong> R\u016bp\u012bgi izstr\u0101d\u0101ts visiem lietot\u0101jiem, m\u016bsu anti-THC aerosols ir dro\u0161s gan regul\u0101rai, gan neregul\u0101rai lieto\u0161anai. Tas nerada kairin\u0101jumu, diskomfortu vai mutes dobuma jut\u012bgumu, \u013caujot jums to lietot piln\u012bgi mier\u012bgi.<\/p>\n<p><strong><img decoding=\"async\" style=\"margin-right: 12px;\" src=\"https:\/\/www.thcprotect.com\/wp-content\/uploads\/2026\/02\/Check.svg\" alt=\"\" width=\"18\" height=\"15\" \/>Diskr\u0113ts, \u0113rts un viegli p\u0101rn\u0113s\u0101jams.<\/strong> Kompakt\u0101 izsmidzin\u0101t\u0101ja pudel\u012bte viegli ietilpst kabat\u0101 vai som\u0101, t\u0101p\u0113c t\u0101 ir ide\u0101li piem\u0113rota diskr\u0113tai lieto\u0161anai, kad vien nepiecie\u0161ams. T\u0101s praktiskais form\u0101ts nodro\u0161ina \u0101tru lieto\u0161anu, nepiev\u0113r\u0161ot uzman\u012bbu.<\/p>\n<h2><strong>Lieto\u0161anas instrukcijas<\/strong><\/h2>\n<ol>\n<li><strong>Anti-THC aerosola pagatavo\u0161ana:<\/strong> Pirms katras lieto\u0161anas reizes p\u0101rliecinieties, ka aerosols ir istabas temperat\u016br\u0101, lai lieto\u0161anas laik\u0101 b\u016btu \u0113rt\u0101k. Ja produkts ir bijis pak\u013cauts ekstr\u0113m\u0101m temperat\u016br\u0101m (\u013coti karsts vai \u013coti auksts), \u013caujiet tam da\u017eas min\u016btes nostabiliz\u0113ties. Pirms v\u0101ci\u0146a no\u0146em\u0161anas p\u0101rbaudiet ar\u012b, vai pudel\u012bte ir pareizi aizv\u0113rta.<\/li>\n<li><strong>No\u0146emiet v\u0101ci\u0146u:<\/strong> Vispirms uzman\u012bgi no\u0146emiet aizsargv\u0101ci\u0146u no aerosola. \u0160is v\u0101ci\u0146\u0161 nodro\u0161ina, ka sprausla paliek t\u012bra un gatava lieto\u0161anai. P\u0113c no\u0146em\u0161anas p\u0101rliecinieties, ka sprausla ir t\u012bra. Ja nepiecie\u0161ams, noslaukiet to ar t\u012bru dr\u0101nu, lai no\u0146emtu putek\u013cus vai piemais\u012bjumus.<\/li>\n<li><strong>Sagatavo\u0161ana:<\/strong> Lai labi redz\u0113tu mutes iek\u0161pusi, nost\u0101jieties spogu\u013ca priek\u0161\u0101, kas pal\u012bdz\u0113s jums prec\u012bzi izsmidzin\u0101t. Pla\u0161i atveriet muti, lai atvieglotu anti-THC aerosola lieto\u0161anu. Ieteicams atrasties klus\u0101 vid\u0113, lai lieto\u0161anas laik\u0101 izvair\u012btos no kust\u012bb\u0101m, t\u0101d\u0113j\u0101di nodro\u0161inot lab\u0101ku efektivit\u0101ti.<\/li>\n<li><strong>Uzkl\u0101jiet produktu mut\u0113:<\/strong> Turiet pudel\u012bti da\u017eus centimetrus no mutes, virzot sprauslu uz noteikt\u0101m viet\u0101m. P\u0113c vajadz\u012bbas izsmidziniet l\u012bdzekli tie\u0161i mut\u0113 ar 3 l\u012bdz 4 izsmidzin\u0101jumiem. P\u0101rliecinieties, ka pret THC v\u0113rstais aerosols ir vienm\u0113r\u012bgi izklied\u0113ts vair\u0101k\u0101s viet\u0101s, jo tas uzlabo t\u0101 efektivit\u0101ti.<\/li>\n<li><strong>Galven\u0101s m\u0113r\u0137a jomas:<\/strong> Lai nodro\u0161in\u0101tu maksim\u0101lu efektivit\u0101ti, ir svar\u012bgi izsmidzin\u0101t l\u012bdzekli uz vaigu iek\u0161\u0113j\u0101m sieni\u0146\u0101m, k\u0101 ar\u012b uz un zem m\u0113les. \u0160\u012bs vietas ir \u013coti svar\u012bgas, jo t\u0101s \u0101tri uzs\u016bc l\u012bdzekli un nodro\u0161ina t\u016bl\u012bt\u0113ju iedarb\u012bbu. Turkl\u0101t neaizmirstiet uzsmidzin\u0101t aerosolu uz mutes jumta, kas bie\u017ei tiek aizmirsts, bet ir \u013coti svar\u012bgs, lai maksim\u0101li palielin\u0101tu prett\u016bskas aerosola iedarb\u012bbu.<\/li>\n<li><strong>\u013baujiet produktam cirkul\u0113t mut\u0113:<\/strong> P\u0113c l\u012bdzek\u013ca izsmidzin\u0101\u0161anas uzreiz neaizveriet muti un nenogremd\u0113jiet to. \u013baujiet tam cirkul\u0113t apm\u0113ram 5 l\u012bdz 15 sekundes. \u0160is laiks ir \u013coti svar\u012bgs, lai l\u012bdzeklis labi ies\u016bktos vis\u0101s mutes g\u013cot\u0101d\u0101s. \u0160aj\u0101 laik\u0101 izvairieties no dzer\u0161anas vai \u0113\u0161anas, lai neat\u0161\u0137aid\u012btu prets\u0101pju aerosola efektivit\u0101ti.<\/li>\n<li><strong>Lieto\u0161anas bie\u017eums:<\/strong> \u0160is aerosols pret THC ir paredz\u0113ts t\u016bl\u012bt\u0113jai iedarb\u012bbai, ta\u010du t\u0101 iedarb\u012bba izz\u016bd p\u0113c 6 stund\u0101m. Varat lietot atk\u0101rtoti p\u0113c vajadz\u012bbas, neradot blakuspar\u0101d\u012bbu risku. Tom\u0113r nep\u0101rsniedziet 3 l\u012bdz 4 lieto\u0161anas reizes dien\u0101.<\/li>\n<li><strong>Produkta uzglab\u0101\u0161ana:<\/strong> P\u0113c lieto\u0161anas uzman\u012bgi uzlieciet uz pudeles v\u0101ci\u0146u, lai pasarg\u0101tu sprauslu no net\u012brumiem un putek\u013ciem. Lai saglab\u0101tu produkta akt\u012bvo sast\u0101vda\u013cu integrit\u0101ti, pudel\u012bti uzglab\u0101jiet v\u0113s\u0101, saus\u0101 viet\u0101, prom no tie\u0161iem saules stariem.<\/li>\n<li><strong>Papildu piesardz\u012bbas pas\u0101kumi:<\/strong> Nenorijiet lielu produkta daudzumu. Ja tas notiek nejau\u0161i, konsult\u0113jieties ar vesel\u012bbas apr\u016bpes speci\u0101listu. Izvair\u012bties no saskares ar ac\u012bm. Saskares gad\u012bjum\u0101 nekav\u0113joties izskalot ar \u016bdeni. Glab\u0101t b\u0113rniem nepieejam\u0101 viet\u0101.<\/li>\n<\/ol>\n<h2><strong>Uzglab\u0101\u0161anas apst\u0101k\u013ci<\/strong><\/h2>\n<ul>\n<li><strong>Uzglab\u0101\u0161anas temperat\u016bra:<\/strong> P\u0101rliecinieties, ka aerosols pret THC tiek uzglab\u0101ts vid\u0113, kuras temperat\u016bra ir no 0\u00b0C l\u012bdz 30\u00b0C, t. i., no 32\u00b0F l\u012bdz 86\u00b0F. Ir svar\u012bgi uzglab\u0101t produktu \u0161aj\u0101 temperat\u016bras diapazon\u0101, lai saglab\u0101tu dab\u012bgo sast\u0101vda\u013cu akt\u012bv\u0101s \u012bpa\u0161\u012bbas un nodro\u0161in\u0101tu optim\u0101lu iedarb\u012bbu katras lieto\u0161anas reizes.<\/li>\n<li><strong>Aizsardz\u012bba:<\/strong> Pudele j\u0101glab\u0101 dro\u0161\u0101 viet\u0101, lai uz t\u0101s nenon\u0101ktu tie\u0161a saules gaisma. Ilgsto\u0161a UV staru iedarb\u012bba var main\u012bt formulu un samazin\u0101t t\u0101s efektivit\u0101ti. Lai sasniegtu vislab\u0101kos rezult\u0101tus, kad pudel\u012bte netiek lietota, to uzglab\u0101jiet tum\u0161\u0101 viet\u0101, piem\u0113ram, atvilktn\u0113 vai skap\u012b.<\/li>\n<li><strong>Der\u012bguma termi\u0146\u0161:<\/strong> Aerosola pret THC, kas paz\u012bstams ar\u012b k\u0101 Kleaner, der\u012bguma termi\u0146\u0161 ir divi gadi no izgatavo\u0161anas datuma. \u0160is ilgais der\u012bguma termi\u0146\u0161 ir garant\u0113ts, ja vien produkts tiek uzglab\u0101ts piem\u0113rotos apst\u0101k\u013cos un pudele ir cie\u0161i aizv\u0113rta, kad to nelieto.<\/li>\n<li><strong>Der\u012bguma termi\u0146\u0161:<\/strong> J\u016bsu dro\u0161\u012bbai un lai nodro\u0161in\u0101tu produkta efektivit\u0101ti, pirms lieto\u0161anas vienm\u0113r p\u0101rbaudiet der\u012bguma termi\u0146u, kas nor\u0101d\u012bts uz pudeles. Ieteicams nelietot produktu p\u0113c \u0161\u012b datuma, jo \u0137\u012bmiskais sast\u0101vs var vairs nenodro\u0161in\u0101t optim\u0101lu THC atlieku no\u0146em\u0161anu.<\/li>\n<\/ul>","protected":false},"excerpt":{"rendered":"<p>The only anti-THC spray that guarantees 100% success. Our anti-THC spray is the only solution on the market that guarantees complete removal of THC residues from your mouth, giving you total confidence when you need it most. This is why we proudly offer a money-back guarantee, if you are not fully satisfied, we refund you. [&hellip;]<\/p>\n","protected":false},"featured_media":23037,"comment_status":"open","ping_status":"closed","template":"","meta":{"_uag_custom_page_level_css":"","site-sidebar-layout":"default","site-content-layout":"","ast-site-content-layout":"default","site-content-style":"default","site-sidebar-style":"default","ast-global-header-display":"","ast-banner-title-visibility":"","ast-main-header-display":"","ast-hfb-above-header-display":"","ast-hfb-below-header-display":"","ast-hfb-mobile-header-display":"","site-post-title":"","ast-breadcrumbs-content":"","ast-featured-img":"","footer-sml-layout":"","ast-disable-related-posts":"","theme-transparent-header-meta":"default","adv-header-id-meta":"","stick-header-meta":"","header-above-stick-meta":"","header-main-stick-meta":"","header-below-stick-meta":"","astra-migrate-meta-layouts":"set","ast-page-background-enabled":"default","ast-page-background-meta":{"desktop":{"background-color":"var(--ast-global-color-4)","background-image":"","background-repeat":"repeat","background-position":"center center","background-size":"auto","background-attachment":"scroll","background-type":"","background-media":"","overlay-type":"","overlay-color":"","overlay-opacity":"","overlay-gradient":""},"tablet":{"background-color":"","background-image":"","background-repeat":"repeat","background-position":"center center","background-size":"auto","background-attachment":"scroll","background-type":"","background-media":"","overlay-type":"","overlay-color":"","overlay-opacity":"","overlay-gradient":""},"mobile":{"background-color":"","background-image":"","background-repeat":"repeat","background-position":"center center","background-size":"auto","background-attachment":"scroll","background-type":"","background-media":"","overlay-type":"","overlay-color":"","overlay-opacity":"","overlay-gradient":""}},"ast-content-background-meta":{"desktop":{"background-color":"var(--ast-global-color-5)","background-image":"","background-repeat":"repeat","background-position":"center center","background-size":"auto","background-attachment":"scroll","background-type":"","background-media":"","overlay-type":"","overlay-color":"","overlay-opacity":"","overlay-gradient":""},"tablet":{"background-color":"var(--ast-global-color-5)","background-image":"","background-repeat":"repeat","background-position":"center center","background-size":"auto","background-attachment":"scroll","background-type":"","background-media":"","overlay-type":"","overlay-color":"","overlay-opacity":"","overlay-gradient":""},"mobile":{"background-color":"var(--ast-global-color-5)","background-image":"","background-repeat":"repeat","background-position":"center center","background-size":"auto","background-attachment":"scroll","background-type":"","background-media":"","overlay-type":"","overlay-color":"","overlay-opacity":"","overlay-gradient":""}}},"product_brand":[],"product_cat":[15],"product_tag":[],"class_list":{"0":"post-22988","1":"product","2":"type-product","3":"status-publish","4":"has-post-thumbnail","6":"product_cat-shop","7":"desktop-align-left","8":"tablet-align-left","9":"mobile-align-left","11":"first","12":"instock","13":"taxable","14":"shipping-taxable","15":"purchasable","16":"product-type-simple"},"spectra_custom_meta":{"_visibility":["visible"],"_shopify_product_id":["4635621064843"],"_s2w_shopify_domain":["thcprotect.myshopify.com"],"_shopify_variant_id":["32762404339851"],"_sku":["THCANTITHCSPRAY"],"_regular_price":["29.90"],"_price":["29.90"],"_sale_price":[""],"_weight":["0.15"],"_thumbnail_id":["23037"],"_global_unique_id":["5056773801158"],"total_sales":["4831"],"_tax_status":["taxable"],"_tax_class":[""],"_manage_stock":["no"],"_backorders":["no"],"_sold_individually":["no"],"_virtual":["no"],"_downloadable":["no"],"_download_limit":["-1"],"_download_expiry":["-1"],"_stock":[null],"_stock_status":["instock"],"_wc_average_rating":["4.75"],"_wc_review_count":["276"],"_product_version":["10.5.1"],"_wc_rating_count":["a:3:{i:3;i:15;i:4;i:39;i:5;i:222;}"],"_edit_lock":["1771192471:1"],"_edit_last":["1"],"_wp_page_template":["default"],"site-sidebar-layout":["default"],"ast-site-content-layout":["default"],"site-content-style":["default"],"site-sidebar-style":["default"],"theme-transparent-header-meta":["default"],"merchant-center-availability":["yes"],"_upsell_ids":["a:3:{i:0;i:23013;i:1;i:23024;i:2;i:23038;}"],"_crosssell_ids":["a:3:{i:0;i:23013;i:1;i:23024;i:2;i:23038;}"],"astra-migrate-meta-layouts":["set"],"_uag_css_file_name":["uag-css-22988.css"],"_elementor_page_assets":["a:0:{}"]},"uagb_featured_image_src":{"full":["https:\/\/www.thcprotect.com\/wp-content\/uploads\/2025\/06\/THCcleaner.png",2560,2560,false],"thumbnail":["https:\/\/www.thcprotect.com\/wp-content\/uploads\/2025\/06\/THCcleaner-150x150.png",150,150,true],"medium":["https:\/\/www.thcprotect.com\/wp-content\/uploads\/2025\/06\/THCcleaner-300x300.png",300,300,true],"medium_large":["https:\/\/www.thcprotect.com\/wp-content\/uploads\/2025\/06\/THCcleaner-768x768.png",768,768,true],"large":["https:\/\/www.thcprotect.com\/wp-content\/uploads\/2025\/06\/THCcleaner-1024x1024.png",1024,1024,true],"1536x1536":["https:\/\/www.thcprotect.com\/wp-content\/uploads\/2025\/06\/THCcleaner-1536x1536.png",1536,1536,true],"2048x2048":["https:\/\/www.thcprotect.com\/wp-content\/uploads\/2025\/06\/THCcleaner-2048x2048.png",2048,2048,true],"trp-custom-language-flag":["https:\/\/www.thcprotect.com\/wp-content\/uploads\/2025\/06\/THCcleaner-12x12.png",12,12,true],"woocommerce_thumbnail":["https:\/\/www.thcprotect.com\/wp-content\/uploads\/2025\/06\/THCcleaner-300x300.png",300,300,true],"woocommerce_single":["https:\/\/www.thcprotect.com\/wp-content\/uploads\/2025\/06\/THCcleaner-600x600.png",600,600,true],"woocommerce_gallery_thumbnail":["https:\/\/www.thcprotect.com\/wp-content\/uploads\/2025\/06\/THCcleaner-100x100.png",100,100,true]},"uagb_author_info":{"display_name":"admin","author_link":"https:\/\/www.thcprotect.com\/lv\/author\/"},"uagb_comment_info":276,"uagb_excerpt":"The only anti-THC spray that guarantees 100% success. Our anti-THC spray is the only solution on the market that guarantees complete removal of THC residues from your mouth, giving you total confidence when you need it most. This is why we proudly offer a money-back guarantee, if you are not fully satisfied, we refund you.&hellip;","_links":{"self":[{"href":"https:\/\/www.thcprotect.com\/lv\/wp-json\/wp\/v2\/product\/22988","targetHints":{"allow":["GET"]}}],"collection":[{"href":"https:\/\/www.thcprotect.com\/lv\/wp-json\/wp\/v2\/product"}],"about":[{"href":"https:\/\/www.thcprotect.com\/lv\/wp-json\/wp\/v2\/types\/product"}],"replies":[{"embeddable":true,"href":"https:\/\/www.thcprotect.com\/lv\/wp-json\/wp\/v2\/comments?post=22988"}],"version-history":[{"count":9,"href":"https:\/\/www.thcprotect.com\/lv\/wp-json\/wp\/v2\/product\/22988\/revisions"}],"predecessor-version":[{"id":28795,"href":"https:\/\/www.thcprotect.com\/lv\/wp-json\/wp\/v2\/product\/22988\/revisions\/28795"}],"wp:featuredmedia":[{"embeddable":true,"href":"https:\/\/www.thcprotect.com\/lv\/wp-json\/wp\/v2\/media\/23037"}],"wp:attachment":[{"href":"https:\/\/www.thcprotect.com\/lv\/wp-json\/wp\/v2\/media?parent=22988"}],"wp:term":[{"taxonomy":"product_brand","embeddable":true,"href":"https:\/\/www.thcprotect.com\/lv\/wp-json\/wp\/v2\/product_brand?post=22988"},{"taxonomy":"product_cat","embeddable":true,"href":"https:\/\/www.thcprotect.com\/lv\/wp-json\/wp\/v2\/product_cat?post=22988"},{"taxonomy":"product_tag","embeddable":true,"href":"https:\/\/www.thcprotect.com\/lv\/wp-json\/wp\/v2\/product_tag?post=22988"}],"curies":[{"name":"wp","href":"https:\/\/api.w.org\/{rel}","templated":true}]}}