{"id":23026,"date":"2025-06-09T19:45:02","date_gmt":"2025-06-09T17:45:02","guid":{"rendered":"https:\/\/www.thcprotect.com\/products\/purple\/"},"modified":"2026-01-26T18:04:19","modified_gmt":"2026-01-26T17:04:19","slug":"purple","status":"publish","type":"product","link":"https:\/\/www.thcprotect.com\/hu\/products\/purple\/","title":{"rendered":"Lila"},"content":{"rendered":"<p><img decoding=\"async\" src=\"https:\/\/www.thcprotect.com\/wp-content\/uploads\/2025\/06\/Feedbin-Icon-check.svg_8faf4e0b-f89d-486c-aa08-b431a33525ea_icon.png?v=1541148886\" alt=\"\" width=\"18\" height=\"15\" data-mce-fragment=\"1\" \/>\u00a0\u00a0 <strong data-mce-fragment=\"1\">CBD:\u00a0<\/strong>&lt; 13%<\/p>\n<p><strong><img decoding=\"async\" src=\"https:\/\/www.thcprotect.com\/wp-content\/uploads\/2025\/06\/Feedbin-Icon-check.svg_8faf4e0b-f89d-486c-aa08-b431a33525ea_icon.png?v=1541148886\" alt=\"\" width=\"18\" height=\"15\" data-mce-fragment=\"1\" \/>\u00a0\u00a0 THC:\u00a0<\/strong>&lt; 0.2%<\/p>\n<p><img decoding=\"async\" src=\"https:\/\/www.thcprotect.com\/wp-content\/uploads\/2025\/06\/Feedbin-Icon-check.svg_8faf4e0b-f89d-486c-aa08-b431a33525ea_icon.png?v=1541148886\" alt=\"\" width=\"18\" height=\"15\" data-mce-fragment=\"1\" \/>\u00a0\u00a0 <strong data-mce-fragment=\"1\">EU-s fajta:<\/strong>\u00a0Kompolti<\/p>\n<p><img decoding=\"async\" src=\"https:\/\/www.thcprotect.com\/wp-content\/uploads\/2025\/06\/Feedbin-Icon-check.svg_8faf4e0b-f89d-486c-aa08-b431a33525ea_icon.png?v=1541148886\" alt=\"\" width=\"18\" height=\"15\" data-mce-fragment=\"1\" \/>\u00a0\u00a0 <strong data-mce-fragment=\"1\">Fenot\u00edpus:<\/strong>\u00a0Lila<\/p>\n<p><img decoding=\"async\" src=\"https:\/\/www.thcprotect.com\/wp-content\/uploads\/2025\/06\/Feedbin-Icon-check.svg_8faf4e0b-f89d-486c-aa08-b431a33525ea_icon.png?v=1541148886\" alt=\"\" width=\"18\" height=\"15\" data-mce-fragment=\"1\" \/>\u00a0\u00a0 <strong>Termeszt\u00e9si m\u00f3dszer:<\/strong>\u00a0\u00dcvegh\u00e1z<\/p>\n<p><img decoding=\"async\" src=\"https:\/\/www.thcprotect.com\/wp-content\/uploads\/2025\/06\/Feedbin-Icon-check.svg_8faf4e0b-f89d-486c-aa08-b431a33525ea_icon.png?v=1541148886\" alt=\"\" width=\"18\" height=\"15\" data-mce-fragment=\"1\" \/><strong>\u00a0\u00a0 V\u00e1g\u00e1si m\u00f3dszer:<\/strong> G\u00e9p<\/p>\n<p><img decoding=\"async\" src=\"https:\/\/www.thcprotect.com\/wp-content\/uploads\/2025\/06\/Feedbin-Icon-check.svg_8faf4e0b-f89d-486c-aa08-b431a33525ea_icon.png?v=1541148886\" alt=\"\" width=\"18\" height=\"15\" data-mce-fragment=\"1\" \/>\u00a0\u00a0 <strong>Sz\u00e1rmaz\u00e1si ter\u00fclet:<\/strong>\u00a0Roma, Olaszorsz\u00e1g<\/p>\n<p data-mce-fragment=\"1\"><strong data-mce-fragment=\"1\">THC Protect Pontsz\u00e1m:<\/strong><\/p>\n<p data-mce-fragment=\"1\">Sz\u00edn:\u00a0 \u00a0<img decoding=\"async\" src=\"https:\/\/www.thcprotect.com\/wp-content\/uploads\/2025\/06\/Captured_ecran2022-12-07a15.28.37_480x480.png?v=1670423597\" alt=\"\" width=\"23\" height=\"22\" data-mce-fragment=\"1\" \/><img decoding=\"async\" src=\"https:\/\/www.thcprotect.com\/wp-content\/uploads\/2025\/06\/Captured_ecran2022-12-07a15.28.37_480x480.png?v=1670423597\" alt=\"\" width=\"23\" height=\"22\" data-mce-fragment=\"1\" \/><img decoding=\"async\" src=\"https:\/\/www.thcprotect.com\/wp-content\/uploads\/2025\/06\/Captured_ecran2022-12-07a15.28.37_480x480.png?v=1670423597\" alt=\"\" width=\"23\" height=\"22\" data-mce-fragment=\"1\" \/><img decoding=\"async\" src=\"https:\/\/www.thcprotect.com\/wp-content\/uploads\/2025\/06\/Captured_ecran2022-12-07a15.28.37_480x480.png?v=1670423597\" alt=\"\" width=\"23\" height=\"22\" data-mce-fragment=\"1\" \/><img decoding=\"async\" src=\"https:\/\/www.thcprotect.com\/wp-content\/uploads\/2025\/06\/Captured_ecran2022-12-07a15.28.38_480x480.png?v=1670423602\" alt=\"\" width=\"23\" height=\"22\" data-mce-fragment=\"1\" \/><\/p>\n<p data-mce-fragment=\"1\">M\u00e9ret:\u00a0 \u00a0 \u00a0\u00a0\u00a0 <img decoding=\"async\" src=\"https:\/\/www.thcprotect.com\/wp-content\/uploads\/2025\/06\/Captured_ecran2022-12-07a15.28.37_480x480.png?v=1670423597\" alt=\"\" width=\"23\" height=\"22\" data-mce-fragment=\"1\" \/><img decoding=\"async\" src=\"https:\/\/www.thcprotect.com\/wp-content\/uploads\/2025\/06\/Captured_ecran2022-12-07a15.28.37_480x480.png?v=1670423597\" alt=\"\" width=\"23\" height=\"22\" data-mce-fragment=\"1\" \/><img decoding=\"async\" src=\"https:\/\/www.thcprotect.com\/wp-content\/uploads\/2025\/06\/Captured_ecran2022-12-07a15.28.37_480x480.png?v=1670423597\" alt=\"\" width=\"23\" height=\"22\" data-mce-fragment=\"1\" \/><img loading=\"lazy\" decoding=\"async\" src=\"https:\/\/www.thcprotect.com\/wp-content\/uploads\/2025\/06\/Captured_ecran2022-12-07a15.28.39_480x480.png?v=1670423607\" alt=\"\" width=\"23\" height=\"22\" data-mce-fragment=\"1\" \/><img loading=\"lazy\" decoding=\"async\" src=\"https:\/\/www.thcprotect.com\/wp-content\/uploads\/2025\/06\/Captured_ecran2022-12-07a15.28.39_480x480.png?v=1670423607\" alt=\"\" width=\"23\" height=\"22\" data-mce-fragment=\"1\" \/><\/p>\n<p data-mce-fragment=\"1\">\u00c9rintsd meg:\u00a0 \u00a0\u00a0<img decoding=\"async\" src=\"https:\/\/www.thcprotect.com\/wp-content\/uploads\/2025\/06\/Captured_ecran2022-12-07a15.28.37_480x480.png?v=1670423597\" alt=\"\" width=\"23\" height=\"22\" data-mce-fragment=\"1\" \/><img decoding=\"async\" src=\"https:\/\/www.thcprotect.com\/wp-content\/uploads\/2025\/06\/Captured_ecran2022-12-07a15.28.37_480x480.png?v=1670423597\" alt=\"\" width=\"23\" height=\"22\" data-mce-fragment=\"1\" \/><img decoding=\"async\" src=\"https:\/\/www.thcprotect.com\/wp-content\/uploads\/2025\/06\/Captured_ecran2022-12-07a15.28.38_480x480.png?v=1670423602\" alt=\"\" width=\"23\" height=\"22\" data-mce-fragment=\"1\" \/><img loading=\"lazy\" decoding=\"async\" src=\"https:\/\/www.thcprotect.com\/wp-content\/uploads\/2025\/06\/Captured_ecran2022-12-07a15.28.39_480x480.png?v=1670423607\" alt=\"\" width=\"23\" height=\"22\" data-mce-fragment=\"1\" \/><img loading=\"lazy\" decoding=\"async\" src=\"https:\/\/www.thcprotect.com\/wp-content\/uploads\/2025\/06\/Captured_ecran2022-12-07a15.28.39_480x480.png?v=1670423607\" alt=\"\" width=\"23\" height=\"22\" data-mce-fragment=\"1\" \/><\/p>\n<p data-mce-fragment=\"1\">Trim:\u00a0 \u00a0 \u00a0 \u00a0<img decoding=\"async\" src=\"https:\/\/www.thcprotect.com\/wp-content\/uploads\/2025\/06\/Captured_ecran2022-12-07a15.28.37_480x480.png?v=1670423597\" alt=\"\" width=\"23\" height=\"22\" data-mce-fragment=\"1\" \/><img decoding=\"async\" src=\"https:\/\/www.thcprotect.com\/wp-content\/uploads\/2025\/06\/Captured_ecran2022-12-07a15.28.37_480x480.png?v=1670423597\" alt=\"\" width=\"23\" height=\"22\" data-mce-fragment=\"1\" \/><img decoding=\"async\" src=\"https:\/\/www.thcprotect.com\/wp-content\/uploads\/2025\/06\/Captured_ecran2022-12-07a15.28.37_480x480.png?v=1670423597\" alt=\"\" width=\"23\" height=\"22\" data-mce-fragment=\"1\" \/><img decoding=\"async\" src=\"https:\/\/www.thcprotect.com\/wp-content\/uploads\/2025\/06\/Captured_ecran2022-12-07a15.28.37_480x480.png?v=1670423597\" alt=\"\" width=\"23\" height=\"22\" data-mce-fragment=\"1\" \/><img decoding=\"async\" src=\"https:\/\/www.thcprotect.com\/wp-content\/uploads\/2025\/06\/Captured_ecran2022-12-07a15.28.38_480x480.png?v=1670423602\" alt=\"\" width=\"23\" height=\"22\" data-mce-fragment=\"1\" \/><\/p>\n<p data-mce-fragment=\"1\">Illat:\u00a0 \u00a0 \u00a0<img decoding=\"async\" src=\"https:\/\/www.thcprotect.com\/wp-content\/uploads\/2025\/06\/Captured_ecran2022-12-07a15.28.37_480x480.png?v=1670423597\" alt=\"\" width=\"23\" height=\"22\" data-mce-fragment=\"1\" \/><img decoding=\"async\" src=\"https:\/\/www.thcprotect.com\/wp-content\/uploads\/2025\/06\/Captured_ecran2022-12-07a15.28.37_480x480.png?v=1670423597\" alt=\"\" width=\"23\" height=\"22\" data-mce-fragment=\"1\" \/><img decoding=\"async\" src=\"https:\/\/www.thcprotect.com\/wp-content\/uploads\/2025\/06\/Captured_ecran2022-12-07a15.28.37_480x480.png?v=1670423597\" alt=\"\" width=\"23\" height=\"22\" data-mce-fragment=\"1\" \/><img loading=\"lazy\" decoding=\"async\" src=\"https:\/\/www.thcprotect.com\/wp-content\/uploads\/2025\/06\/Captured_ecran2022-12-07a15.28.39_480x480.png?v=1670423607\" alt=\"\" width=\"23\" height=\"22\" data-mce-fragment=\"1\" \/><img loading=\"lazy\" decoding=\"async\" src=\"https:\/\/www.thcprotect.com\/wp-content\/uploads\/2025\/06\/Captured_ecran2022-12-07a15.28.39_480x480.png?v=1670423607\" alt=\"\" width=\"23\" height=\"22\" data-mce-fragment=\"1\" \/><\/p>\n<p>&nbsp;<\/p>","protected":false},"excerpt":{"rendered":"<p>\u00a0\u00a0 CBD: &lt; THC: &lt; 0,2% EU-s fajta: Kompolti Fenot\u00edpus: Termeszt\u00e9si m\u00f3dszer: Lila: Termeszt\u00e9si m\u00f3d: \u00dcvegh\u00e1z: Sz\u00e1rmaz\u00e1si ter\u00fclet: Roma, Olaszorsz\u00e1g THC Protect Pontsz\u00e1m: Sz\u00edn: M\u00e9ret:        \u00c9rint\u00e9s:     V\u00e1g\u00e1s:        Illat:\u00a0 \u00a0 \u00a0 &nbsp;<\/p>","protected":false},"featured_media":23106,"comment_status":"open","ping_status":"closed","template":"","meta":{"_uag_custom_page_level_css":"","site-sidebar-layout":"default","site-content-layout":"","ast-site-content-layout":"default","site-content-style":"default","site-sidebar-style":"default","ast-global-header-display":"","ast-banner-title-visibility":"","ast-main-header-display":"","ast-hfb-above-header-display":"","ast-hfb-below-header-display":"","ast-hfb-mobile-header-display":"","site-post-title":"","ast-breadcrumbs-content":"","ast-featured-img":"","footer-sml-layout":"","ast-disable-related-posts":"","theme-transparent-header-meta":"default","adv-header-id-meta":"","stick-header-meta":"","header-above-stick-meta":"","header-main-stick-meta":"","header-below-stick-meta":"","astra-migrate-meta-layouts":"set","ast-page-background-enabled":"default","ast-page-background-meta":{"desktop":{"background-color":"var(--ast-global-color-4)","background-image":"","background-repeat":"repeat","background-position":"center center","background-size":"auto","background-attachment":"scroll","background-type":"","background-media":"","overlay-type":"","overlay-color":"","overlay-opacity":"","overlay-gradient":""},"tablet":{"background-color":"","background-image":"","background-repeat":"repeat","background-position":"center center","background-size":"auto","background-attachment":"scroll","background-type":"","background-media":"","overlay-type":"","overlay-color":"","overlay-opacity":"","overlay-gradient":""},"mobile":{"background-color":"","background-image":"","background-repeat":"repeat","background-position":"center center","background-size":"auto","background-attachment":"scroll","background-type":"","background-media":"","overlay-type":"","overlay-color":"","overlay-opacity":"","overlay-gradient":""}},"ast-content-background-meta":{"desktop":{"background-color":"var(--ast-global-color-5)","background-image":"","background-repeat":"repeat","background-position":"center center","background-size":"auto","background-attachment":"scroll","background-type":"","background-media":"","overlay-type":"","overlay-color":"","overlay-opacity":"","overlay-gradient":""},"tablet":{"background-color":"var(--ast-global-color-5)","background-image":"","background-repeat":"repeat","background-position":"center center","background-size":"auto","background-attachment":"scroll","background-type":"","background-media":"","overlay-type":"","overlay-color":"","overlay-opacity":"","overlay-gradient":""},"mobile":{"background-color":"var(--ast-global-color-5)","background-image":"","background-repeat":"repeat","background-position":"center center","background-size":"auto","background-attachment":"scroll","background-type":"","background-media":"","overlay-type":"","overlay-color":"","overlay-opacity":"","overlay-gradient":""}}},"product_brand":[],"product_cat":[15],"product_tag":[],"class_list":{"0":"post-23026","1":"product","2":"type-product","3":"status-publish","4":"has-post-thumbnail","6":"product_cat-shop","7":"desktop-align-left","8":"tablet-align-left","9":"mobile-align-left","11":"first","12":"instock","13":"shipping-taxable","14":"purchasable","15":"product-type-variable","16":"has-default-attributes"},"spectra_custom_meta":{"_visibility":["visible"],"_shopify_product_id":["8095354519859"],"_s2w_shopify_domain":["thcprotect.myshopify.com"],"_shopify_variant_id":["44351566872883"],"_sku":["8095354519859"],"_manage_stock":["no"],"total_sales":["8"],"_tax_status":["taxable"],"_tax_class":[""],"_backorders":["no"],"_sold_individually":["no"],"_virtual":["no"],"_downloadable":["no"],"_download_limit":["-1"],"_download_expiry":["-1"],"_stock":[null],"_stock_status":["instock"],"_wc_average_rating":["4.97"],"_wc_review_count":["87"],"_product_attributes":["a:1:{s:4:\"size\";a:6:{s:4:\"name\";s:4:\"Size\";s:5:\"value\";s:17:\"1 gram | 10 grams\";s:8:\"position\";i:1;s:10:\"is_visible\";i:0;s:12:\"is_variation\";i:1;s:11:\"is_taxonomy\";i:0;}}"],"_product_version":["10.4.3"],"_thumbnail_id":["23106"],"_wc_rating_count":["a:2:{i:4;i:3;i:5;i:84;}"],"_edit_lock":["1769446936:1"],"_default_attributes":["a:1:{s:4:\"size\";s:6:\"1 gram\";}"],"_price":["4.80","48.00"],"_edit_last":["1"],"_wp_page_template":["default"],"site-sidebar-layout":["default"],"ast-site-content-layout":["default"],"site-content-style":["default"],"site-sidebar-style":["default"],"theme-transparent-header-meta":["default"],"astra-migrate-meta-layouts":["set"],"_uag_css_file_name":["uag-css-23026.css"],"_elementor_page_assets":["a:0:{}"],"_uag_page_assets":["a:9:{s:3:\"css\";s:6893:\".wp-block-uagb-image{display:flex}.wp-block-uagb-image__figure{position:relative;display:flex;flex-direction:column;max-width:100%;height:auto;margin:0}.wp-block-uagb-image__figure img{height:auto;display:flex;max-width:100%;transition:box-shadow 0.2s ease}.wp-block-uagb-image__figure>a{display:inline-block}.wp-block-uagb-image__figure figcaption{text-align:center;margin-top:0.5em;margin-bottom:1em}.wp-block-uagb-image .components-placeholder.block-editor-media-placeholder .components-placeholder__instructions{align-self:center}.wp-block-uagb-image--align-left{text-align:left}.wp-block-uagb-image--align-right{text-align:right}.wp-block-uagb-image--align-center{text-align:center}.wp-block-uagb-image--align-full .wp-block-uagb-image__figure{margin-left:calc(50% - 50vw);margin-right:calc(50% - 50vw);max-width:100vw;width:100vw;height:auto}.wp-block-uagb-image--align-full .wp-block-uagb-image__figure img{height:auto;width:100% !important}.wp-block-uagb-image--align-wide .wp-block-uagb-image__figure img{height:auto;width:100%}.wp-block-uagb-image--layout-overlay__color-wrapper{position:absolute;left:0;top:0;right:0;bottom:0;opacity:0.2;background:rgba(0,0,0,0.5);transition:opacity 0.35s ease-in-out}.wp-block-uagb-image--layout-overlay-link{position:absolute;left:0;right:0;bottom:0;top:0}.wp-block-uagb-image--layout-overlay .wp-block-uagb-image__figure:hover .wp-block-uagb-image--layout-overlay__color-wrapper{opacity:1}.wp-block-uagb-image--layout-overlay__inner{position:absolute;left:15px;right:15px;bottom:15px;top:15px;display:flex;align-items:center;justify-content:center;flex-direction:column;border-color:#fff;transition:0.35s ease-in-out}.wp-block-uagb-image--layout-overlay__inner.top-left,.wp-block-uagb-image--layout-overlay__inner.top-center,.wp-block-uagb-image--layout-overlay__inner.top-right{justify-content:flex-start}.wp-block-uagb-image--layout-overlay__inner.bottom-left,.wp-block-uagb-image--layout-overlay__inner.bottom-center,.wp-block-uagb-image--layout-overlay__inner.bottom-right{justify-content:flex-end}.wp-block-uagb-image--layout-overlay__inner.top-left,.wp-block-uagb-image--layout-overlay__inner.center-left,.wp-block-uagb-image--layout-overlay__inner.bottom-left{align-items:flex-start}.wp-block-uagb-image--layout-overlay__inner.top-right,.wp-block-uagb-image--layout-overlay__inner.center-right,.wp-block-uagb-image--layout-overlay__inner.bottom-right{align-items:flex-end}.wp-block-uagb-image--layout-overlay__inner .uagb-image-heading{color:#fff;transition:transform 0.35s, opacity 0.35s ease-in-out;transform:translate3d(0, 24px, 0);margin:0;line-height:1em}.wp-block-uagb-image--layout-overlay__inner .uagb-image-separator{width:30%;border-top-width:2px;border-top-color:#fff;border-top-style:solid;margin-bottom:10px;opacity:0;transition:transform 0.4s, opacity 0.4s ease-in-out;transform:translate3d(0, 30px, 0)}.wp-block-uagb-image--layout-overlay__inner .uagb-image-caption{opacity:0;overflow:visible;color:#fff;transition:transform 0.45s, opacity 0.45s ease-in-out;transform:translate3d(0, 35px, 0)}.wp-block-uagb-image--layout-overlay__inner:hover .uagb-image-heading,.wp-block-uagb-image--layout-overlay__inner:hover .uagb-image-separator,.wp-block-uagb-image--layout-overlay__inner:hover .uagb-image-caption{opacity:1;transform:translate3d(0, 0, 0)}.wp-block-uagb-image--effect-zoomin .wp-block-uagb-image__figure img,.wp-block-uagb-image--effect-zoomin .wp-block-uagb-image__figure .wp-block-uagb-image--layout-overlay__color-wrapper{transform:scale(1);transition:transform 0.35s ease-in-out}.wp-block-uagb-image--effect-zoomin .wp-block-uagb-image__figure:hover img,.wp-block-uagb-image--effect-zoomin .wp-block-uagb-image__figure:hover .wp-block-uagb-image--layout-overlay__color-wrapper{transform:scale(1.05)}.wp-block-uagb-image--effect-slide .wp-block-uagb-image__figure img,.wp-block-uagb-image--effect-slide .wp-block-uagb-image__figure .wp-block-uagb-image--layout-overlay__color-wrapper{width:calc(100% + 40px) !important;max-width:none !important;transform:translate3d(-40px, 0, 0);transition:transform 0.35s ease-in-out}.wp-block-uagb-image--effect-slide .wp-block-uagb-image__figure:hover img,.wp-block-uagb-image--effect-slide .wp-block-uagb-image__figure:hover .wp-block-uagb-image--layout-overlay__color-wrapper{transform:translate3d(0, 0, 0)}.wp-block-uagb-image--effect-grayscale img{filter:grayscale(0%);transition:0.35s ease-in-out}.wp-block-uagb-image--effect-grayscale:hover img{filter:grayscale(100%)}.wp-block-uagb-image--effect-blur img{filter:blur(0);transition:0.35s ease-in-out}.wp-block-uagb-image--effect-blur:hover img{filter:blur(3px)}\n.uagb-block-e6f939b3.wp-block-uagb-image--layout-default figure img{box-shadow: 0px 0px 0 #00000070;}.uagb-block-e6f939b3.wp-block-uagb-image .wp-block-uagb-image__figure figcaption{font-style: normal;align-self: center;}.uagb-block-e6f939b3.wp-block-uagb-image--layout-overlay figure img{box-shadow: 0px 0px 0 #00000070;}.uagb-block-e6f939b3.wp-block-uagb-image--layout-overlay .wp-block-uagb-image--layout-overlay__color-wrapper{opacity: 0.2;}.uagb-block-e6f939b3.wp-block-uagb-image--layout-overlay .wp-block-uagb-image--layout-overlay__inner{left: 15px;right: 15px;top: 15px;bottom: 15px;}.uagb-block-e6f939b3.wp-block-uagb-image--layout-overlay .wp-block-uagb-image--layout-overlay__inner .uagb-image-heading{font-style: normal;color: #fff;opacity: 1;}.uagb-block-e6f939b3.wp-block-uagb-image--layout-overlay .wp-block-uagb-image--layout-overlay__inner .uagb-image-heading a{color: #fff;}.uagb-block-e6f939b3.wp-block-uagb-image--layout-overlay .wp-block-uagb-image--layout-overlay__inner .uagb-image-caption{opacity: 0;}.uagb-block-e6f939b3.wp-block-uagb-image--layout-overlay .wp-block-uagb-image__figure:hover .wp-block-uagb-image--layout-overlay__color-wrapper{opacity: 1;}.uagb-block-e6f939b3.wp-block-uagb-image .wp-block-uagb-image--layout-overlay__inner .uagb-image-separator{width: 30%;border-top-width: 2px;border-top-color: #fff;opacity: 0;}.uagb-block-e6f939b3.wp-block-uagb-image .wp-block-uagb-image__figure img{width: px;height: auto;}.uagb-block-e6f939b3.wp-block-uagb-image .wp-block-uagb-image__figure:hover .wp-block-uagb-image--layout-overlay__inner .uagb-image-caption{opacity: 1;}.uagb-block-e6f939b3.wp-block-uagb-image .wp-block-uagb-image__figure:hover .wp-block-uagb-image--layout-overlay__inner .uagb-image-separator{opacity: 1;}.uagb-block-e6f939b3.wp-block-uagb-image--layout-default figure:hover img{box-shadow: 0px 0px 0 #00000070;}.uagb-block-e6f939b3.wp-block-uagb-image--layout-overlay figure:hover img{box-shadow: 0px 0px 0 #00000070;}@media only screen and (max-width: 976px) {.uagb-block-e6f939b3.wp-block-uagb-image .wp-block-uagb-image__figure img{width: px;height: auto;}}@media only screen and (max-width: 767px) {.uagb-block-e6f939b3.wp-block-uagb-image .wp-block-uagb-image__figure img{width: px;height: auto;}}\";s:2:\"js\";s:0:\"\";s:18:\"current_block_list\";a:13:{i:0;s:11:\"core\/search\";i:1;s:10:\"core\/group\";i:2;s:12:\"core\/heading\";i:3;s:17:\"core\/latest-posts\";i:4;s:20:\"core\/latest-comments\";i:5;s:13:\"core\/archives\";i:6;s:15:\"core\/categories\";i:7;s:14:\"core\/paragraph\";i:8;s:10:\"uagb\/image\";i:9;s:11:\"core\/spacer\";i:10;s:30:\"woocommerce\/product-categories\";i:11;s:10:\"core\/image\";i:12;s:14:\"core\/shortcode\";}s:8:\"uag_flag\";b:1;s:11:\"uag_version\";s:10:\"1776237662\";s:6:\"gfonts\";a:0:{}s:10:\"gfonts_url\";s:0:\"\";s:12:\"gfonts_files\";a:0:{}s:14:\"uag_faq_layout\";b:0;}"]},"uagb_featured_image_src":{"full":["https:\/\/www.thcprotect.com\/wp-content\/uploads\/2025\/06\/Purple_PSDMockUp_withXts.png",2560,1781,false],"thumbnail":["https:\/\/www.thcprotect.com\/wp-content\/uploads\/2025\/06\/Purple_PSDMockUp_withXts-150x150.png",150,150,true],"medium":["https:\/\/www.thcprotect.com\/wp-content\/uploads\/2025\/06\/Purple_PSDMockUp_withXts-300x209.png",300,209,true],"medium_large":["https:\/\/www.thcprotect.com\/wp-content\/uploads\/2025\/06\/Purple_PSDMockUp_withXts-768x534.png",768,534,true],"large":["https:\/\/www.thcprotect.com\/wp-content\/uploads\/2025\/06\/Purple_PSDMockUp_withXts-1024x712.png",1024,712,true],"1536x1536":["https:\/\/www.thcprotect.com\/wp-content\/uploads\/2025\/06\/Purple_PSDMockUp_withXts-1536x1069.png",1536,1069,true],"2048x2048":["https:\/\/www.thcprotect.com\/wp-content\/uploads\/2025\/06\/Purple_PSDMockUp_withXts-2048x1425.png",2048,1425,true],"trp-custom-language-flag":["https:\/\/www.thcprotect.com\/wp-content\/uploads\/2025\/06\/Purple_PSDMockUp_withXts-18x12.png",18,12,true],"woocommerce_thumbnail":["https:\/\/www.thcprotect.com\/wp-content\/uploads\/2025\/06\/Purple_PSDMockUp_withXts-300x300.png",300,300,true],"woocommerce_single":["https:\/\/www.thcprotect.com\/wp-content\/uploads\/2025\/06\/Purple_PSDMockUp_withXts-600x417.png",600,417,true],"woocommerce_gallery_thumbnail":["https:\/\/www.thcprotect.com\/wp-content\/uploads\/2025\/06\/Purple_PSDMockUp_withXts-100x100.png",100,100,true]},"uagb_author_info":{"display_name":"admin","author_link":"https:\/\/www.thcprotect.com\/hu\/author\/"},"uagb_comment_info":87,"uagb_excerpt":"\u00a0\u00a0 CBD:\u00a0&lt; 13% \u00a0\u00a0 THC:\u00a0&lt; 0.2% \u00a0\u00a0 EU variety:\u00a0Kompolti \u00a0\u00a0 Phenotype:\u00a0Purple \u00a0\u00a0 Growing method:\u00a0Glasshouse \u00a0\u00a0 Trimming method: Machine \u00a0\u00a0 Area of origin:\u00a0Roma, Italy THC Protect Score: Colour:\u00a0 \u00a0 Size:\u00a0 \u00a0 \u00a0\u00a0\u00a0 Touch:\u00a0 \u00a0\u00a0 Trim:\u00a0 \u00a0 \u00a0 \u00a0 Scent:\u00a0 \u00a0 \u00a0 &nbsp;","_links":{"self":[{"href":"https:\/\/www.thcprotect.com\/hu\/wp-json\/wp\/v2\/product\/23026","targetHints":{"allow":["GET"]}}],"collection":[{"href":"https:\/\/www.thcprotect.com\/hu\/wp-json\/wp\/v2\/product"}],"about":[{"href":"https:\/\/www.thcprotect.com\/hu\/wp-json\/wp\/v2\/types\/product"}],"replies":[{"embeddable":true,"href":"https:\/\/www.thcprotect.com\/hu\/wp-json\/wp\/v2\/comments?post=23026"}],"version-history":[{"count":5,"href":"https:\/\/www.thcprotect.com\/hu\/wp-json\/wp\/v2\/product\/23026\/revisions"}],"predecessor-version":[{"id":28214,"href":"https:\/\/www.thcprotect.com\/hu\/wp-json\/wp\/v2\/product\/23026\/revisions\/28214"}],"wp:featuredmedia":[{"embeddable":true,"href":"https:\/\/www.thcprotect.com\/hu\/wp-json\/wp\/v2\/media\/23106"}],"wp:attachment":[{"href":"https:\/\/www.thcprotect.com\/hu\/wp-json\/wp\/v2\/media?parent=23026"}],"wp:term":[{"taxonomy":"product_brand","embeddable":true,"href":"https:\/\/www.thcprotect.com\/hu\/wp-json\/wp\/v2\/product_brand?post=23026"},{"taxonomy":"product_cat","embeddable":true,"href":"https:\/\/www.thcprotect.com\/hu\/wp-json\/wp\/v2\/product_cat?post=23026"},{"taxonomy":"product_tag","embeddable":true,"href":"https:\/\/www.thcprotect.com\/hu\/wp-json\/wp\/v2\/product_tag?post=23026"}],"curies":[{"name":"wp","href":"https:\/\/api.w.org\/{rel}","templated":true}]}}