{"id":22988,"date":"2025-06-09T19:44:43","date_gmt":"2025-06-09T17:44:43","guid":{"rendered":"https:\/\/www.thcprotect.com\/products\/thc-spray\/"},"modified":"2026-02-15T22:56:52","modified_gmt":"2026-02-15T21:56:52","slug":"thc-spray","status":"publish","type":"product","link":"https:\/\/www.thcprotect.com\/hr\/products\/thc-spray\/","title":{"rendered":"Anti-THC sprej (Kleaner)"},"content":{"rendered":"<p><strong><img decoding=\"async\" style=\"margin-right: 12px;\" src=\"https:\/\/www.thcprotect.com\/wp-content\/uploads\/2026\/02\/Check.svg\" alt=\"\" width=\"18\" height=\"15\" \/>Jedini sprej protiv THC-a koji jam\u010di uspjeh 100%.<\/strong> Na\u0161 sprej protiv THC-a jedino je rje\u0161enje na tr\u017ei\u0161tu koje jam\u010di potpuno uklanjanje ostataka THC-a iz va\u0161ih usta, daju\u0107i vam potpuno povjerenje kada vam je najpotrebnije. Zato s ponosom nudimo jamstvo povrata novca; ako niste u potpunosti zadovoljni, vra\u0107amo vam novac. Bez kompromisa, bez neizvjesnosti, samo zajam\u010deni rezultati.<\/p>\n<p><strong><img decoding=\"async\" style=\"margin-right: 12px;\" src=\"https:\/\/www.thcprotect.com\/wp-content\/uploads\/2026\/02\/Check.svg\" alt=\"\" width=\"18\" height=\"15\" \/>Trenutno djelovanje sa za\u0161titom koja traje do 6 sati.<\/strong> Sprej djeluje odmah nakon nano\u0161enja, uklanjaju\u0107i tragove THC-a i zaostale toksine iz usne \u0161upljine u roku od nekoliko sekundi. Njegovo dugotrajno djelovanje nastavlja pru\u017eati za\u0161titu do 6 sati, nude\u0107i produljeni osje\u0107aj sigurnosti i mira.<\/p>\n<p><strong><img decoding=\"async\" style=\"margin-right: 12px;\" src=\"https:\/\/www.thcprotect.com\/wp-content\/uploads\/2026\/02\/Check.svg\" alt=\"\" width=\"18\" height=\"15\" \/>Naju\u010dinkovitiji oralni detoks sprej koji je dostupan.<\/strong> Zahvaljuju\u0107i svojoj inovativnoj i pa\u017eljivo razvijenoj formuli, ovaj sprej protiv THC-a neutralizira i uklanja ne\u017eeljene tvari izravno iz usta. Pru\u017ea brze, pouzdane i dosljedne rezultate, nadma\u0161uju\u0107i druge proizvode za \u010di\u0161\u0107enje usne \u0161upljine.<\/p>\n<p><strong><img decoding=\"async\" style=\"margin-right: 12px;\" src=\"https:\/\/www.thcprotect.com\/wp-content\/uploads\/2026\/02\/Check.svg\" alt=\"\" width=\"18\" height=\"15\" \/>Nepobjediva cijena.<\/strong> Nudimo vrhunsku kvalitetu po najkonkurentnijoj cijeni na tr\u017ei\u0161tu. Imat \u0107ete koristi od maksimalne u\u010dinkovitosti i zajam\u010denih performansi bez pla\u0107anja previsokih cijena. Najbolja za\u0161tita ne mora ko\u0161tati vi\u0161e.<\/p>\n<p><strong><img decoding=\"async\" style=\"margin-right: 12px;\" src=\"https:\/\/www.thcprotect.com\/wp-content\/uploads\/2026\/02\/Check.svg\" alt=\"\" width=\"18\" height=\"15\" \/>Jamstvo povrata novca za potpuno povjerenje.<\/strong> U potpunosti stojimo iza u\u010dinkovitosti na\u0161eg spreja protiv THC-a. Ako iz bilo kojeg razloga niste zadovoljni, vratit \u0107emo vam novac za kupnju. Va\u0161e zadovoljstvo je zajam\u010deno, a va\u0161a kupnja je potpuno bez rizika.<\/p>\n<p><strong><img decoding=\"async\" style=\"margin-right: 12px;\" src=\"https:\/\/www.thcprotect.com\/wp-content\/uploads\/2026\/02\/Check.svg\" alt=\"\" width=\"18\" height=\"15\" \/>Brza 24-satna dostava za hitne potrebe.<\/strong> Uvijek nudimo dostavu u roku od 24 sata, osiguravaju\u0107i da svoj proizvod primite brzo i diskretno. Kada je vrijeme va\u017eno, mo\u017eete se osloniti na brzu i pouzdanu dostavu.<\/p>\n<p><strong><img decoding=\"async\" style=\"margin-right: 12px;\" src=\"https:\/\/www.thcprotect.com\/wp-content\/uploads\/2026\/02\/Check.svg\" alt=\"\" width=\"18\" height=\"15\" \/>Bez alkohola i nje\u017ean za va\u0161a usta.<\/strong> Na\u0161a formula je potpuno bez alkohola, \u0161to zna\u010di da po\u0161tuje va\u0161u prirodnu oralnu floru i ne isu\u0161uje usta. Za razliku od o\u0161trih alternativa, ne ostavlja osje\u0107aj peckanja i neugodan okus nakon upotrebe.<\/p>\n<p><strong><img decoding=\"async\" style=\"margin-right: 12px;\" src=\"https:\/\/www.thcprotect.com\/wp-content\/uploads\/2026\/02\/Check.svg\" alt=\"\" width=\"18\" height=\"15\" \/>100% organski i napravljen od prirodnih sastojaka.<\/strong> Ovaj sprej sastoji se isklju\u010divo od prirodnih, organskih sastojaka bez kemijskih dodataka. \u0160titi va\u0161e zdravlje, a istovremeno po\u0161tuje okoli\u0161, \u0161to ga \u010dini odgovornim i sigurnim izborom.<\/p>\n<p><strong><img decoding=\"async\" style=\"margin-right: 12px;\" src=\"https:\/\/www.thcprotect.com\/wp-content\/uploads\/2026\/02\/Check.svg\" alt=\"\" width=\"18\" height=\"15\" \/>Sigurno i bez nuspojava.<\/strong> Pa\u017eljivo formuliran za sve korisnike, na\u0161 sprej protiv THC-a siguran je za redovitu ili povremenu upotrebu. Ne uzrokuje iritaciju, nelagodu ili osjetljivost usne \u0161upljine, \u0161to vam omogu\u0107uje da ga koristite s potpunim mirom.<\/p>\n<p><strong><img decoding=\"async\" style=\"margin-right: 12px;\" src=\"https:\/\/www.thcprotect.com\/wp-content\/uploads\/2026\/02\/Check.svg\" alt=\"\" width=\"18\" height=\"15\" \/>Diskretan, prakti\u010dan i jednostavan za no\u0161enje.<\/strong> Kompaktna bo\u010dica s raspr\u0161iva\u010dem lako stane u d\u017eep ili torbu, \u0161to je \u010dini idealnom za diskretnu upotrebu kad god je potrebno. Njen prakti\u010dni format omogu\u0107uje brzu primjenu bez privla\u010denja pa\u017enje.<\/p>\n<h2><strong>Upute za uporabu<\/strong><\/h2>\n<ol>\n<li><strong>Priprema spreja protiv THC-a:<\/strong> Prije svake upotrebe, provjerite je li sprej na sobnoj temperaturi radi ve\u0107e udobnosti tijekom nano\u0161enja. Ako je proizvod bio izlo\u017een ekstremnim temperaturama (vrlo vru\u0107im ili vrlo hladnim), ostavite ga da se stabilizira nekoliko minuta. Tako\u0111er, provjerite je li bo\u010dica dobro zatvorena prije skidanja \u010depa.<\/li>\n<li><strong>Skinite \u010dep:<\/strong> Zapo\u010dnite tako da nje\u017eno uklonite za\u0161titni poklopac s raspr\u0161iva\u010da. Ovaj poklopac osigurava da mlaznica ostane \u010dista i spremna za upotrebu. Nakon uklanjanja provjerite je li mlaznica \u010dista. Ako je potrebno, obri\u0161ite je \u010distom krpom kako biste uklonili pra\u0161inu ili ne\u010disto\u0107e.<\/li>\n<li><strong>Priprema:<\/strong> Stanite ispred ogledala kako biste dobro vidjeli unutra\u0161njost usta, \u0161to \u0107e vam pomo\u0107i da precizno prskate. \u0160iroko otvorite usta kako biste olak\u0161ali nano\u0161enje spreja protiv THC-a. Preporu\u010dljivo je biti u tihom okru\u017eenju kako biste izbjegli kretanje tijekom nano\u0161enja, \u0161to \u0107e osigurati bolju u\u010dinkovitost.<\/li>\n<li><strong>Nanesite proizvod u usta:<\/strong> Dr\u017eite bo\u010dicu nekoliko centimetara od usta, usmjeravaju\u0107i mlaznicu prema odre\u0111enim podru\u010djima. Poprskajte proizvod izravno u usta s 3 do 4 prskanja, prema potrebi. Pazite da je sprej protiv THC-a ravnomjerno raspore\u0111en na nekoliko podru\u010dja, jer to pobolj\u0161ava njegovu u\u010dinkovitost.<\/li>\n<li><strong>Ciljna klju\u010dna podru\u010dja:<\/strong> Za maksimalnu u\u010dinkovitost, bitno je prskati proizvod po unutarnjim stijenkama obraza, kao i po i ispod jezika. Ta su podru\u010dja klju\u010dna jer brzo upijaju proizvod i omogu\u0107uju trenutno djelovanje. Osim toga, ne zaboravite nanijeti sprej na nepce, \u0161to se \u010desto zaboravlja, ali je vrlo va\u017eno za maksimiziranje u\u010dinka spreja protiv THC-a.<\/li>\n<li><strong>Pustite da proizvod cirkulira u ustima:<\/strong> Nakon prskanja proizvoda, nemojte odmah zatvarati usta ili ga gutati. Pustite da cirkulira oko 5 do 15 sekundi. Ovo vrijeme je klju\u010dno da se proizvod dobro upije u sve sluznice u ustima. Tijekom tog razdoblja izbjegavajte piti ili jesti kako biste izbjegli razrje\u0111ivanje u\u010dinkovitosti spreja protiv THC-a.<\/li>\n<li><strong>U\u010destalost kori\u0161tenja:<\/strong> Ovaj sprej protiv THC-a osmi\u0161ljen je da bude u\u010dinkovit odmah, ali njegovi u\u010dinci nestaju nakon 6 sati. Nano\u0161enje mo\u017eete ponoviti po potrebi, bez rizika od nuspojava. Me\u0111utim, nemojte prekora\u010diti 3 do 4 nano\u0161enja dnevno.<\/li>\n<li><strong>Skladi\u0161tenje proizvoda:<\/strong> Nakon upotrebe pa\u017eljivo vratite \u010dep na bo\u010dicu kako biste za\u0161titili mlaznicu od prljav\u0161tine i pra\u0161ine. Bo\u010dicu \u010duvajte na hladnom i suhom mjestu, dalje od izravne sun\u010deve svjetlosti, kako biste sa\u010duvali integritet aktivnih sastojaka proizvoda.<\/li>\n<li><strong>Dodatne mjere opreza:<\/strong> Ne gutajte velike koli\u010dine proizvoda. U slu\u010daju slu\u010dajnog kontakta, obratite se zdravstvenom djelatniku. Izbjegavajte kontakt s o\u010dima. U slu\u010daju kontakta, odmah isperite vodom. \u010cuvajte izvan dohvata djece.<\/li>\n<\/ol>\n<h2><strong>Uvjeti skladi\u0161tenja<\/strong><\/h2>\n<ul>\n<li><strong>Temperatura skladi\u0161tenja:<\/strong> Osigurajte da se sprej protiv THC-a \u010duva u okru\u017eenju s temperaturom izme\u0111u 0\u00b0C i 30\u00b0C, \u0161to je izme\u0111u 32\u00b0F i 86\u00b0F. Va\u017eno je \u010duvati proizvod unutar ovog temperaturnog raspona kako bi se sa\u010duvala aktivna svojstva prirodnih sastojaka i osigurale optimalne performanse pri svakoj upotrebi.<\/li>\n<li><strong>Za\u0161tita:<\/strong> Bo\u010dicu treba dr\u017eati dalje od izravne sun\u010deve svjetlosti. Dugotrajno izlaganje UV zrakama mo\u017ee promijeniti formulu i smanjiti njezinu u\u010dinkovitost. Za najbolje rezultate, bo\u010dicu \u010duvajte na tamnom mjestu, poput ladice ili ormara, kada se ne koristi.<\/li>\n<li><strong>Rok trajanja:<\/strong> Sprej protiv THC-a, poznat i kao Kleaner, ima rok trajanja od dvije godine od datuma proizvodnje. Ovaj dugi vijek trajanja zajam\u010den je sve dok se proizvod skladi\u0161ti u odgovaraju\u0107im uvjetima i boca ostane \u010dvrsto zatvorena kada se ne koristi.<\/li>\n<li><strong>Datum isteka:<\/strong> Radi va\u0161e sigurnosti i kako biste osigurali u\u010dinkovitost proizvoda, uvijek provjerite rok trajanja naveden na bo\u010dici prije upotrebe. Preporu\u010duje se da se proizvod ne koristi nakon tog datuma, jer kemijski sastav mo\u017eda vi\u0161e ne osigurava optimalno uklanjanje ostataka THC-a.<\/li>\n<\/ul>","protected":false},"excerpt":{"rendered":"<p>The only anti-THC spray that guarantees 100% success. Our anti-THC spray is the only solution on the market that guarantees complete removal of THC residues from your mouth, giving you total confidence when you need it most. This is why we proudly offer a money-back guarantee, if you are not fully satisfied, we refund you. [&hellip;]<\/p>\n","protected":false},"featured_media":23037,"comment_status":"open","ping_status":"closed","template":"","meta":{"_uag_custom_page_level_css":"","site-sidebar-layout":"default","site-content-layout":"","ast-site-content-layout":"default","site-content-style":"default","site-sidebar-style":"default","ast-global-header-display":"","ast-banner-title-visibility":"","ast-main-header-display":"","ast-hfb-above-header-display":"","ast-hfb-below-header-display":"","ast-hfb-mobile-header-display":"","site-post-title":"","ast-breadcrumbs-content":"","ast-featured-img":"","footer-sml-layout":"","ast-disable-related-posts":"","theme-transparent-header-meta":"default","adv-header-id-meta":"","stick-header-meta":"","header-above-stick-meta":"","header-main-stick-meta":"","header-below-stick-meta":"","astra-migrate-meta-layouts":"set","ast-page-background-enabled":"default","ast-page-background-meta":{"desktop":{"background-color":"var(--ast-global-color-4)","background-image":"","background-repeat":"repeat","background-position":"center center","background-size":"auto","background-attachment":"scroll","background-type":"","background-media":"","overlay-type":"","overlay-color":"","overlay-opacity":"","overlay-gradient":""},"tablet":{"background-color":"","background-image":"","background-repeat":"repeat","background-position":"center center","background-size":"auto","background-attachment":"scroll","background-type":"","background-media":"","overlay-type":"","overlay-color":"","overlay-opacity":"","overlay-gradient":""},"mobile":{"background-color":"","background-image":"","background-repeat":"repeat","background-position":"center center","background-size":"auto","background-attachment":"scroll","background-type":"","background-media":"","overlay-type":"","overlay-color":"","overlay-opacity":"","overlay-gradient":""}},"ast-content-background-meta":{"desktop":{"background-color":"var(--ast-global-color-5)","background-image":"","background-repeat":"repeat","background-position":"center center","background-size":"auto","background-attachment":"scroll","background-type":"","background-media":"","overlay-type":"","overlay-color":"","overlay-opacity":"","overlay-gradient":""},"tablet":{"background-color":"var(--ast-global-color-5)","background-image":"","background-repeat":"repeat","background-position":"center center","background-size":"auto","background-attachment":"scroll","background-type":"","background-media":"","overlay-type":"","overlay-color":"","overlay-opacity":"","overlay-gradient":""},"mobile":{"background-color":"var(--ast-global-color-5)","background-image":"","background-repeat":"repeat","background-position":"center center","background-size":"auto","background-attachment":"scroll","background-type":"","background-media":"","overlay-type":"","overlay-color":"","overlay-opacity":"","overlay-gradient":""}}},"product_brand":[],"product_cat":[15],"product_tag":[],"class_list":{"0":"post-22988","1":"product","2":"type-product","3":"status-publish","4":"has-post-thumbnail","6":"product_cat-shop","7":"desktop-align-left","8":"tablet-align-left","9":"mobile-align-left","11":"first","12":"instock","13":"shipping-taxable","14":"purchasable","15":"product-type-simple"},"spectra_custom_meta":{"_visibility":["visible"],"_shopify_product_id":["4635621064843"],"_s2w_shopify_domain":["thcprotect.myshopify.com"],"_shopify_variant_id":["32762404339851"],"_sku":["THCANTITHCSPRAY"],"_regular_price":["29.90"],"_price":["29.90"],"_sale_price":[""],"_weight":["0.15"],"_thumbnail_id":["23037"],"_global_unique_id":["5056773801158"],"total_sales":["4654"],"_tax_status":["taxable"],"_tax_class":[""],"_manage_stock":["no"],"_backorders":["no"],"_sold_individually":["no"],"_virtual":["no"],"_downloadable":["no"],"_download_limit":["-1"],"_download_expiry":["-1"],"_stock":[null],"_stock_status":["instock"],"_wc_average_rating":["4.75"],"_wc_review_count":["276"],"_product_version":["10.5.1"],"_wc_rating_count":["a:3:{i:3;i:15;i:4;i:39;i:5;i:222;}"],"_edit_lock":["1771192471:1"],"_edit_last":["1"],"_wp_page_template":["default"],"site-sidebar-layout":["default"],"ast-site-content-layout":["default"],"site-content-style":["default"],"site-sidebar-style":["default"],"theme-transparent-header-meta":["default"],"merchant-center-availability":["yes"],"_upsell_ids":["a:3:{i:0;i:23013;i:1;i:23024;i:2;i:23038;}"],"_crosssell_ids":["a:3:{i:0;i:23013;i:1;i:23024;i:2;i:23038;}"],"astra-migrate-meta-layouts":["set"],"_uag_css_file_name":["uag-css-22988.css"],"_elementor_page_assets":["a:0:{}"],"_uag_page_assets":["a:9:{s:3:\"css\";s:7156:\".uag-blocks-common-selector{z-index:var(--z-index-desktop) !important}@media (max-width: 976px){.uag-blocks-common-selector{z-index:var(--z-index-tablet) !important}}@media (max-width: 767px){.uag-blocks-common-selector{z-index:var(--z-index-mobile) !important}}\n.wp-block-uagb-image{display:flex}.wp-block-uagb-image__figure{position:relative;display:flex;flex-direction:column;max-width:100%;height:auto;margin:0}.wp-block-uagb-image__figure img{height:auto;display:flex;max-width:100%;transition:box-shadow 0.2s ease}.wp-block-uagb-image__figure>a{display:inline-block}.wp-block-uagb-image__figure figcaption{text-align:center;margin-top:0.5em;margin-bottom:1em}.wp-block-uagb-image .components-placeholder.block-editor-media-placeholder .components-placeholder__instructions{align-self:center}.wp-block-uagb-image--align-left{text-align:left}.wp-block-uagb-image--align-right{text-align:right}.wp-block-uagb-image--align-center{text-align:center}.wp-block-uagb-image--align-full .wp-block-uagb-image__figure{margin-left:calc(50% - 50vw);margin-right:calc(50% - 50vw);max-width:100vw;width:100vw;height:auto}.wp-block-uagb-image--align-full .wp-block-uagb-image__figure img{height:auto;width:100% !important}.wp-block-uagb-image--align-wide .wp-block-uagb-image__figure img{height:auto;width:100%}.wp-block-uagb-image--layout-overlay__color-wrapper{position:absolute;left:0;top:0;right:0;bottom:0;opacity:0.2;background:rgba(0,0,0,0.5);transition:opacity 0.35s ease-in-out}.wp-block-uagb-image--layout-overlay-link{position:absolute;left:0;right:0;bottom:0;top:0}.wp-block-uagb-image--layout-overlay .wp-block-uagb-image__figure:hover .wp-block-uagb-image--layout-overlay__color-wrapper{opacity:1}.wp-block-uagb-image--layout-overlay__inner{position:absolute;left:15px;right:15px;bottom:15px;top:15px;display:flex;align-items:center;justify-content:center;flex-direction:column;border-color:#fff;transition:0.35s ease-in-out}.wp-block-uagb-image--layout-overlay__inner.top-left,.wp-block-uagb-image--layout-overlay__inner.top-center,.wp-block-uagb-image--layout-overlay__inner.top-right{justify-content:flex-start}.wp-block-uagb-image--layout-overlay__inner.bottom-left,.wp-block-uagb-image--layout-overlay__inner.bottom-center,.wp-block-uagb-image--layout-overlay__inner.bottom-right{justify-content:flex-end}.wp-block-uagb-image--layout-overlay__inner.top-left,.wp-block-uagb-image--layout-overlay__inner.center-left,.wp-block-uagb-image--layout-overlay__inner.bottom-left{align-items:flex-start}.wp-block-uagb-image--layout-overlay__inner.top-right,.wp-block-uagb-image--layout-overlay__inner.center-right,.wp-block-uagb-image--layout-overlay__inner.bottom-right{align-items:flex-end}.wp-block-uagb-image--layout-overlay__inner .uagb-image-heading{color:#fff;transition:transform 0.35s, opacity 0.35s ease-in-out;transform:translate3d(0, 24px, 0);margin:0;line-height:1em}.wp-block-uagb-image--layout-overlay__inner .uagb-image-separator{width:30%;border-top-width:2px;border-top-color:#fff;border-top-style:solid;margin-bottom:10px;opacity:0;transition:transform 0.4s, opacity 0.4s ease-in-out;transform:translate3d(0, 30px, 0)}.wp-block-uagb-image--layout-overlay__inner .uagb-image-caption{opacity:0;overflow:visible;color:#fff;transition:transform 0.45s, opacity 0.45s ease-in-out;transform:translate3d(0, 35px, 0)}.wp-block-uagb-image--layout-overlay__inner:hover .uagb-image-heading,.wp-block-uagb-image--layout-overlay__inner:hover .uagb-image-separator,.wp-block-uagb-image--layout-overlay__inner:hover .uagb-image-caption{opacity:1;transform:translate3d(0, 0, 0)}.wp-block-uagb-image--effect-zoomin .wp-block-uagb-image__figure img,.wp-block-uagb-image--effect-zoomin .wp-block-uagb-image__figure .wp-block-uagb-image--layout-overlay__color-wrapper{transform:scale(1);transition:transform 0.35s ease-in-out}.wp-block-uagb-image--effect-zoomin .wp-block-uagb-image__figure:hover img,.wp-block-uagb-image--effect-zoomin .wp-block-uagb-image__figure:hover .wp-block-uagb-image--layout-overlay__color-wrapper{transform:scale(1.05)}.wp-block-uagb-image--effect-slide .wp-block-uagb-image__figure img,.wp-block-uagb-image--effect-slide .wp-block-uagb-image__figure .wp-block-uagb-image--layout-overlay__color-wrapper{width:calc(100% + 40px) !important;max-width:none !important;transform:translate3d(-40px, 0, 0);transition:transform 0.35s ease-in-out}.wp-block-uagb-image--effect-slide .wp-block-uagb-image__figure:hover img,.wp-block-uagb-image--effect-slide .wp-block-uagb-image__figure:hover .wp-block-uagb-image--layout-overlay__color-wrapper{transform:translate3d(0, 0, 0)}.wp-block-uagb-image--effect-grayscale img{filter:grayscale(0%);transition:0.35s ease-in-out}.wp-block-uagb-image--effect-grayscale:hover img{filter:grayscale(100%)}.wp-block-uagb-image--effect-blur img{filter:blur(0);transition:0.35s ease-in-out}.wp-block-uagb-image--effect-blur:hover img{filter:blur(3px)}\n.uagb-block-e6f939b3.wp-block-uagb-image--layout-default figure img{box-shadow: 0px 0px 0 #00000070;}.uagb-block-e6f939b3.wp-block-uagb-image .wp-block-uagb-image__figure figcaption{font-style: normal;align-self: center;}.uagb-block-e6f939b3.wp-block-uagb-image--layout-overlay figure img{box-shadow: 0px 0px 0 #00000070;}.uagb-block-e6f939b3.wp-block-uagb-image--layout-overlay .wp-block-uagb-image--layout-overlay__color-wrapper{opacity: 0.2;}.uagb-block-e6f939b3.wp-block-uagb-image--layout-overlay .wp-block-uagb-image--layout-overlay__inner{left: 15px;right: 15px;top: 15px;bottom: 15px;}.uagb-block-e6f939b3.wp-block-uagb-image--layout-overlay .wp-block-uagb-image--layout-overlay__inner .uagb-image-heading{font-style: normal;color: #fff;opacity: 1;}.uagb-block-e6f939b3.wp-block-uagb-image--layout-overlay .wp-block-uagb-image--layout-overlay__inner .uagb-image-heading a{color: #fff;}.uagb-block-e6f939b3.wp-block-uagb-image--layout-overlay .wp-block-uagb-image--layout-overlay__inner .uagb-image-caption{opacity: 0;}.uagb-block-e6f939b3.wp-block-uagb-image--layout-overlay .wp-block-uagb-image__figure:hover .wp-block-uagb-image--layout-overlay__color-wrapper{opacity: 1;}.uagb-block-e6f939b3.wp-block-uagb-image .wp-block-uagb-image--layout-overlay__inner .uagb-image-separator{width: 30%;border-top-width: 2px;border-top-color: #fff;opacity: 0;}.uagb-block-e6f939b3.wp-block-uagb-image .wp-block-uagb-image__figure img{width: px;height: auto;}.uagb-block-e6f939b3.wp-block-uagb-image .wp-block-uagb-image__figure:hover .wp-block-uagb-image--layout-overlay__inner .uagb-image-caption{opacity: 1;}.uagb-block-e6f939b3.wp-block-uagb-image .wp-block-uagb-image__figure:hover .wp-block-uagb-image--layout-overlay__inner .uagb-image-separator{opacity: 1;}.uagb-block-e6f939b3.wp-block-uagb-image--layout-default figure:hover img{box-shadow: 0px 0px 0 #00000070;}.uagb-block-e6f939b3.wp-block-uagb-image--layout-overlay figure:hover img{box-shadow: 0px 0px 0 #00000070;}@media only screen and (max-width: 976px) {.uagb-block-e6f939b3.wp-block-uagb-image .wp-block-uagb-image__figure img{width: px;height: auto;}}@media only screen and (max-width: 767px) {.uagb-block-e6f939b3.wp-block-uagb-image .wp-block-uagb-image__figure img{width: px;height: auto;}}\";s:2:\"js\";s:0:\"\";s:18:\"current_block_list\";a:13:{i:0;s:11:\"core\/search\";i:1;s:10:\"core\/group\";i:2;s:12:\"core\/heading\";i:3;s:17:\"core\/latest-posts\";i:4;s:20:\"core\/latest-comments\";i:5;s:13:\"core\/archives\";i:6;s:15:\"core\/categories\";i:7;s:14:\"core\/paragraph\";i:8;s:10:\"uagb\/image\";i:9;s:11:\"core\/spacer\";i:10;s:30:\"woocommerce\/product-categories\";i:11;s:10:\"core\/image\";i:12;s:14:\"core\/shortcode\";}s:8:\"uag_flag\";b:1;s:11:\"uag_version\";s:10:\"1776643625\";s:6:\"gfonts\";a:0:{}s:10:\"gfonts_url\";s:0:\"\";s:12:\"gfonts_files\";a:0:{}s:14:\"uag_faq_layout\";b:0;}"]},"uagb_featured_image_src":{"full":["https:\/\/www.thcprotect.com\/wp-content\/uploads\/2025\/06\/THCcleaner.png",2560,2560,false],"thumbnail":["https:\/\/www.thcprotect.com\/wp-content\/uploads\/2025\/06\/THCcleaner-150x150.png",150,150,true],"medium":["https:\/\/www.thcprotect.com\/wp-content\/uploads\/2025\/06\/THCcleaner-300x300.png",300,300,true],"medium_large":["https:\/\/www.thcprotect.com\/wp-content\/uploads\/2025\/06\/THCcleaner-768x768.png",768,768,true],"large":["https:\/\/www.thcprotect.com\/wp-content\/uploads\/2025\/06\/THCcleaner-1024x1024.png",1024,1024,true],"1536x1536":["https:\/\/www.thcprotect.com\/wp-content\/uploads\/2025\/06\/THCcleaner-1536x1536.png",1536,1536,true],"2048x2048":["https:\/\/www.thcprotect.com\/wp-content\/uploads\/2025\/06\/THCcleaner-2048x2048.png",2048,2048,true],"trp-custom-language-flag":["https:\/\/www.thcprotect.com\/wp-content\/uploads\/2025\/06\/THCcleaner-12x12.png",12,12,true],"woocommerce_thumbnail":["https:\/\/www.thcprotect.com\/wp-content\/uploads\/2025\/06\/THCcleaner-300x300.png",300,300,true],"woocommerce_single":["https:\/\/www.thcprotect.com\/wp-content\/uploads\/2025\/06\/THCcleaner-600x600.png",600,600,true],"woocommerce_gallery_thumbnail":["https:\/\/www.thcprotect.com\/wp-content\/uploads\/2025\/06\/THCcleaner-100x100.png",100,100,true]},"uagb_author_info":{"display_name":"admin","author_link":"https:\/\/www.thcprotect.com\/hr\/author\/"},"uagb_comment_info":276,"uagb_excerpt":"The only anti-THC spray that guarantees 100% success. Our anti-THC spray is the only solution on the market that guarantees complete removal of THC residues from your mouth, giving you total confidence when you need it most. This is why we proudly offer a money-back guarantee, if you are not fully satisfied, we refund you.&hellip;","_links":{"self":[{"href":"https:\/\/www.thcprotect.com\/hr\/wp-json\/wp\/v2\/product\/22988","targetHints":{"allow":["GET"]}}],"collection":[{"href":"https:\/\/www.thcprotect.com\/hr\/wp-json\/wp\/v2\/product"}],"about":[{"href":"https:\/\/www.thcprotect.com\/hr\/wp-json\/wp\/v2\/types\/product"}],"replies":[{"embeddable":true,"href":"https:\/\/www.thcprotect.com\/hr\/wp-json\/wp\/v2\/comments?post=22988"}],"version-history":[{"count":9,"href":"https:\/\/www.thcprotect.com\/hr\/wp-json\/wp\/v2\/product\/22988\/revisions"}],"predecessor-version":[{"id":28795,"href":"https:\/\/www.thcprotect.com\/hr\/wp-json\/wp\/v2\/product\/22988\/revisions\/28795"}],"wp:featuredmedia":[{"embeddable":true,"href":"https:\/\/www.thcprotect.com\/hr\/wp-json\/wp\/v2\/media\/23037"}],"wp:attachment":[{"href":"https:\/\/www.thcprotect.com\/hr\/wp-json\/wp\/v2\/media?parent=22988"}],"wp:term":[{"taxonomy":"product_brand","embeddable":true,"href":"https:\/\/www.thcprotect.com\/hr\/wp-json\/wp\/v2\/product_brand?post=22988"},{"taxonomy":"product_cat","embeddable":true,"href":"https:\/\/www.thcprotect.com\/hr\/wp-json\/wp\/v2\/product_cat?post=22988"},{"taxonomy":"product_tag","embeddable":true,"href":"https:\/\/www.thcprotect.com\/hr\/wp-json\/wp\/v2\/product_tag?post=22988"}],"curies":[{"name":"radni list","href":"https:\/\/api.w.org\/{rel}","templated":true}]}}