{"id":22988,"date":"2025-06-09T19:44:43","date_gmt":"2025-06-09T17:44:43","guid":{"rendered":"https:\/\/www.thcprotect.com\/products\/thc-spray\/"},"modified":"2026-02-15T22:56:52","modified_gmt":"2026-02-15T21:56:52","slug":"thc-spray","status":"publish","type":"product","link":"https:\/\/www.thcprotect.com\/ee\/products\/thc-spray\/","title":{"rendered":"THC-vastane sprei (Kleaner)"},"content":{"rendered":"<p><strong><img decoding=\"async\" style=\"margin-right: 12px;\" src=\"https:\/\/www.thcprotect.com\/wp-content\/uploads\/2026\/02\/Check.svg\" alt=\"\" width=\"18\" height=\"15\" \/>Ainus THC-vastane sprei, mis tagab 100% edu.<\/strong> Meie THC-vastane sprei on ainus lahendus turul, mis tagab THC-j\u00e4\u00e4kide t\u00e4ieliku eemaldamise suust, andes teile t\u00e4ieliku kindlustunde, kui te seda k\u00f5ige rohkem vajate. Seep\u00e4rast pakume uhkusega raha tagasi garantiid, kui te ei ole t\u00e4ielikult rahul, tagastame teile raha. Ei mingeid kompromisse, ei mingit ebakindlust, vaid ainult garanteeritud tulemusi.<\/p>\n<p><strong><img decoding=\"async\" style=\"margin-right: 12px;\" src=\"https:\/\/www.thcprotect.com\/wp-content\/uploads\/2026\/02\/Check.svg\" alt=\"\" width=\"18\" height=\"15\" \/>Kohene toime, kaitse kestab kuni 6 tundi.<\/strong> Sprei toimib kohe p\u00e4rast pealekandmist, k\u00f5rvaldades THC j\u00e4ljed ja j\u00e4\u00e4km\u00fcrkained suu\u00f5\u00f5nes m\u00f5ne sekundiga. Selle pikaajaline toime kaitse kestab kuni 6 tundi, pakkudes pikaajalist kindlustunnet ja meelerahu.<\/p>\n<p><strong><img decoding=\"async\" style=\"margin-right: 12px;\" src=\"https:\/\/www.thcprotect.com\/wp-content\/uploads\/2026\/02\/Check.svg\" alt=\"\" width=\"18\" height=\"15\" \/>K\u00f5ige t\u00f5husam suukaudne detox-sprei, mis on saadaval.<\/strong> T\u00e4nu uuenduslikule ja hoolikalt v\u00e4ljat\u00f6\u00f6tatud valemile neutraliseerib ja eemaldab see THC-vastane sprei soovimatuid aineid otse suust. See annab kiire, usaldusv\u00e4\u00e4rse ja j\u00e4rjepideva tulemuse, \u00fcletades teisi suu puhastavaid tooteid.<\/p>\n<p><strong><img decoding=\"async\" style=\"margin-right: 12px;\" src=\"https:\/\/www.thcprotect.com\/wp-content\/uploads\/2026\/02\/Check.svg\" alt=\"\" width=\"18\" height=\"15\" \/>L\u00f6\u00f6matu hind.<\/strong> Pakume esmaklassilist kvaliteeti turu k\u00f5ige konkurentsiv\u00f5imelisemate hindadega. Saate kasu maksimaalsest t\u00f5hususest ja garanteeritud tulemuslikkusest, ilma et maksaksite \u00fclepaisutatud hindu. Parim kaitse ei pea maksma rohkem.<\/p>\n<p><strong><img decoding=\"async\" style=\"margin-right: 12px;\" src=\"https:\/\/www.thcprotect.com\/wp-content\/uploads\/2026\/02\/Check.svg\" alt=\"\" width=\"18\" height=\"15\" \/>Raha tagasi garantii t\u00e4ieliku usalduse tagamiseks.<\/strong> Me seisame t\u00e4ielikult meie THC-vastase sprei t\u00f5hususe eest. Kui te mingil p\u00f5hjusel ei ole rahul, siis tagastame teie ostu. Teie rahulolu on garanteeritud ja teie ost on t\u00e4iesti riskivaba.<\/p>\n<p><strong><img decoding=\"async\" style=\"margin-right: 12px;\" src=\"https:\/\/www.thcprotect.com\/wp-content\/uploads\/2026\/02\/Check.svg\" alt=\"\" width=\"18\" height=\"15\" \/>Kiire 24-tunnine tarne kiireloomuliste vajaduste korral.<\/strong> Pakume alati 24-tunnist kohaletoimetamist, tagades, et saate oma toote kiiresti ja diskreetselt k\u00e4tte. Kui ajastus on oluline, v\u00f5ite loota kiirele ja usaldusv\u00e4\u00e4rsele tarnimisele.<\/p>\n<p><strong><img decoding=\"async\" style=\"margin-right: 12px;\" src=\"https:\/\/www.thcprotect.com\/wp-content\/uploads\/2026\/02\/Check.svg\" alt=\"\" width=\"18\" height=\"15\" \/>Alkoholivaba ja \u00f5rn suule.<\/strong> Meie koostis on t\u00e4iesti alkoholivaba, mis t\u00e4hendab, et see austab teie loomulikku suu\u00f5\u00f5nefloorat ja ei kuivata teie suud. Erinevalt karmidest alternatiividest ei j\u00e4ta see p\u00f5letustunnet ega ebameeldivat j\u00e4relmaitset.<\/p>\n<p><strong><img decoding=\"async\" style=\"margin-right: 12px;\" src=\"https:\/\/www.thcprotect.com\/wp-content\/uploads\/2026\/02\/Check.svg\" alt=\"\" width=\"18\" height=\"15\" \/>100% orgaaniline ja looduslikest koostisosadest valmistatud.<\/strong> See sprei koosneb ainult looduslikest, orgaanilistest koostisosadest ilma keemiliste lisanditeta. See kaitseb teie tervist ja s\u00e4\u00e4stab samal ajal keskkonda, mist\u00f5ttu on see vastutustundlik ja ohutu valik.<\/p>\n<p><strong><img decoding=\"async\" style=\"margin-right: 12px;\" src=\"https:\/\/www.thcprotect.com\/wp-content\/uploads\/2026\/02\/Check.svg\" alt=\"\" width=\"18\" height=\"15\" \/>Ohutu ja k\u00f5rvalm\u00f5judeta.<\/strong> Hoolikalt formuleeritud k\u00f5igile kasutajatele, meie anti-THC-sprei on ohutu nii regulaarseks kui ka juhuslikuks kasutamiseks. See ei tekita \u00e4rritust, ebamugavustunnet ega suu\u00f5\u00f5netundlikkust, mis v\u00f5imaldab teil seda kasutada t\u00e4iesti rahulikult.<\/p>\n<p><strong><img decoding=\"async\" style=\"margin-right: 12px;\" src=\"https:\/\/www.thcprotect.com\/wp-content\/uploads\/2026\/02\/Check.svg\" alt=\"\" width=\"18\" height=\"15\" \/>Diskreetne, mugav ja kergesti kaasaskantav.<\/strong> Kompaktne pihustuspudel mahub h\u00f5lpsasti taskusse v\u00f5i kotti, mist\u00f5ttu on see ideaalne diskreetseks kasutamiseks alati, kui see on vajalik. Selle praktiline formaat v\u00f5imaldab kiiret pealekandmist ilma t\u00e4helepanu \u00e4ratamata.<\/p>\n<h2><strong>Kasutusjuhised<\/strong><\/h2>\n<ol>\n<li><strong>THC-vastase pihusti valmistamine:<\/strong> Enne igat kasutamist veenduge, et pihusti on toatemperatuuril, et oleks mugavam kasutada. Kui toode on kokku puutunud \u00e4\u00e4rmusliku temperatuuriga (v\u00e4ga kuum v\u00f5i v\u00e4ga k\u00fclm), laske sellel paar minutit stabiliseeruda. Samuti kontrollige enne korgi eemaldamist, et pudel oleks korralikult suletud.<\/li>\n<li><strong>Eemaldage kork:<\/strong> Alustage, eemaldades ettevaatlikult kaitsekorki pihustilt. See kork tagab, et pihusti j\u00e4\u00e4b puhtaks ja kasutusvalmis. P\u00e4rast eemaldamist veenduge, et pihusti on puhas. Vajaduse korral p\u00fchkige see puhta lapiga, et eemaldada tolm v\u00f5i lisandid.<\/li>\n<li><strong>Ettevalmistus:<\/strong> Seisa peegli ees, et saada hea \u00fclevaade suu sisemusest, mis aitab sul t\u00e4pselt pihustada. Avage suu laialt, et h\u00f5lbustada THC-vastase pihusti pealekandmist. Soovitatav on olla vaikses keskkonnas, et v\u00e4ltida pealekandmise ajal liikumist, mis tagab parema t\u00f5hususe.<\/li>\n<li><strong>Kandke toode suhu:<\/strong> Hoidke pudelit suust m\u00f5ne sentimeetri kaugusel, suunates pihusti konkreetsete piirkondade suunas. Pihustage toodet vastavalt vajadusele 3 kuni 4 pihustusega otse suhu. Veenduge, et THC-vastane pihusti jaotuks \u00fchtlaselt mitmesse piirkonda, sest see parandab selle t\u00f5husust.<\/li>\n<li><strong>Peamised sihtvaldkonnad:<\/strong> Maksimaalse t\u00f5hususe saavutamiseks on oluline pihustada toodet p\u00f5skede sisek\u00fclgedele, samuti keelele ja keele alla. Need piirkonnad on \u00fcliolulised, sest need imavad toote kiiresti endasse ja v\u00f5imaldavad koheselt toimida. Lisaks \u00e4rge unustage pihustada ka suu katust, mis sageli unustatakse, kuid mis on v\u00e4ga oluline, et maksimeerida THC-vastase pihusti m\u00f5ju.<\/li>\n<li><strong>Laske tootel suus ringelda:<\/strong> P\u00e4rast toote pihustamist \u00e4rge sulgege kohe suud ega neelake seda alla. Laske sellel umbes 5 kuni 15 sekundit ringelda. See aeg on oluline, et toode imenduks h\u00e4sti k\u00f5ikidesse suu limaskestadesse. Selle aja jooksul v\u00e4ltige joomist v\u00f5i s\u00f6\u00f6mist, et v\u00e4ltida THC-vastase pihusti t\u00f5hususe lahjendamist.<\/li>\n<li><strong>Kasutamise sagedus:<\/strong> See THC-vastane sprei on m\u00f5eldud nii, et see m\u00f5jub kohe, kuid selle toime kaob 6 tunni p\u00e4rast. V\u00f5ite korduvalt kasutada seda vastavalt vajadusele, ilma et tekiksid k\u00f5rvaltoimed. \u00c4rge siiski \u00fcletage 3-4 kasutuskorda p\u00e4evas.<\/li>\n<li><strong>Toote ladustamine:<\/strong> P\u00e4rast kasutamist asetage pudelil olev kork hoolikalt tagasi, et kaitsta otsikut mustuse ja tolmu eest. S\u00e4ilitage pudelit jahedas ja kuivas kohas, eemal otsesest p\u00e4ikesevalgusest, et s\u00e4ilitada toote toimeainete terviklikkust.<\/li>\n<li><strong>T\u00e4iendavad ettevaatusabin\u00f5ud:<\/strong> \u00c4rge neelake toodet suures koguses alla. Kui see juhtub kogemata, konsulteerige tervishoiut\u00f6\u00f6tajaga. V\u00e4ltida kokkupuudet silmadega. Kokkupuute korral loputada kohe veega. Hoida lastele k\u00e4ttesaamatus kohas.<\/li>\n<\/ol>\n<h2><strong>Ladustamistingimused<\/strong><\/h2>\n<ul>\n<li><strong>S\u00e4ilitustemperatuur:<\/strong> Veenduge, et THC-vastane sprei hoitakse keskkonnas, mille temperatuur j\u00e4\u00e4b vahemikku 0\u00b0C kuni 30\u00b0C, st 32\u00b0F kuni 86\u00b0F. Oluline on hoida toodet selles temperatuurivahemikus, et s\u00e4ilitada looduslike koostisosade aktiivsed omadused ja tagada optimaalne toime iga kasutuskorra puhul.<\/li>\n<li><strong>Kaitse:<\/strong> Pudelit tuleb hoida otsese p\u00e4ikesevalguse eest kaitstult. Pikaajaline kokkupuude UV-kiirgusega v\u00f5ib muuta valemit ja v\u00e4hendada selle t\u00f5husust. Parima tulemuse saavutamiseks hoidke pudelit pimedas kohas, n\u00e4iteks sahtlis v\u00f5i kapis, kui seda ei kasutata.<\/li>\n<li><strong>S\u00e4ilivusaeg:<\/strong> THC-vastase sprei, mida tuntakse ka Kleaneri nime all, s\u00e4ilivusaeg on kaks aastat alates tootmiskuup\u00e4evast. See pikk s\u00e4ilivusaeg on tagatud, kui toodet s\u00e4ilitatakse asjakohastes tingimustes ja kui pudel j\u00e4\u00e4b tihedalt suletuks, kui seda ei kasutata.<\/li>\n<li><strong>Kehtivusaeg:<\/strong> Teie ohutuse tagamiseks ja toote t\u00f5hususe tagamiseks kontrollige alati enne kasutamist pudelil m\u00e4rgitud k\u00f5lblikkusaega. Soovitatav on mitte kasutada toodet p\u00e4rast seda kuup\u00e4eva, kuna keemiline koostis ei pruugi enam tagada optimaalset THC-j\u00e4\u00e4kide eemaldamist.<\/li>\n<\/ul>","protected":false},"excerpt":{"rendered":"<p>The only anti-THC spray that guarantees 100% success. Our anti-THC spray is the only solution on the market that guarantees complete removal of THC residues from your mouth, giving you total confidence when you need it most. This is why we proudly offer a money-back guarantee, if you are not fully satisfied, we refund you. [&hellip;]<\/p>\n","protected":false},"featured_media":23037,"comment_status":"open","ping_status":"closed","template":"","meta":{"_uag_custom_page_level_css":"","site-sidebar-layout":"default","site-content-layout":"","ast-site-content-layout":"default","site-content-style":"default","site-sidebar-style":"default","ast-global-header-display":"","ast-banner-title-visibility":"","ast-main-header-display":"","ast-hfb-above-header-display":"","ast-hfb-below-header-display":"","ast-hfb-mobile-header-display":"","site-post-title":"","ast-breadcrumbs-content":"","ast-featured-img":"","footer-sml-layout":"","ast-disable-related-posts":"","theme-transparent-header-meta":"default","adv-header-id-meta":"","stick-header-meta":"","header-above-stick-meta":"","header-main-stick-meta":"","header-below-stick-meta":"","astra-migrate-meta-layouts":"set","ast-page-background-enabled":"default","ast-page-background-meta":{"desktop":{"background-color":"var(--ast-global-color-4)","background-image":"","background-repeat":"repeat","background-position":"center center","background-size":"auto","background-attachment":"scroll","background-type":"","background-media":"","overlay-type":"","overlay-color":"","overlay-opacity":"","overlay-gradient":""},"tablet":{"background-color":"","background-image":"","background-repeat":"repeat","background-position":"center center","background-size":"auto","background-attachment":"scroll","background-type":"","background-media":"","overlay-type":"","overlay-color":"","overlay-opacity":"","overlay-gradient":""},"mobile":{"background-color":"","background-image":"","background-repeat":"repeat","background-position":"center center","background-size":"auto","background-attachment":"scroll","background-type":"","background-media":"","overlay-type":"","overlay-color":"","overlay-opacity":"","overlay-gradient":""}},"ast-content-background-meta":{"desktop":{"background-color":"var(--ast-global-color-5)","background-image":"","background-repeat":"repeat","background-position":"center center","background-size":"auto","background-attachment":"scroll","background-type":"","background-media":"","overlay-type":"","overlay-color":"","overlay-opacity":"","overlay-gradient":""},"tablet":{"background-color":"var(--ast-global-color-5)","background-image":"","background-repeat":"repeat","background-position":"center center","background-size":"auto","background-attachment":"scroll","background-type":"","background-media":"","overlay-type":"","overlay-color":"","overlay-opacity":"","overlay-gradient":""},"mobile":{"background-color":"var(--ast-global-color-5)","background-image":"","background-repeat":"repeat","background-position":"center center","background-size":"auto","background-attachment":"scroll","background-type":"","background-media":"","overlay-type":"","overlay-color":"","overlay-opacity":"","overlay-gradient":""}}},"product_brand":[],"product_cat":[15],"product_tag":[],"class_list":{"0":"post-22988","1":"product","2":"type-product","3":"status-publish","4":"has-post-thumbnail","6":"product_cat-shop","7":"desktop-align-left","8":"tablet-align-left","9":"mobile-align-left","11":"first","12":"instock","13":"taxable","14":"shipping-taxable","15":"purchasable","16":"product-type-simple"},"spectra_custom_meta":{"_visibility":["visible"],"_shopify_product_id":["4635621064843"],"_s2w_shopify_domain":["thcprotect.myshopify.com"],"_shopify_variant_id":["32762404339851"],"_sku":["THCANTITHCSPRAY"],"_regular_price":["29.90"],"_price":["29.90"],"_sale_price":[""],"_weight":["0.15"],"_thumbnail_id":["23037"],"_global_unique_id":["5056773801158"],"total_sales":["4831"],"_tax_status":["taxable"],"_tax_class":[""],"_manage_stock":["no"],"_backorders":["no"],"_sold_individually":["no"],"_virtual":["no"],"_downloadable":["no"],"_download_limit":["-1"],"_download_expiry":["-1"],"_stock":[null],"_stock_status":["instock"],"_wc_average_rating":["4.75"],"_wc_review_count":["276"],"_product_version":["10.5.1"],"_wc_rating_count":["a:3:{i:3;i:15;i:4;i:39;i:5;i:222;}"],"_edit_lock":["1771192471:1"],"_edit_last":["1"],"_wp_page_template":["default"],"site-sidebar-layout":["default"],"ast-site-content-layout":["default"],"site-content-style":["default"],"site-sidebar-style":["default"],"theme-transparent-header-meta":["default"],"merchant-center-availability":["yes"],"_upsell_ids":["a:3:{i:0;i:23013;i:1;i:23024;i:2;i:23038;}"],"_crosssell_ids":["a:3:{i:0;i:23013;i:1;i:23024;i:2;i:23038;}"],"astra-migrate-meta-layouts":["set"],"_uag_css_file_name":["uag-css-22988.css"],"_elementor_page_assets":["a:0:{}"]},"uagb_featured_image_src":{"full":["https:\/\/www.thcprotect.com\/wp-content\/uploads\/2025\/06\/THCcleaner.png",2560,2560,false],"thumbnail":["https:\/\/www.thcprotect.com\/wp-content\/uploads\/2025\/06\/THCcleaner-150x150.png",150,150,true],"medium":["https:\/\/www.thcprotect.com\/wp-content\/uploads\/2025\/06\/THCcleaner-300x300.png",300,300,true],"medium_large":["https:\/\/www.thcprotect.com\/wp-content\/uploads\/2025\/06\/THCcleaner-768x768.png",768,768,true],"large":["https:\/\/www.thcprotect.com\/wp-content\/uploads\/2025\/06\/THCcleaner-1024x1024.png",1024,1024,true],"1536x1536":["https:\/\/www.thcprotect.com\/wp-content\/uploads\/2025\/06\/THCcleaner-1536x1536.png",1536,1536,true],"2048x2048":["https:\/\/www.thcprotect.com\/wp-content\/uploads\/2025\/06\/THCcleaner-2048x2048.png",2048,2048,true],"trp-custom-language-flag":["https:\/\/www.thcprotect.com\/wp-content\/uploads\/2025\/06\/THCcleaner-12x12.png",12,12,true],"woocommerce_thumbnail":["https:\/\/www.thcprotect.com\/wp-content\/uploads\/2025\/06\/THCcleaner-300x300.png",300,300,true],"woocommerce_single":["https:\/\/www.thcprotect.com\/wp-content\/uploads\/2025\/06\/THCcleaner-600x600.png",600,600,true],"woocommerce_gallery_thumbnail":["https:\/\/www.thcprotect.com\/wp-content\/uploads\/2025\/06\/THCcleaner-100x100.png",100,100,true]},"uagb_author_info":{"display_name":"admin","author_link":"https:\/\/www.thcprotect.com\/ee\/author\/"},"uagb_comment_info":276,"uagb_excerpt":"The only anti-THC spray that guarantees 100% success. Our anti-THC spray is the only solution on the market that guarantees complete removal of THC residues from your mouth, giving you total confidence when you need it most. This is why we proudly offer a money-back guarantee, if you are not fully satisfied, we refund you.&hellip;","_links":{"self":[{"href":"https:\/\/www.thcprotect.com\/ee\/wp-json\/wp\/v2\/product\/22988","targetHints":{"allow":["GET"]}}],"collection":[{"href":"https:\/\/www.thcprotect.com\/ee\/wp-json\/wp\/v2\/product"}],"about":[{"href":"https:\/\/www.thcprotect.com\/ee\/wp-json\/wp\/v2\/types\/product"}],"replies":[{"embeddable":true,"href":"https:\/\/www.thcprotect.com\/ee\/wp-json\/wp\/v2\/comments?post=22988"}],"version-history":[{"count":9,"href":"https:\/\/www.thcprotect.com\/ee\/wp-json\/wp\/v2\/product\/22988\/revisions"}],"predecessor-version":[{"id":28795,"href":"https:\/\/www.thcprotect.com\/ee\/wp-json\/wp\/v2\/product\/22988\/revisions\/28795"}],"wp:featuredmedia":[{"embeddable":true,"href":"https:\/\/www.thcprotect.com\/ee\/wp-json\/wp\/v2\/media\/23037"}],"wp:attachment":[{"href":"https:\/\/www.thcprotect.com\/ee\/wp-json\/wp\/v2\/media?parent=22988"}],"wp:term":[{"taxonomy":"product_brand","embeddable":true,"href":"https:\/\/www.thcprotect.com\/ee\/wp-json\/wp\/v2\/product_brand?post=22988"},{"taxonomy":"product_cat","embeddable":true,"href":"https:\/\/www.thcprotect.com\/ee\/wp-json\/wp\/v2\/product_cat?post=22988"},{"taxonomy":"product_tag","embeddable":true,"href":"https:\/\/www.thcprotect.com\/ee\/wp-json\/wp\/v2\/product_tag?post=22988"}],"curies":[{"name":"wp","href":"https:\/\/api.w.org\/{rel}","templated":true}]}}