{"id":22976,"date":"2025-06-09T19:44:33","date_gmt":"2025-06-09T17:44:33","guid":{"rendered":"https:\/\/www.thcprotect.com\/privacy-policy-2\/"},"modified":"2025-06-09T19:55:14","modified_gmt":"2025-06-09T17:55:14","slug":"privacy-policy","status":"publish","type":"page","link":"https:\/\/www.thcprotect.com\/de\/privacy-policy\/","title":{"rendered":"Datenschutzbestimmungen"},"content":{"rendered":"<p><strong>Artikel 1. Pr\u00e4sentation der Website<\/strong><\/p>\n<p>Den Nutzern der Website wird die Identit\u00e4t der Beteiligten im Zusammenhang mit der Erstellung und Weiterverfolgung der Website mitgeteilt:<\/p>\n<p>Eigent\u00fcmer : THC Protect LLC <br \/> Adresse: 18585 Coastal Hwy Unit 10 PMB 1008, Rehoboth Beach, DE 19971-6147, U.S.A.<br \/> Grundkapital: $ 100.000 USD<br \/> Rechtsform: Gesellschaft mit beschr\u00e4nkter Haftung<br \/> Aktenzeichen : 2530768<\/p>\n<p>Gastgeber : OVH SAS, 2 rue Kellermann, Roubaix 59100, Frankreich<\/p>\n<p><strong>Artikel 2. Allgemeine Bedingungen f\u00fcr die Nutzung der Website und der angebotenen Dienste<\/strong><\/p>\n<p>Die Nutzung der Website setzt die vollst\u00e4ndige Annahme der nachstehend beschriebenen allgemeinen Bedingungen voraus. Diese Nutzungsbedingungen k\u00f6nnen jederzeit ge\u00e4ndert oder erg\u00e4nzt werden. Die Nutzer werden daher aufgefordert, sie regelm\u00e4\u00dfig zu konsultieren.<\/p>\n<p>Die Website ist normalerweise f\u00fcr die Benutzer jederzeit zug\u00e4nglich. Eine Unterbrechung f\u00fcr die technische Wartung kann von THC Protect LLC entschieden werden, die sich bem\u00fchen wird, die Benutzer vor den Daten und Zeiten der Wartung zu kommunizieren.<\/p>\n<p>Diese Website wird von THC Protect LLC regelm\u00e4\u00dfig aktualisiert. Dies gilt auch f\u00fcr die rechtlichen Hinweise. Der Benutzer wird aufgefordert, diese h\u00e4ufig zu lesen, um sich mit ihnen vertraut zu machen.<\/p>\n<p><strong>Artikel 3. Beschreibung der erbrachten Dienstleistungen<\/strong><\/p>\n<p>Zweck der Website ist die Bereitstellung von Informationen \u00fcber die Produkte und Aktivit\u00e4ten des Unternehmens.<\/p>\n<p>THC Protect LLC ist bestrebt, m\u00f6glichst genaue und aktuelle Informationen zu liefern. THC Protect LLC kann nicht f\u00fcr Fehler, Auslassungen oder Unzul\u00e4nglichkeiten in den Aktualisierungen verantwortlich gemacht werden, weder von ihr selbst noch von dritten Partnern, die uns diese Informationen zur Verf\u00fcgung stellen.<\/p>\n<p>Alle auf dieser Website enthaltenen Informationen dienen nur zu Informationszwecken und k\u00f6nnen ge\u00e4ndert werden. Diese Informationen sind keineswegs ersch\u00f6pfend. Die Informationen sind Gegenstand von \u00c4nderungen, die seit der urspr\u00fcnglichen Ver\u00f6ffentlichung des Materials auf der Website vorgenommen wurden.<\/p>\n<p><strong>Artikel 4. Vertragliche Beschr\u00e4nkungen f\u00fcr technische Daten<\/strong><\/p>\n<p>Diese Website verwendet die JavaScript-Technologie.<\/p>\n<p>Die Website kann nicht f\u00fcr materielle Sch\u00e4den im Zusammenhang mit ihrer Nutzung verantwortlich gemacht werden. Der Nutzer verpflichtet sich, f\u00fcr den Zugriff auf die Website aktuelle, virenfreie Ger\u00e4te und einen aktuellen Browser der neuen Generation zu verwenden.<\/p>\n<p><strong>Artikel 5. Geistiges Eigentum und F\u00e4lschungen<\/strong><\/p>\n<p>THC Protect LLC ist der Inhaber der geistigen Eigentumsrechte oder besitzt die Nutzungsrechte an allen Elementen, die auf dieser Website zug\u00e4nglich sind. Insbesondere die Texte, Bilder, Grafiken, Logos, Icons, Sounds und Software.<\/p>\n<p>Jegliche Vervielf\u00e4ltigung, Darstellung, \u00c4nderung, Ver\u00f6ffentlichung, Anpassung aller oder eines Teils der Elemente dieser Website, unabh\u00e4ngig von den verwendeten Mitteln oder Verfahren, ist strengstens untersagt, es sei denn, es liegt eine vorherige schriftliche Genehmigung von THC Protect LLC vor.<\/p>\n<p>Jede unbefugte Nutzung der Website oder der darin enthaltenen Elemente durch den\/die Nutzer stellt einen Versto\u00df dar und wird strafrechtlich verfolgt.<\/p>\n<p><strong>Artikel 6. Begrenzung der Haftung<\/strong><\/p>\n<p>THC Protect LLC kann nicht haftbar gemacht werden f\u00fcr direkte oder indirekte Sch\u00e4den, die an der Ausr\u00fcstung des Benutzers beim Zugriff auf die Website. Sch\u00e4den, die durch die Verwendung von Ger\u00e4ten verursacht werden, die nicht den in Artikel 4 angegebenen Spezifikationen entsprechen, oder durch das Auftreten eines Bugs oder Virus.<\/p>\n<p>THC Protect LLC kann nicht haftbar gemacht werden f\u00fcr Folgesch\u00e4den wie z.B. Markt- oder Chancenverluste, die sich aus der Nutzung der Website ergeben.<\/p>\n<p>Interaktive Bereiche (in denen Nutzer Fragen stellen k\u00f6nnen) stehen den Nutzern zur Verf\u00fcgung. THC Protect LLC beh\u00e4lt sich das Recht vor, ohne Vorank\u00fcndigung jegliche Inhalte zu l\u00f6schen, die in diesem Bereich gepostet werden und gegen die geltende Gesetzgebung im Wohnsitzland des Nutzers versto\u00dfen. Dies gilt insbesondere f\u00fcr Bestimmungen zum Datenschutz. Gegebenenfalls beh\u00e4lt sich THC Protect LLC auch das Recht vor, die zivil- und\/oder strafrechtliche Haftung des Nutzers in Frage zu stellen. Dies gilt insbesondere f\u00fcr rassistische, beleidigende, verleumderische oder pornografische Inhalte, unabh\u00e4ngig vom verwendeten Medium (Text, Foto, etc.).<\/p>\n<p><strong>Artikel 7. Verwaltung der personenbezogenen Daten<\/strong><\/p>\n<p>Bei der Nutzung der Website kann Folgendes erfasst werden: die URL der Links, \u00fcber die der Nutzer auf die Website zugegriffen hat, der Zugangsprovider des Nutzers und die Protokolladresse (IP) des Nutzers.<\/p>\n<p>THC Protect LLC sammelt nur pers\u00f6nliche Informationen in Bezug auf den Benutzer f\u00fcr die Notwendigkeit von bestimmten Dienstleistungen, die von der Website angeboten. Der Benutzer stellt diese Informationen mit voller Kenntnis der Tatsachen bei der Eingabe. Es ist f\u00fcr den Benutzer der Website die Verpflichtung (oder nicht), um diese Informationen zu liefern angegeben.<\/p>\n<p>Gem\u00e4\u00df den Bestimmungen \u00fcber die Datenverarbeitung, die Dateien und die Freiheiten hat jeder Nutzer ein Recht auf Zugang, Berichtigung und Widerspruch zu den ihn betreffenden personenbezogenen Daten. Der Nutzer muss einen schriftlichen und unterzeichneten Antrag stellen, dem eine Kopie seines Ausweises mit Unterschrift des Inhabers des Dokuments beigef\u00fcgt ist, und die Adresse angeben, an die die Antwort zu senden ist.<\/p>\n<p>Keine pers\u00f6nlichen Daten der Nutzer der Website werden ohne Wissen und Zustimmung des Nutzers ver\u00f6ffentlicht, \u00fcbertragen, ausgetauscht oder auf irgendeinem Medium an Dritte verkauft. Nur die Annahme des Erwerbs von THC Protect LLC und seiner Rechte w\u00fcrde die \u00dcbertragung dieser Informationen an den zuk\u00fcnftigen K\u00e4ufer erlauben, der wiederum durch die gleiche Verpflichtung zur Speicherung und \u00c4nderung von Daten in Bezug auf die Nutzer der Website gebunden w\u00e4re.<\/p>\n<p>Die Datenbanken sind durch die Bestimmungen \u00fcber den rechtlichen Schutz von Datenbanken gesch\u00fctzt.<\/p>\n<p><strong>Artikel 8. Hypertext-Links und Cookies<\/strong><\/p>\n<p>Die Website enth\u00e4lt eine Reihe von Hypertext-Links zu anderen Websites, die mit der Genehmigung von THC Protect LLC eingerichtet wurden. Es kann angemerkt werden, dass THC Protect LLC nicht in der Lage ist, den Inhalt der so besuchten Seiten zu \u00fcberpr\u00fcfen, und \u00fcbernimmt daher keine Verantwortung f\u00fcr diese Tatsache.<\/p>\n<p>Das Surfen auf dieser Website kann die Installation von Cookies auf dem Computer des Benutzers verursachen. Ein Cookie ist eine kleine Datei, die keine Identifizierung des Benutzers erm\u00f6glicht, aber Informationen \u00fcber die Navigation eines Computers auf einer Website aufzeichnen kann. Die gewonnenen Daten sollen die weitere Navigation auf der Website erleichtern und k\u00f6nnen die Besucherzahl messen.<\/p>\n<p>Die Ablehnung von Cookies kann den Zugang zu bestimmten Diensten unm\u00f6glich machen. Der Nutzer kann seinen Computer wie folgt konfigurieren, um die Installation von Cookies abzulehnen:<\/p>\n<p>Internet Explorer : W\u00e4hlen Sie die Einstellungen (Zahnradsymbol oben rechts) W\u00e4hlen Sie Internetoptionen. Klicken Sie auf Datenschutz und w\u00e4hlen Sie Alle Cookies blockieren. Best\u00e4tigen Sie ok.<\/p>\n<p>Firefox : Klicken Sie oben im Browserfenster auf den Firefox-Button und dann auf die Registerkarte Optionen. Klicken Sie auf die Registerkarte Datenschutz. Stellen Sie die Aufbewahrungsregeln auf: Benutzerdefinierte Einstellungen f\u00fcr den Verlauf verwenden. Deaktivieren Sie schlie\u00dflich das H\u00e4kchen, um Cookies zu deaktivieren.<\/p>\n<p>In Safari: Klicken Sie oben rechts im Browser auf das Men\u00fcsymbol (Zahnradsymbol). W\u00e4hlen Sie Einstellungen. Klicken Sie auf Erweiterte Einstellungen anzeigen. Klicken Sie im Abschnitt \"Datenschutz\" auf Inhaltseinstellungen. In der Rubrik \"Cookies\" k\u00f6nnen Sie Cookies blockieren.<\/p>\n<p>In Chrome: Klicken Sie oben rechts im Browser auf das Men\u00fcsymbol (Symbol aus 3 horizontalen Linien). W\u00e4hlen Sie Einstellungen. Klicken Sie auf Erweiterte Einstellungen anzeigen. Klicken Sie im Abschnitt \"Datenschutz\" auf Einstellungen. W\u00e4hlen Sie Cookies blockieren.<\/p>\n<p>\u00a0<strong>Artikel 9. Anwendbares Recht und Zuweisung der Zust\u00e4ndigkeit<\/strong><\/p>\n<p>Jede Streitigkeit im Zusammenhang mit der Nutzung der Website unterliegt dem geltenden Recht im Wohnsitzland des Verk\u00e4ufers. Die ausschlie\u00dfliche Zust\u00e4ndigkeit liegt bei den zust\u00e4ndigen Gerichten im Wohnsitzland des Verk\u00e4ufers.<\/p>\n<p>\u00a0<strong>Artikel 10. Glossar<\/strong><\/p>\n<p>Benutzer: Internetnutzer, der sich online mit der oben genannten Website verbindet.<\/p>\n<p>Personenbezogene Daten: Informationen, die in irgendeiner Weise direkt oder indirekt die Identifizierung der Person(en) erm\u00f6glichen, auf die sie sich beziehen.<\/p>","protected":false},"excerpt":{"rendered":"<p>Article 1. Presentation of the website It is specified to the users of the website, the identity of the stakeholders in the context of its creation and follow up : Owner : THC Protect LLC Address : 18585 Coastal Hwy Unit 10 PMB 1008, Rehoboth Beach, DE 19971-6147, U.S.A. Share capital : $ 100,000 USD [&hellip;]<\/p>\n","protected":false},"author":1,"featured_media":0,"parent":0,"menu_order":0,"comment_status":"closed","ping_status":"closed","template":"","meta":{"_uag_custom_page_level_css":"","site-sidebar-layout":"default","site-content-layout":"","ast-site-content-layout":"default","site-content-style":"default","site-sidebar-style":"default","ast-global-header-display":"","ast-banner-title-visibility":"","ast-main-header-display":"","ast-hfb-above-header-display":"","ast-hfb-below-header-display":"","ast-hfb-mobile-header-display":"","site-post-title":"","ast-breadcrumbs-content":"","ast-featured-img":"","footer-sml-layout":"","ast-disable-related-posts":"","theme-transparent-header-meta":"","adv-header-id-meta":"","stick-header-meta":"","header-above-stick-meta":"","header-main-stick-meta":"","header-below-stick-meta":"","astra-migrate-meta-layouts":"default","ast-page-background-enabled":"default","ast-page-background-meta":{"desktop":{"background-color":"var(--ast-global-color-4)","background-image":"","background-repeat":"repeat","background-position":"center center","background-size":"auto","background-attachment":"scroll","background-type":"","background-media":"","overlay-type":"","overlay-color":"","overlay-opacity":"","overlay-gradient":""},"tablet":{"background-color":"","background-image":"","background-repeat":"repeat","background-position":"center center","background-size":"auto","background-attachment":"scroll","background-type":"","background-media":"","overlay-type":"","overlay-color":"","overlay-opacity":"","overlay-gradient":""},"mobile":{"background-color":"","background-image":"","background-repeat":"repeat","background-position":"center center","background-size":"auto","background-attachment":"scroll","background-type":"","background-media":"","overlay-type":"","overlay-color":"","overlay-opacity":"","overlay-gradient":""}},"ast-content-background-meta":{"desktop":{"background-color":"var(--ast-global-color-5)","background-image":"","background-repeat":"repeat","background-position":"center center","background-size":"auto","background-attachment":"scroll","background-type":"","background-media":"","overlay-type":"","overlay-color":"","overlay-opacity":"","overlay-gradient":""},"tablet":{"background-color":"var(--ast-global-color-5)","background-image":"","background-repeat":"repeat","background-position":"center center","background-size":"auto","background-attachment":"scroll","background-type":"","background-media":"","overlay-type":"","overlay-color":"","overlay-opacity":"","overlay-gradient":""},"mobile":{"background-color":"var(--ast-global-color-5)","background-image":"","background-repeat":"repeat","background-position":"center center","background-size":"auto","background-attachment":"scroll","background-type":"","background-media":"","overlay-type":"","overlay-color":"","overlay-opacity":"","overlay-gradient":""}},"footnotes":""},"class_list":["post-22976","page","type-page","status-publish","hentry"],"spectra_custom_meta":{"_s2w_shopify_page_id":["53892612235"],"_s2w_shopify_domain":["thcprotect.myshopify.com"],"_edit_last":["1"],"_wp_page_template":["default"],"_edit_lock":["1749491715:1"],"_uag_css_file_name":["uag-css-22976.css"],"_uag_page_assets":["a:9:{s:3:\"css\";s:7156:\".uag-blocks-common-selector{z-index:var(--z-index-desktop) !important}@media (max-width: 976px){.uag-blocks-common-selector{z-index:var(--z-index-tablet) !important}}@media (max-width: 767px){.uag-blocks-common-selector{z-index:var(--z-index-mobile) !important}}\n.wp-block-uagb-image{display:flex}.wp-block-uagb-image__figure{position:relative;display:flex;flex-direction:column;max-width:100%;height:auto;margin:0}.wp-block-uagb-image__figure img{height:auto;display:flex;max-width:100%;transition:box-shadow 0.2s ease}.wp-block-uagb-image__figure>a{display:inline-block}.wp-block-uagb-image__figure figcaption{text-align:center;margin-top:0.5em;margin-bottom:1em}.wp-block-uagb-image .components-placeholder.block-editor-media-placeholder .components-placeholder__instructions{align-self:center}.wp-block-uagb-image--align-left{text-align:left}.wp-block-uagb-image--align-right{text-align:right}.wp-block-uagb-image--align-center{text-align:center}.wp-block-uagb-image--align-full .wp-block-uagb-image__figure{margin-left:calc(50% - 50vw);margin-right:calc(50% - 50vw);max-width:100vw;width:100vw;height:auto}.wp-block-uagb-image--align-full .wp-block-uagb-image__figure img{height:auto;width:100% !important}.wp-block-uagb-image--align-wide .wp-block-uagb-image__figure img{height:auto;width:100%}.wp-block-uagb-image--layout-overlay__color-wrapper{position:absolute;left:0;top:0;right:0;bottom:0;opacity:0.2;background:rgba(0,0,0,0.5);transition:opacity 0.35s ease-in-out}.wp-block-uagb-image--layout-overlay-link{position:absolute;left:0;right:0;bottom:0;top:0}.wp-block-uagb-image--layout-overlay .wp-block-uagb-image__figure:hover .wp-block-uagb-image--layout-overlay__color-wrapper{opacity:1}.wp-block-uagb-image--layout-overlay__inner{position:absolute;left:15px;right:15px;bottom:15px;top:15px;display:flex;align-items:center;justify-content:center;flex-direction:column;border-color:#fff;transition:0.35s ease-in-out}.wp-block-uagb-image--layout-overlay__inner.top-left,.wp-block-uagb-image--layout-overlay__inner.top-center,.wp-block-uagb-image--layout-overlay__inner.top-right{justify-content:flex-start}.wp-block-uagb-image--layout-overlay__inner.bottom-left,.wp-block-uagb-image--layout-overlay__inner.bottom-center,.wp-block-uagb-image--layout-overlay__inner.bottom-right{justify-content:flex-end}.wp-block-uagb-image--layout-overlay__inner.top-left,.wp-block-uagb-image--layout-overlay__inner.center-left,.wp-block-uagb-image--layout-overlay__inner.bottom-left{align-items:flex-start}.wp-block-uagb-image--layout-overlay__inner.top-right,.wp-block-uagb-image--layout-overlay__inner.center-right,.wp-block-uagb-image--layout-overlay__inner.bottom-right{align-items:flex-end}.wp-block-uagb-image--layout-overlay__inner .uagb-image-heading{color:#fff;transition:transform 0.35s, opacity 0.35s ease-in-out;transform:translate3d(0, 24px, 0);margin:0;line-height:1em}.wp-block-uagb-image--layout-overlay__inner .uagb-image-separator{width:30%;border-top-width:2px;border-top-color:#fff;border-top-style:solid;margin-bottom:10px;opacity:0;transition:transform 0.4s, opacity 0.4s ease-in-out;transform:translate3d(0, 30px, 0)}.wp-block-uagb-image--layout-overlay__inner .uagb-image-caption{opacity:0;overflow:visible;color:#fff;transition:transform 0.45s, opacity 0.45s ease-in-out;transform:translate3d(0, 35px, 0)}.wp-block-uagb-image--layout-overlay__inner:hover .uagb-image-heading,.wp-block-uagb-image--layout-overlay__inner:hover .uagb-image-separator,.wp-block-uagb-image--layout-overlay__inner:hover .uagb-image-caption{opacity:1;transform:translate3d(0, 0, 0)}.wp-block-uagb-image--effect-zoomin .wp-block-uagb-image__figure img,.wp-block-uagb-image--effect-zoomin .wp-block-uagb-image__figure .wp-block-uagb-image--layout-overlay__color-wrapper{transform:scale(1);transition:transform 0.35s ease-in-out}.wp-block-uagb-image--effect-zoomin .wp-block-uagb-image__figure:hover img,.wp-block-uagb-image--effect-zoomin .wp-block-uagb-image__figure:hover .wp-block-uagb-image--layout-overlay__color-wrapper{transform:scale(1.05)}.wp-block-uagb-image--effect-slide .wp-block-uagb-image__figure img,.wp-block-uagb-image--effect-slide .wp-block-uagb-image__figure .wp-block-uagb-image--layout-overlay__color-wrapper{width:calc(100% + 40px) !important;max-width:none !important;transform:translate3d(-40px, 0, 0);transition:transform 0.35s ease-in-out}.wp-block-uagb-image--effect-slide .wp-block-uagb-image__figure:hover img,.wp-block-uagb-image--effect-slide .wp-block-uagb-image__figure:hover .wp-block-uagb-image--layout-overlay__color-wrapper{transform:translate3d(0, 0, 0)}.wp-block-uagb-image--effect-grayscale img{filter:grayscale(0%);transition:0.35s ease-in-out}.wp-block-uagb-image--effect-grayscale:hover img{filter:grayscale(100%)}.wp-block-uagb-image--effect-blur img{filter:blur(0);transition:0.35s ease-in-out}.wp-block-uagb-image--effect-blur:hover img{filter:blur(3px)}\n.uagb-block-e6f939b3.wp-block-uagb-image--layout-default figure img{box-shadow: 0px 0px 0 #00000070;}.uagb-block-e6f939b3.wp-block-uagb-image .wp-block-uagb-image__figure figcaption{font-style: normal;align-self: center;}.uagb-block-e6f939b3.wp-block-uagb-image--layout-overlay figure img{box-shadow: 0px 0px 0 #00000070;}.uagb-block-e6f939b3.wp-block-uagb-image--layout-overlay .wp-block-uagb-image--layout-overlay__color-wrapper{opacity: 0.2;}.uagb-block-e6f939b3.wp-block-uagb-image--layout-overlay .wp-block-uagb-image--layout-overlay__inner{left: 15px;right: 15px;top: 15px;bottom: 15px;}.uagb-block-e6f939b3.wp-block-uagb-image--layout-overlay .wp-block-uagb-image--layout-overlay__inner .uagb-image-heading{font-style: normal;color: #fff;opacity: 1;}.uagb-block-e6f939b3.wp-block-uagb-image--layout-overlay .wp-block-uagb-image--layout-overlay__inner .uagb-image-heading a{color: #fff;}.uagb-block-e6f939b3.wp-block-uagb-image--layout-overlay .wp-block-uagb-image--layout-overlay__inner .uagb-image-caption{opacity: 0;}.uagb-block-e6f939b3.wp-block-uagb-image--layout-overlay .wp-block-uagb-image__figure:hover .wp-block-uagb-image--layout-overlay__color-wrapper{opacity: 1;}.uagb-block-e6f939b3.wp-block-uagb-image .wp-block-uagb-image--layout-overlay__inner .uagb-image-separator{width: 30%;border-top-width: 2px;border-top-color: #fff;opacity: 0;}.uagb-block-e6f939b3.wp-block-uagb-image .wp-block-uagb-image__figure img{width: px;height: auto;}.uagb-block-e6f939b3.wp-block-uagb-image .wp-block-uagb-image__figure:hover .wp-block-uagb-image--layout-overlay__inner .uagb-image-caption{opacity: 1;}.uagb-block-e6f939b3.wp-block-uagb-image .wp-block-uagb-image__figure:hover .wp-block-uagb-image--layout-overlay__inner .uagb-image-separator{opacity: 1;}.uagb-block-e6f939b3.wp-block-uagb-image--layout-default figure:hover img{box-shadow: 0px 0px 0 #00000070;}.uagb-block-e6f939b3.wp-block-uagb-image--layout-overlay figure:hover img{box-shadow: 0px 0px 0 #00000070;}@media only screen and (max-width: 976px) {.uagb-block-e6f939b3.wp-block-uagb-image .wp-block-uagb-image__figure img{width: px;height: auto;}}@media only screen and (max-width: 767px) {.uagb-block-e6f939b3.wp-block-uagb-image .wp-block-uagb-image__figure img{width: px;height: auto;}}\";s:2:\"js\";s:0:\"\";s:18:\"current_block_list\";a:13:{i:0;s:11:\"core\/search\";i:1;s:10:\"core\/group\";i:2;s:12:\"core\/heading\";i:3;s:17:\"core\/latest-posts\";i:4;s:20:\"core\/latest-comments\";i:5;s:13:\"core\/archives\";i:6;s:15:\"core\/categories\";i:7;s:14:\"core\/paragraph\";i:8;s:10:\"uagb\/image\";i:9;s:11:\"core\/spacer\";i:10;s:30:\"woocommerce\/product-categories\";i:11;s:10:\"core\/image\";i:12;s:14:\"core\/shortcode\";}s:8:\"uag_flag\";b:1;s:11:\"uag_version\";s:10:\"1776614741\";s:6:\"gfonts\";a:0:{}s:10:\"gfonts_url\";s:0:\"\";s:12:\"gfonts_files\";a:0:{}s:14:\"uag_faq_layout\";b:0;}"]},"uagb_featured_image_src":{"full":false,"thumbnail":false,"medium":false,"medium_large":false,"large":false,"1536x1536":false,"2048x2048":false,"trp-custom-language-flag":false,"woocommerce_thumbnail":false,"woocommerce_single":false,"woocommerce_gallery_thumbnail":false},"uagb_author_info":{"display_name":"admin","author_link":"https:\/\/www.thcprotect.com\/de\/author\/admin2721\/"},"uagb_comment_info":0,"uagb_excerpt":"Article 1. Presentation of the website It is specified to the users of the website, the identity of the stakeholders in the context of its creation and follow up : Owner : THC Protect LLC Address : 18585 Coastal Hwy Unit 10 PMB 1008, Rehoboth Beach, DE 19971-6147, U.S.A. Share capital : $ 100,000 USD&hellip;","_links":{"self":[{"href":"https:\/\/www.thcprotect.com\/de\/wp-json\/wp\/v2\/pages\/22976","targetHints":{"allow":["GET"]}}],"collection":[{"href":"https:\/\/www.thcprotect.com\/de\/wp-json\/wp\/v2\/pages"}],"about":[{"href":"https:\/\/www.thcprotect.com\/de\/wp-json\/wp\/v2\/types\/page"}],"author":[{"embeddable":true,"href":"https:\/\/www.thcprotect.com\/de\/wp-json\/wp\/v2\/users\/1"}],"replies":[{"embeddable":true,"href":"https:\/\/www.thcprotect.com\/de\/wp-json\/wp\/v2\/comments?post=22976"}],"version-history":[{"count":1,"href":"https:\/\/www.thcprotect.com\/de\/wp-json\/wp\/v2\/pages\/22976\/revisions"}],"predecessor-version":[{"id":23135,"href":"https:\/\/www.thcprotect.com\/de\/wp-json\/wp\/v2\/pages\/22976\/revisions\/23135"}],"wp:attachment":[{"href":"https:\/\/www.thcprotect.com\/de\/wp-json\/wp\/v2\/media?parent=22976"}],"curies":[{"name":"wp","href":"https:\/\/api.w.org\/{rel}","templated":true}]}}