{"id":22988,"date":"2025-06-09T19:44:43","date_gmt":"2025-06-09T17:44:43","guid":{"rendered":"https:\/\/www.thcprotect.com\/products\/thc-spray\/"},"modified":"2026-02-15T22:56:52","modified_gmt":"2026-02-15T21:56:52","slug":"thc-spray","status":"publish","type":"product","link":"https:\/\/www.thcprotect.com\/ca-fr\/products\/thc-spray\/","title":{"rendered":"Spray anti-THC (Kleaner)"},"content":{"rendered":"<p><strong><img decoding=\"async\" style=\"margin-right: 12px;\" src=\"https:\/\/www.thcprotect.com\/wp-content\/uploads\/2026\/02\/Check.svg\" alt=\"\" width=\"18\" height=\"15\" \/>Le seul spray anti-THC qui garantit le succ\u00e8s de 100%.<\/strong> Notre spray anti-THC est la seule solution sur le march\u00e9 qui garantit l'\u00e9limination compl\u00e8te des r\u00e9sidus de THC dans votre bouche, vous donnant une confiance totale lorsque vous en avez le plus besoin. C'est pourquoi nous sommes fiers d'offrir une garantie de remboursement, si vous n'\u00eates pas enti\u00e8rement satisfait, nous vous remboursons. Pas de compromis, pas d'incertitude, juste des r\u00e9sultats garantis.<\/p>\n<p><strong><img decoding=\"async\" style=\"margin-right: 12px;\" src=\"https:\/\/www.thcprotect.com\/wp-content\/uploads\/2026\/02\/Check.svg\" alt=\"\" width=\"18\" height=\"15\" \/>Action imm\u00e9diate avec une protection qui dure jusqu'\u00e0 6 heures.<\/strong> Le spray agit imm\u00e9diatement apr\u00e8s l'application, \u00e9liminant les traces de THC et les toxines r\u00e9siduelles de la cavit\u00e9 buccale en quelques secondes. Son action durable continue de fournir une protection jusqu'\u00e0 6 heures, offrant ainsi une assurance et une tranquillit\u00e9 d'esprit accrues.<\/p>\n<p><strong><img decoding=\"async\" style=\"margin-right: 12px;\" src=\"https:\/\/www.thcprotect.com\/wp-content\/uploads\/2026\/02\/Check.svg\" alt=\"\" width=\"18\" height=\"15\" \/>Le spray oral de d\u00e9sintoxication le plus efficace qui soit.<\/strong> Gr\u00e2ce \u00e0 sa formule innovante et soigneusement \u00e9labor\u00e9e, ce spray anti-THC neutralise et \u00e9limine les substances ind\u00e9sirables directement dans la bouche. Il offre des r\u00e9sultats rapides, fiables et constants, surpassant les autres produits de nettoyage buccal.<\/p>\n<p><strong><img decoding=\"async\" style=\"margin-right: 12px;\" src=\"https:\/\/www.thcprotect.com\/wp-content\/uploads\/2026\/02\/Check.svg\" alt=\"\" width=\"18\" height=\"15\" \/>Prix imbattable.<\/strong> Nous offrons une qualit\u00e9 sup\u00e9rieure au prix le plus comp\u00e9titif du march\u00e9. Vous b\u00e9n\u00e9ficiez d'une efficacit\u00e9 maximale et d'une performance garantie sans avoir \u00e0 payer des prix exorbitants. La meilleure protection ne doit pas co\u00fbter plus cher.<\/p>\n<p><strong><img decoding=\"async\" style=\"margin-right: 12px;\" src=\"https:\/\/www.thcprotect.com\/wp-content\/uploads\/2026\/02\/Check.svg\" alt=\"\" width=\"18\" height=\"15\" \/>Garantie de remboursement pour une confiance totale.<\/strong> Nous nous portons garants de l'efficacit\u00e9 de notre spray anti-THC. Si, pour quelque raison que ce soit, vous n'\u00eates pas satisfait, nous vous rembourserons votre achat. Votre satisfaction est garantie et votre achat est totalement sans risque.<\/p>\n<p><strong><img decoding=\"async\" style=\"margin-right: 12px;\" src=\"https:\/\/www.thcprotect.com\/wp-content\/uploads\/2026\/02\/Check.svg\" alt=\"\" width=\"18\" height=\"15\" \/>Livraison rapide en 24 heures pour les besoins urgents.<\/strong> Nous assurons toujours une livraison en 24 heures, ce qui vous permet de recevoir votre produit rapidement et en toute discr\u00e9tion. Lorsque le temps compte, vous pouvez compter sur une livraison rapide et fiable.<\/p>\n<p><strong><img decoding=\"async\" style=\"margin-right: 12px;\" src=\"https:\/\/www.thcprotect.com\/wp-content\/uploads\/2026\/02\/Check.svg\" alt=\"\" width=\"18\" height=\"15\" \/>Sans alcool et doux pour la bouche.<\/strong> Notre formule est totalement sans alcool, ce qui signifie qu'elle respecte votre flore buccale naturelle et ne dess\u00e8che pas votre bouche. Contrairement aux produits agressifs, elle ne laisse pas de sensation de br\u00fblure ni d'arri\u00e8re-go\u00fbt d\u00e9sagr\u00e9able.<\/p>\n<p><strong><img decoding=\"async\" style=\"margin-right: 12px;\" src=\"https:\/\/www.thcprotect.com\/wp-content\/uploads\/2026\/02\/Check.svg\" alt=\"\" width=\"18\" height=\"15\" \/>100% biologique et fabriqu\u00e9 \u00e0 partir d'ingr\u00e9dients naturels.<\/strong> Ce spray est compos\u00e9 exclusivement d'ingr\u00e9dients naturels et biologiques, sans additifs chimiques. Il prot\u00e8ge votre sant\u00e9 tout en respectant l'environnement, ce qui en fait un choix responsable et s\u00fbr.<\/p>\n<p><strong><img decoding=\"async\" style=\"margin-right: 12px;\" src=\"https:\/\/www.thcprotect.com\/wp-content\/uploads\/2026\/02\/Check.svg\" alt=\"\" width=\"18\" height=\"15\" \/>S\u00fbr et sans effets secondaires.<\/strong> Soigneusement formul\u00e9 pour tous les utilisateurs, notre spray anti-THC est s\u00fbr pour un usage r\u00e9gulier ou occasionnel. Il ne provoque pas d'irritation, d'inconfort ou de sensibilit\u00e9 buccale, ce qui vous permet de l'utiliser en toute s\u00e9r\u00e9nit\u00e9.<\/p>\n<p><strong><img decoding=\"async\" style=\"margin-right: 12px;\" src=\"https:\/\/www.thcprotect.com\/wp-content\/uploads\/2026\/02\/Check.svg\" alt=\"\" width=\"18\" height=\"15\" \/>Discret, pratique et facile \u00e0 transporter.<\/strong> Le flacon pulv\u00e9risateur compact se glisse facilement dans une poche ou un sac, ce qui le rend id\u00e9al pour une utilisation discr\u00e8te lorsque cela est n\u00e9cessaire. Son format pratique permet une application rapide sans attirer l'attention.<\/p>\n<h2><strong>Instructions d'utilisation<\/strong><\/h2>\n<ol>\n<li><strong>Pr\u00e9paration du spray anti-THC :<\/strong> Avant chaque utilisation, s'assurer que le spray est \u00e0 temp\u00e9rature ambiante pour un meilleur confort d'application. Si le produit a \u00e9t\u00e9 expos\u00e9 \u00e0 des temp\u00e9ratures extr\u00eames (tr\u00e8s chaudes ou tr\u00e8s froides), laissez-le se stabiliser pendant quelques minutes. V\u00e9rifiez \u00e9galement que le flacon est bien ferm\u00e9 avant de retirer le bouchon.<\/li>\n<li><strong>Retirer le bouchon :<\/strong> Commencez par retirer d\u00e9licatement le capuchon protecteur du spray. Ce capuchon garantit que la buse reste propre et pr\u00eate \u00e0 l'emploi. Une fois le capuchon retir\u00e9, assurez-vous que la buse est propre. Si n\u00e9cessaire, essuyez-la avec un chiffon propre pour \u00e9liminer toute poussi\u00e8re ou impuret\u00e9.<\/li>\n<li><strong>Pr\u00e9paration :<\/strong> Placez-vous devant un miroir pour bien voir l'int\u00e9rieur de votre bouche, ce qui vous aidera \u00e0 pulv\u00e9riser avec pr\u00e9cision. Ouvrez grand la bouche pour faciliter l'application du spray anti-THC. Il est conseill\u00e9 d'\u00eatre dans un environnement calme pour \u00e9viter de bouger pendant l'application, ce qui garantit une meilleure efficacit\u00e9.<\/li>\n<li><strong>Appliquer le produit dans la bouche :<\/strong> Tenez le flacon \u00e0 quelques centim\u00e8tres de votre bouche, en dirigeant l'embout vers des zones sp\u00e9cifiques. Vaporisez le produit directement dans la bouche en 3 ou 4 fois, selon les besoins. Veillez \u00e0 ce que le spray anti-THC soit r\u00e9parti uniform\u00e9ment sur plusieurs zones, afin d'en am\u00e9liorer l'efficacit\u00e9.<\/li>\n<li><strong>Cibler les domaines cl\u00e9s :<\/strong> Pour une efficacit\u00e9 maximale, il est essentiel de vaporiser le produit sur les parois internes des joues, ainsi que sur et sous la langue. Ces zones sont cruciales car elles absorbent rapidement le produit et permettent une action imm\u00e9diate. De plus, n'oubliez pas d'appliquer un spray sur le palais, une zone souvent oubli\u00e9e mais tr\u00e8s importante pour maximiser l'effet du spray anti-THC.<\/li>\n<li><strong>Laissez le produit circuler dans votre bouche :<\/strong> Apr\u00e8s avoir vaporis\u00e9 le produit, ne fermez pas imm\u00e9diatement la bouche et n'avalez pas le produit. Laissez-le circuler pendant 5 \u00e0 15 secondes. Ce temps est crucial pour que le produit soit bien absorb\u00e9 par toutes les muqueuses de la bouche. Pendant cette p\u00e9riode, \u00e9vitez de boire ou de manger pour ne pas diluer l'efficacit\u00e9 du spray anti-THC.<\/li>\n<li><strong>Fr\u00e9quence d'utilisation :<\/strong> Ce spray anti-THC est con\u00e7u pour \u00eatre efficace imm\u00e9diatement, mais ses effets s'estompent au bout de 6 heures. Vous pouvez r\u00e9p\u00e9ter l'application autant que n\u00e9cessaire, sans risque d'effets secondaires. Toutefois, ne d\u00e9passez pas 3 \u00e0 4 applications par jour.<\/li>\n<li><strong>Stockage du produit :<\/strong> Apr\u00e8s utilisation, replacez soigneusement le bouchon sur le flacon pour prot\u00e9ger l'embout de la salet\u00e9 et de la poussi\u00e8re. Conservez le flacon dans un endroit frais et sec, \u00e0 l'abri de la lumi\u00e8re directe du soleil, afin de pr\u00e9server l'int\u00e9grit\u00e9 des ingr\u00e9dients actifs du produit.<\/li>\n<li><strong>Pr\u00e9cautions suppl\u00e9mentaires :<\/strong> N'avalez pas de grandes quantit\u00e9s du produit. Si cela se produit accidentellement, consultez un professionnel de la sant\u00e9. \u00c9viter tout contact avec les yeux. En cas de contact, rincer imm\u00e9diatement \u00e0 l'eau. Tenir hors de port\u00e9e des enfants.<\/li>\n<\/ol>\n<h2><strong>Conditions de stockage<\/strong><\/h2>\n<ul>\n<li><strong>Temp\u00e9rature de stockage :<\/strong> Veillez \u00e0 ce que le spray anti-THC soit conserv\u00e9 dans un environnement dont la temp\u00e9rature est comprise entre 0\u00b0C et 30\u00b0C, c'est-\u00e0-dire entre 32\u00b0F et 86\u00b0F. Il est important de conserver le produit dans cette fourchette de temp\u00e9rature afin de pr\u00e9server les propri\u00e9t\u00e9s actives des ingr\u00e9dients naturels et de garantir des performances optimales \u00e0 chaque utilisation.<\/li>\n<li><strong>Protection :<\/strong> Le flacon doit \u00eatre conserv\u00e9 \u00e0 l'abri de la lumi\u00e8re directe du soleil. Une exposition prolong\u00e9e aux rayons UV peut alt\u00e9rer la formule et r\u00e9duire son efficacit\u00e9. Pour de meilleurs r\u00e9sultats, conservez le flacon dans un endroit sombre, tel qu'un tiroir ou un placard, lorsque vous ne l'utilisez pas.<\/li>\n<li><strong>Dur\u00e9e de conservation :<\/strong> Le spray anti-THC, \u00e9galement connu sous le nom de Kleaner, a une dur\u00e9e de conservation de deux ans \u00e0 compter de la date de fabrication. Cette longue dur\u00e9e de vie est garantie \u00e0 condition que le produit soit stock\u00e9 dans des conditions appropri\u00e9es et que le flacon reste bien ferm\u00e9 lorsqu'il n'est pas utilis\u00e9.<\/li>\n<li><strong>Date d'expiration :<\/strong> Pour votre s\u00e9curit\u00e9 et pour garantir l'efficacit\u00e9 du produit, v\u00e9rifiez toujours la date de p\u00e9remption mentionn\u00e9e sur le flacon avant utilisation. Il est recommand\u00e9 de ne pas utiliser le produit apr\u00e8s cette date, car la composition chimique peut ne plus assurer une \u00e9limination optimale des r\u00e9sidus de THC.<\/li>\n<\/ul>","protected":false},"excerpt":{"rendered":"<p>The only anti-THC spray that guarantees 100% success. Our anti-THC spray is the only solution on the market that guarantees complete removal of THC residues from your mouth, giving you total confidence when you need it most. This is why we proudly offer a money-back guarantee, if you are not fully satisfied, we refund you. [&hellip;]<\/p>\n","protected":false},"featured_media":23037,"comment_status":"open","ping_status":"closed","template":"","meta":{"_uag_custom_page_level_css":"","site-sidebar-layout":"default","site-content-layout":"","ast-site-content-layout":"default","site-content-style":"default","site-sidebar-style":"default","ast-global-header-display":"","ast-banner-title-visibility":"","ast-main-header-display":"","ast-hfb-above-header-display":"","ast-hfb-below-header-display":"","ast-hfb-mobile-header-display":"","site-post-title":"","ast-breadcrumbs-content":"","ast-featured-img":"","footer-sml-layout":"","ast-disable-related-posts":"","theme-transparent-header-meta":"default","adv-header-id-meta":"","stick-header-meta":"","header-above-stick-meta":"","header-main-stick-meta":"","header-below-stick-meta":"","astra-migrate-meta-layouts":"set","ast-page-background-enabled":"default","ast-page-background-meta":{"desktop":{"background-color":"var(--ast-global-color-4)","background-image":"","background-repeat":"repeat","background-position":"center center","background-size":"auto","background-attachment":"scroll","background-type":"","background-media":"","overlay-type":"","overlay-color":"","overlay-opacity":"","overlay-gradient":""},"tablet":{"background-color":"","background-image":"","background-repeat":"repeat","background-position":"center center","background-size":"auto","background-attachment":"scroll","background-type":"","background-media":"","overlay-type":"","overlay-color":"","overlay-opacity":"","overlay-gradient":""},"mobile":{"background-color":"","background-image":"","background-repeat":"repeat","background-position":"center center","background-size":"auto","background-attachment":"scroll","background-type":"","background-media":"","overlay-type":"","overlay-color":"","overlay-opacity":"","overlay-gradient":""}},"ast-content-background-meta":{"desktop":{"background-color":"var(--ast-global-color-5)","background-image":"","background-repeat":"repeat","background-position":"center center","background-size":"auto","background-attachment":"scroll","background-type":"","background-media":"","overlay-type":"","overlay-color":"","overlay-opacity":"","overlay-gradient":""},"tablet":{"background-color":"var(--ast-global-color-5)","background-image":"","background-repeat":"repeat","background-position":"center center","background-size":"auto","background-attachment":"scroll","background-type":"","background-media":"","overlay-type":"","overlay-color":"","overlay-opacity":"","overlay-gradient":""},"mobile":{"background-color":"var(--ast-global-color-5)","background-image":"","background-repeat":"repeat","background-position":"center center","background-size":"auto","background-attachment":"scroll","background-type":"","background-media":"","overlay-type":"","overlay-color":"","overlay-opacity":"","overlay-gradient":""}}},"product_brand":[],"product_cat":[15],"product_tag":[],"class_list":{"0":"post-22988","1":"product","2":"type-product","3":"status-publish","4":"has-post-thumbnail","6":"product_cat-shop","7":"desktop-align-left","8":"tablet-align-left","9":"mobile-align-left","11":"first","12":"instock","13":"taxable","14":"shipping-taxable","15":"purchasable","16":"product-type-simple"},"spectra_custom_meta":{"_visibility":["visible"],"_shopify_product_id":["4635621064843"],"_s2w_shopify_domain":["thcprotect.myshopify.com"],"_shopify_variant_id":["32762404339851"],"_sku":["THCANTITHCSPRAY"],"_regular_price":["29.90"],"_price":["29.90"],"_sale_price":[""],"_weight":["0.15"],"_thumbnail_id":["23037"],"_global_unique_id":["5056773801158"],"total_sales":["4831"],"_tax_status":["taxable"],"_tax_class":[""],"_manage_stock":["no"],"_backorders":["no"],"_sold_individually":["no"],"_virtual":["no"],"_downloadable":["no"],"_download_limit":["-1"],"_download_expiry":["-1"],"_stock":[null],"_stock_status":["instock"],"_wc_average_rating":["4.75"],"_wc_review_count":["276"],"_product_version":["10.5.1"],"_wc_rating_count":["a:3:{i:3;i:15;i:4;i:39;i:5;i:222;}"],"_edit_lock":["1771192471:1"],"_edit_last":["1"],"_wp_page_template":["default"],"site-sidebar-layout":["default"],"ast-site-content-layout":["default"],"site-content-style":["default"],"site-sidebar-style":["default"],"theme-transparent-header-meta":["default"],"merchant-center-availability":["yes"],"_upsell_ids":["a:3:{i:0;i:23013;i:1;i:23024;i:2;i:23038;}"],"_crosssell_ids":["a:3:{i:0;i:23013;i:1;i:23024;i:2;i:23038;}"],"astra-migrate-meta-layouts":["set"],"_uag_css_file_name":["uag-css-22988.css"],"_elementor_page_assets":["a:0:{}","a:0:{}"],"_uag_page_assets":["a:9:{s:3:\"css\";s:7133:\".uag-blocks-common-selector{z-index:var(--z-index-desktop) !important}@media(max-width: 976px){.uag-blocks-common-selector{z-index:var(--z-index-tablet) !important}}@media(max-width: 767px){.uag-blocks-common-selector{z-index:var(--z-index-mobile) !important}}.wp-block-uagb-image{display:flex}.wp-block-uagb-image__figure{position:relative;display:flex;flex-direction:column;max-width:100%;height:auto;margin:0}.wp-block-uagb-image__figure img{height:auto;display:flex;max-width:100%;transition:box-shadow .2s ease}.wp-block-uagb-image__figure>a{display:inline-block}.wp-block-uagb-image__figure figcaption{text-align:center;margin-top:.5em;margin-bottom:1em}.wp-block-uagb-image .components-placeholder.block-editor-media-placeholder .components-placeholder__instructions{align-self:center}.wp-block-uagb-image--align-left{text-align:left}.wp-block-uagb-image--align-right{text-align:right}.wp-block-uagb-image--align-center{text-align:center}.wp-block-uagb-image--align-full .wp-block-uagb-image__figure{margin-left:calc(50% - 50vw);margin-right:calc(50% - 50vw);max-width:100vw;width:100vw;height:auto}.wp-block-uagb-image--align-full .wp-block-uagb-image__figure img{height:auto;width:100% !important}.wp-block-uagb-image--align-wide .wp-block-uagb-image__figure img{height:auto;width:100%}.wp-block-uagb-image--layout-overlay__color-wrapper{position:absolute;left:0;top:0;right:0;bottom:0;opacity:.2;background:rgba(0,0,0,.5);transition:opacity .35s ease-in-out}.wp-block-uagb-image--layout-overlay-link{position:absolute;left:0;right:0;bottom:0;top:0}.wp-block-uagb-image--layout-overlay .wp-block-uagb-image__figure:hover .wp-block-uagb-image--layout-overlay__color-wrapper{opacity:1}.wp-block-uagb-image--layout-overlay__inner{position:absolute;left:15px;right:15px;bottom:15px;top:15px;display:flex;align-items:center;justify-content:center;flex-direction:column;border-color:#fff;transition:.35s ease-in-out}.wp-block-uagb-image--layout-overlay__inner.top-left,.wp-block-uagb-image--layout-overlay__inner.top-center,.wp-block-uagb-image--layout-overlay__inner.top-right{justify-content:flex-start}.wp-block-uagb-image--layout-overlay__inner.bottom-left,.wp-block-uagb-image--layout-overlay__inner.bottom-center,.wp-block-uagb-image--layout-overlay__inner.bottom-right{justify-content:flex-end}.wp-block-uagb-image--layout-overlay__inner.top-left,.wp-block-uagb-image--layout-overlay__inner.center-left,.wp-block-uagb-image--layout-overlay__inner.bottom-left{align-items:flex-start}.wp-block-uagb-image--layout-overlay__inner.top-right,.wp-block-uagb-image--layout-overlay__inner.center-right,.wp-block-uagb-image--layout-overlay__inner.bottom-right{align-items:flex-end}.wp-block-uagb-image--layout-overlay__inner .uagb-image-heading{color:#fff;transition:transform .35s,opacity .35s ease-in-out;transform:translate3d(0, 24px, 0);margin:0;line-height:1em}.wp-block-uagb-image--layout-overlay__inner .uagb-image-separator{width:30%;border-top-width:2px;border-top-color:#fff;border-top-style:solid;margin-bottom:10px;opacity:0;transition:transform .4s,opacity .4s ease-in-out;transform:translate3d(0, 30px, 0)}.wp-block-uagb-image--layout-overlay__inner .uagb-image-caption{opacity:0;overflow:visible;color:#fff;transition:transform .45s,opacity .45s ease-in-out;transform:translate3d(0, 35px, 0)}.wp-block-uagb-image--layout-overlay__inner:hover .uagb-image-heading,.wp-block-uagb-image--layout-overlay__inner:hover .uagb-image-separator,.wp-block-uagb-image--layout-overlay__inner:hover .uagb-image-caption{opacity:1;transform:translate3d(0, 0, 0)}.wp-block-uagb-image--effect-zoomin .wp-block-uagb-image__figure img,.wp-block-uagb-image--effect-zoomin .wp-block-uagb-image__figure .wp-block-uagb-image--layout-overlay__color-wrapper{transform:scale(1);transition:transform .35s ease-in-out}.wp-block-uagb-image--effect-zoomin .wp-block-uagb-image__figure:hover img,.wp-block-uagb-image--effect-zoomin .wp-block-uagb-image__figure:hover .wp-block-uagb-image--layout-overlay__color-wrapper{transform:scale(1.05)}.wp-block-uagb-image--effect-slide .wp-block-uagb-image__figure img,.wp-block-uagb-image--effect-slide .wp-block-uagb-image__figure .wp-block-uagb-image--layout-overlay__color-wrapper{width:calc(100% + 40px) !important;max-width:none !important;transform:translate3d(-40px, 0, 0);transition:transform .35s ease-in-out}.wp-block-uagb-image--effect-slide .wp-block-uagb-image__figure:hover img,.wp-block-uagb-image--effect-slide .wp-block-uagb-image__figure:hover .wp-block-uagb-image--layout-overlay__color-wrapper{transform:translate3d(0, 0, 0)}.wp-block-uagb-image--effect-grayscale img{filter:grayscale(0%);transition:.35s ease-in-out}.wp-block-uagb-image--effect-grayscale:hover img{filter:grayscale(100%)}.wp-block-uagb-image--effect-blur img{filter:blur(0);transition:.35s ease-in-out}.wp-block-uagb-image--effect-blur:hover img{filter:blur(3px)}.uagb-block-e6f939b3.wp-block-uagb-image--layout-default figure img{box-shadow: 0px 0px 0 #00000070;}.uagb-block-e6f939b3.wp-block-uagb-image .wp-block-uagb-image__figure figcaption{font-style: normal;align-self: center;}.uagb-block-e6f939b3.wp-block-uagb-image--layout-overlay figure img{box-shadow: 0px 0px 0 #00000070;}.uagb-block-e6f939b3.wp-block-uagb-image--layout-overlay .wp-block-uagb-image--layout-overlay__color-wrapper{opacity: 0.2;}.uagb-block-e6f939b3.wp-block-uagb-image--layout-overlay .wp-block-uagb-image--layout-overlay__inner{left: 15px;right: 15px;top: 15px;bottom: 15px;}.uagb-block-e6f939b3.wp-block-uagb-image--layout-overlay .wp-block-uagb-image--layout-overlay__inner .uagb-image-heading{font-style: normal;color: #fff;opacity: 1;}.uagb-block-e6f939b3.wp-block-uagb-image--layout-overlay .wp-block-uagb-image--layout-overlay__inner .uagb-image-heading a{color: #fff;}.uagb-block-e6f939b3.wp-block-uagb-image--layout-overlay .wp-block-uagb-image--layout-overlay__inner .uagb-image-caption{opacity: 0;}.uagb-block-e6f939b3.wp-block-uagb-image--layout-overlay .wp-block-uagb-image__figure:hover .wp-block-uagb-image--layout-overlay__color-wrapper{opacity: 1;}.uagb-block-e6f939b3.wp-block-uagb-image .wp-block-uagb-image--layout-overlay__inner .uagb-image-separator{width: 30%;border-top-width: 2px;border-top-color: #fff;opacity: 0;}.uagb-block-e6f939b3.wp-block-uagb-image .wp-block-uagb-image__figure img{width: px;height: auto;}.uagb-block-e6f939b3.wp-block-uagb-image .wp-block-uagb-image__figure:hover .wp-block-uagb-image--layout-overlay__inner .uagb-image-caption{opacity: 1;}.uagb-block-e6f939b3.wp-block-uagb-image .wp-block-uagb-image__figure:hover .wp-block-uagb-image--layout-overlay__inner .uagb-image-separator{opacity: 1;}.uagb-block-e6f939b3.wp-block-uagb-image--layout-default figure:hover img{box-shadow: 0px 0px 0 #00000070;}.uagb-block-e6f939b3.wp-block-uagb-image--layout-overlay figure:hover img{box-shadow: 0px 0px 0 #00000070;}@media only screen and (max-width: 976px) {.uagb-block-e6f939b3.wp-block-uagb-image .wp-block-uagb-image__figure img{width: px;height: auto;}}@media only screen and (max-width: 767px) {.uagb-block-e6f939b3.wp-block-uagb-image .wp-block-uagb-image__figure img{width: px;height: auto;}}\";s:2:\"js\";s:0:\"\";s:18:\"current_block_list\";a:13:{i:0;s:11:\"core\/search\";i:1;s:10:\"core\/group\";i:2;s:12:\"core\/heading\";i:3;s:17:\"core\/latest-posts\";i:4;s:20:\"core\/latest-comments\";i:5;s:13:\"core\/archives\";i:6;s:15:\"core\/categories\";i:7;s:14:\"core\/paragraph\";i:8;s:10:\"uagb\/image\";i:9;s:11:\"core\/spacer\";i:10;s:30:\"woocommerce\/product-categories\";i:11;s:10:\"core\/image\";i:12;s:14:\"core\/shortcode\";}s:8:\"uag_flag\";b:1;s:11:\"uag_version\";s:10:\"1777741940\";s:6:\"gfonts\";a:0:{}s:10:\"gfonts_url\";s:0:\"\";s:12:\"gfonts_files\";a:0:{}s:14:\"uag_faq_layout\";b:0;}"]},"uagb_featured_image_src":{"full":["https:\/\/www.thcprotect.com\/wp-content\/uploads\/2025\/06\/THCcleaner.png",2560,2560,false],"thumbnail":["https:\/\/www.thcprotect.com\/wp-content\/uploads\/2025\/06\/THCcleaner-150x150.png",150,150,true],"medium":["https:\/\/www.thcprotect.com\/wp-content\/uploads\/2025\/06\/THCcleaner-300x300.png",300,300,true],"medium_large":["https:\/\/www.thcprotect.com\/wp-content\/uploads\/2025\/06\/THCcleaner-768x768.png",768,768,true],"large":["https:\/\/www.thcprotect.com\/wp-content\/uploads\/2025\/06\/THCcleaner-1024x1024.png",1024,1024,true],"1536x1536":["https:\/\/www.thcprotect.com\/wp-content\/uploads\/2025\/06\/THCcleaner-1536x1536.png",1536,1536,true],"2048x2048":["https:\/\/www.thcprotect.com\/wp-content\/uploads\/2025\/06\/THCcleaner-2048x2048.png",2048,2048,true],"trp-custom-language-flag":["https:\/\/www.thcprotect.com\/wp-content\/uploads\/2025\/06\/THCcleaner-12x12.png",12,12,true],"woocommerce_thumbnail":["https:\/\/www.thcprotect.com\/wp-content\/uploads\/2025\/06\/THCcleaner-300x300.png",300,300,true],"woocommerce_single":["https:\/\/www.thcprotect.com\/wp-content\/uploads\/2025\/06\/THCcleaner-600x600.png",600,600,true],"woocommerce_gallery_thumbnail":["https:\/\/www.thcprotect.com\/wp-content\/uploads\/2025\/06\/THCcleaner-100x100.png",100,100,true]},"uagb_author_info":{"display_name":"admin","author_link":"https:\/\/www.thcprotect.com\/ca-fr\/author\/"},"uagb_comment_info":276,"uagb_excerpt":"The only anti-THC spray that guarantees 100% success. Our anti-THC spray is the only solution on the market that guarantees complete removal of THC residues from your mouth, giving you total confidence when you need it most. This is why we proudly offer a money-back guarantee, if you are not fully satisfied, we refund you.&hellip;","_links":{"self":[{"href":"https:\/\/www.thcprotect.com\/ca-fr\/wp-json\/wp\/v2\/product\/22988","targetHints":{"allow":["GET"]}}],"collection":[{"href":"https:\/\/www.thcprotect.com\/ca-fr\/wp-json\/wp\/v2\/product"}],"about":[{"href":"https:\/\/www.thcprotect.com\/ca-fr\/wp-json\/wp\/v2\/types\/product"}],"replies":[{"embeddable":true,"href":"https:\/\/www.thcprotect.com\/ca-fr\/wp-json\/wp\/v2\/comments?post=22988"}],"version-history":[{"count":9,"href":"https:\/\/www.thcprotect.com\/ca-fr\/wp-json\/wp\/v2\/product\/22988\/revisions"}],"predecessor-version":[{"id":28795,"href":"https:\/\/www.thcprotect.com\/ca-fr\/wp-json\/wp\/v2\/product\/22988\/revisions\/28795"}],"wp:featuredmedia":[{"embeddable":true,"href":"https:\/\/www.thcprotect.com\/ca-fr\/wp-json\/wp\/v2\/media\/23037"}],"wp:attachment":[{"href":"https:\/\/www.thcprotect.com\/ca-fr\/wp-json\/wp\/v2\/media?parent=22988"}],"wp:term":[{"taxonomy":"product_brand","embeddable":true,"href":"https:\/\/www.thcprotect.com\/ca-fr\/wp-json\/wp\/v2\/product_brand?post=22988"},{"taxonomy":"product_cat","embeddable":true,"href":"https:\/\/www.thcprotect.com\/ca-fr\/wp-json\/wp\/v2\/product_cat?post=22988"},{"taxonomy":"product_tag","embeddable":true,"href":"https:\/\/www.thcprotect.com\/ca-fr\/wp-json\/wp\/v2\/product_tag?post=22988"}],"curies":[{"name":"wp","href":"https:\/\/api.w.org\/{rel}","templated":true}]}}