{"id":22976,"date":"2025-06-09T19:44:33","date_gmt":"2025-06-09T17:44:33","guid":{"rendered":"https:\/\/www.thcprotect.com\/privacy-policy-2\/"},"modified":"2025-06-09T19:55:14","modified_gmt":"2025-06-09T17:55:14","slug":"privacy-policy","status":"publish","type":"page","link":"https:\/\/www.thcprotect.com\/ca-fr\/privacy-policy\/","title":{"rendered":"Politique de confidentialit\u00e9"},"content":{"rendered":"<p><strong>Article 1. Pr\u00e9sentation du site web<\/strong><\/p>\n<p>Il est pr\u00e9cis\u00e9 aux utilisateurs du site web, l'identit\u00e9 des parties prenantes dans le cadre de sa cr\u00e9ation et de son suivi :<\/p>\n<p>Propri\u00e9taire : THC Protect LLC <br \/> Adresse : 18585 Coastal Hwy Unit 10 PMB 1008, Rehoboth Beach, DE 19971-6147, U.S.A.<br \/> Capital social : $ 100 000 USD<br \/> Forme juridique : Soci\u00e9t\u00e9 \u00e0 responsabilit\u00e9 limit\u00e9e<br \/> Num\u00e9ro de dossier : 2530768<\/p>\n<p>H\u00f4te : OVH SAS, 2 rue Kellermann, Roubaix 59100, France<\/p>\n<p><strong>Article 2. Conditions g\u00e9n\u00e9rales d'utilisation du site web et des services offerts<\/strong><\/p>\n<p>L'utilisation du site web implique l'acceptation pleine et enti\u00e8re des conditions g\u00e9n\u00e9rales d\u00e9crites ci-dessous. Ces conditions d'utilisation sont susceptibles d'\u00eatre modifi\u00e9es ou compl\u00e9t\u00e9es \u00e0 tout moment. Les utilisateurs sont donc invit\u00e9s \u00e0 les consulter de mani\u00e8re r\u00e9guli\u00e8re.<\/p>\n<p>Le site est normalement accessible aux utilisateurs \u00e0 tout moment. Une interruption pour raison de maintenance technique peut \u00eatre toutefois d\u00e9cid\u00e9e par THC Protect LLC, qui s'efforcera alors de communiquer pr\u00e9alablement aux utilisateurs les dates et heures de l'intervention.<\/p>\n<p>Ce site web est mis \u00e0 jour r\u00e9guli\u00e8rement par THC Protect LLC. Ceci inclut les mentions l\u00e9gales. L'utilisateur est invit\u00e9 \u00e0 s'y r\u00e9f\u00e9rer fr\u00e9quemment afin d'en prendre connaissance.<\/p>\n<p><strong>Article 3. Description des services fournis<\/strong><\/p>\n<p>L'objectif du site est de fournir des informations sur les produits et les activit\u00e9s des entreprises.<\/p>\n<p>THC Protect LLC s'efforce de fournir des informations aussi pr\u00e9cises et actualis\u00e9es que possible. THC Protect LLC ne peut \u00eatre tenue pour responsable des erreurs, omissions ou carences dans les mises \u00e0 jour, qu'elles soient de son fait ou du fait des tiers partenaires qui lui fournissent ces informations.<\/p>\n<p>Tous les informations contenues dans ce site sont donn\u00e9es \u00e0 titre indicatif, et sont susceptibles d'\u00e9voluer. Ces informations ne sont en aucun cas exhaustives. Elles ont fait l'objet de modifications depuis leur mise en ligne sur le site.<\/p>\n<p><strong>Article 4. Limitations contractuelles concernant les donn\u00e9es techniques<\/strong><\/p>\n<p>Ce site web utilise la technologie JavaScript.<\/p>\n<p>Le site ne pourra \u00eatre tenu responsable de dommages mat\u00e9riels li\u00e9s \u00e0 son utilisation. L'utilisateur s'engage \u00e0 acc\u00e9der au site en utilisant un mat\u00e9riel r\u00e9cent, ne contenant pas de virus et avec un navigateur de nouvelle g\u00e9n\u00e9ration mis \u00e0 jour.<\/p>\n<p><strong>Article 5. Propri\u00e9t\u00e9 intellectuelle et contrefa\u00e7ons<\/strong><\/p>\n<p>THC Protect LLC est propri\u00e9taire des droits de propri\u00e9t\u00e9 intellectuelle ou d\u00e9tient les droits d'usage sur tous les \u00e9l\u00e9ments accessibles sur le site. En particulier les textes, images, graphismes, logo, ic\u00f4nes, sons, logiciels.<\/p>\n<p>Toute reproduction, repr\u00e9sentation, modification, publication, adaptation de tout ou partie des \u00e9l\u00e9ments du site, quel que soit le moyen ou le proc\u00e9d\u00e9 utilis\u00e9, est interdite, sauf autorisation \u00e9crite pr\u00e9alable de THC Protect LLC.<\/p>\n<p>Toute utilisation non autoris\u00e9e par le(s) utilisateur(s) du site web ou de l'un des \u00e9l\u00e9ments qu'il contient constituera une infraction et fera l'objet de poursuites.<\/p>\n<p><strong>Article 6. Limitation de la responsabilit\u00e9<\/strong><\/p>\n<p>THC Protect LLC ne pourra \u00eatre tenue responsable des dommages directs et indirects caus\u00e9s au mat\u00e9riel de l'utilisateur, lors de l'acc\u00e8s au site. Dommages r\u00e9sultant de l'utilisation d'un mat\u00e9riel ne r\u00e9pondant pas aux sp\u00e9cifications indiqu\u00e9es \u00e0 l'article 4, ou de l'apparition d'un bug ou d'un virus.<\/p>\n<p>THC Protect LLC ne peut \u00eatre tenu responsable des dommages indirects tels que la perte de march\u00e9 ou la perte d'opportunit\u00e9 r\u00e9sultant de l'utilisation du site web.<\/p>\n<p>Des espaces interactifs (o\u00f9 les utilisateurs peuvent poser des questions) sont \u00e0 la disposition des utilisateurs. THC Protect LLC se r\u00e9serve le droit de supprimer, sans mise en demeure pr\u00e9alable, tout contenu d\u00e9pos\u00e9 dans cet espace qui contreviendrait \u00e0 la l\u00e9gislation applicable dans le pays de r\u00e9sidence de l'utilisateur. Il en est ainsi notamment des dispositions relatives \u00e0 la protection des donn\u00e9es. Le cas \u00e9ch\u00e9ant, THC Protect LLC se r\u00e9serve \u00e9galement le droit de mettre en cause la responsabilit\u00e9 civile et\/ou p\u00e9nale de l'utilisateur. En particulier, tout ce qui est raciste, injurieux, diffamant, ou pornographique, quel que soit le support utilis\u00e9 (texte, photographie...).<\/p>\n<p><strong>Article 7. Gestion des donn\u00e9es \u00e0 caract\u00e8re personnel<\/strong><\/p>\n<p>Lors de l'utilisation du site web, les informations suivantes peuvent \u00eatre recueillies : l'URL des liens par l'interm\u00e9diaire desquels l'utilisateur a acc\u00e9d\u00e9 au site web, le fournisseur d'acc\u00e8s de l'utilisateur et l'adresse de protocole (IP) de l'utilisateur.<\/p>\n<p>THC Protect LLC ne collecte des informations personnelles relatives \u00e0 l'utilisateur que pour le besoin de certains services propos\u00e9s par le site. L'utilisateur fournit ces informations en toute connaissance de cause lors de son inscription. Il est pr\u00e9cis\u00e9 \u00e0 l'utilisateur du site l'obligation (ou non) de fournir ces informations.<\/p>\n<p>Conform\u00e9ment aux dispositions relatives \u00e0 l'informatique, aux fichiers et aux libert\u00e9s, tout utilisateur dispose d'un droit d'acc\u00e8s, de rectification et d'opposition aux donn\u00e9es personnelles le concernant. Il doit adresser une demande \u00e9crite et sign\u00e9e, accompagn\u00e9e d'une copie du titre d'identit\u00e9 avec signature du titulaire de la pi\u00e8ce, en pr\u00e9cisant l'adresse \u00e0 laquelle la r\u00e9ponse doit \u00eatre envoy\u00e9e.<\/p>\n<p>Aucune information personnelle de l'utilisateur du site n'est publi\u00e9e \u00e0 l'insu de l'utilisateur et sans son consentement, ni transf\u00e9r\u00e9e, ni \u00e9chang\u00e9e, ni vendue sur un support quelconque \u00e0 des tiers. Seule l'hypoth\u00e8se du rachat de THC Protect LLC et de ses droits permettrait la transmission des dites informations \u00e0 l'\u00e9ventuel acqu\u00e9reur qui serait \u00e0 son tour tenu de la m\u00eame obligation de conservation et de modification des donn\u00e9es vis \u00e0 vis de l'utilisateur du site.<\/p>\n<p>Les bases de donn\u00e9es sont prot\u00e9g\u00e9es par les dispositions relatives \u00e0 la protection juridique des bases de donn\u00e9es.<\/p>\n<p><strong>Article 8. Liens hypertextes et cookies<\/strong><\/p>\n<p>Le site contient un certain nombre de liens hypertextes vers d'autres sites, mis en place avec l'autorisation de THC Protect LLC. Il est pr\u00e9cis\u00e9 que THC Protect LLC n'a pas la possibilit\u00e9 de v\u00e9rifier le contenu des sites ainsi visit\u00e9s, et n'assumera en cons\u00e9quence aucune responsabilit\u00e9 de ce fait.<\/p>\n<p>La navigation sur ce site est susceptible de provoquer l'installation de cookies sur l'ordinateur de l'utilisateur. Un cookie est un fichier de petite taille, qui ne permet pas d'identifier l'utilisateur, mais qui peut enregistrer des informations relatives \u00e0 la navigation d'un ordinateur sur un site Internet. Les donn\u00e9es ainsi obtenues visent \u00e0 faciliter la navigation ult\u00e9rieure sur le site et permettent de mesurer la fr\u00e9quentation.<\/p>\n<p>Le refus des cookies peut entra\u00eener l'impossibilit\u00e9 d'acc\u00e9der \u00e0 certains services. L'utilisateur peut configurer son ordinateur de la mani\u00e8re suivante pour refuser l'installation de cookies :<\/p>\n<p>Internet Explorer : S\u00e9lectionnez les param\u00e8tres (ic\u00f4ne en forme de roue dent\u00e9e en haut \u00e0 droite) et choisissez les options Internet. Cliquez sur Confidentialit\u00e9 et s\u00e9lectionnez Bloquer tous les cookies. Confirmer ok.<\/p>\n<p>Firefox : En haut de la fen\u00eatre du navigateur, cliquez sur le bouton Firefox, puis sur l'onglet Options. Cliquez sur l'onglet Confidentialit\u00e9. R\u00e9glez les r\u00e8gles de conservation sur : utiliser les param\u00e8tres personnalis\u00e9s pour l'historique. Enfin, d\u00e9cochez la case pour d\u00e9sactiver les cookies.<\/p>\n<p>Dans Safari : Cliquez en haut \u00e0 droite du navigateur sur l'ic\u00f4ne du menu (symbole de la roue dent\u00e9e). S\u00e9lectionnez Param\u00e8tres. Cliquez sur Afficher les param\u00e8tres avanc\u00e9s. Dans la section \"Vie priv\u00e9e\", cliquez sur Param\u00e8tres de contenu. Dans la section \"cookies\", vous pouvez bloquer les cookies.<\/p>\n<p>Dans Chrome : Cliquez en haut \u00e0 droite du navigateur sur l'ic\u00f4ne du menu (symbole de 3 lignes horizontales). S\u00e9lectionnez Param\u00e8tres. Cliquez sur Afficher les param\u00e8tres avanc\u00e9s. Dans la section \"Vie priv\u00e9e\", cliquez sur pr\u00e9f\u00e9rences. Choisissez de bloquer les cookies.<\/p>\n<p>\u00a0<strong>Article 9. Droit applicable et attribution de comp\u00e9tence<\/strong><\/p>\n<p>Tout litige li\u00e9 \u00e0 l'utilisation du site web est soumis au droit en vigueur dans le pays de r\u00e9sidence du vendeur. Les tribunaux comp\u00e9tents du pays de r\u00e9sidence du vendeur sont exclusivement comp\u00e9tents.<\/p>\n<p>\u00a0<strong>Article 10. Glossaire<\/strong><\/p>\n<p>Utilisateur : Internaute se connectant en ligne, au site web susmentionn\u00e9.<\/p>\n<p>Informations personnelles : informations qui permettent, sous quelque forme que ce soit, directement ou indirectement, l'identification de la ou des personnes physiques auxquelles elles s'appliquent.<\/p>","protected":false},"excerpt":{"rendered":"<p>Article 1. Presentation of the website It is specified to the users of the website, the identity of the stakeholders in the context of its creation and follow up : Owner : THC Protect LLC Address : 18585 Coastal Hwy Unit 10 PMB 1008, Rehoboth Beach, DE 19971-6147, U.S.A. Share capital : $ 100,000 USD [&hellip;]<\/p>\n","protected":false},"author":1,"featured_media":0,"parent":0,"menu_order":0,"comment_status":"closed","ping_status":"closed","template":"","meta":{"_uag_custom_page_level_css":"","site-sidebar-layout":"default","site-content-layout":"","ast-site-content-layout":"default","site-content-style":"default","site-sidebar-style":"default","ast-global-header-display":"","ast-banner-title-visibility":"","ast-main-header-display":"","ast-hfb-above-header-display":"","ast-hfb-below-header-display":"","ast-hfb-mobile-header-display":"","site-post-title":"","ast-breadcrumbs-content":"","ast-featured-img":"","footer-sml-layout":"","ast-disable-related-posts":"","theme-transparent-header-meta":"","adv-header-id-meta":"","stick-header-meta":"","header-above-stick-meta":"","header-main-stick-meta":"","header-below-stick-meta":"","astra-migrate-meta-layouts":"default","ast-page-background-enabled":"default","ast-page-background-meta":{"desktop":{"background-color":"var(--ast-global-color-4)","background-image":"","background-repeat":"repeat","background-position":"center center","background-size":"auto","background-attachment":"scroll","background-type":"","background-media":"","overlay-type":"","overlay-color":"","overlay-opacity":"","overlay-gradient":""},"tablet":{"background-color":"","background-image":"","background-repeat":"repeat","background-position":"center center","background-size":"auto","background-attachment":"scroll","background-type":"","background-media":"","overlay-type":"","overlay-color":"","overlay-opacity":"","overlay-gradient":""},"mobile":{"background-color":"","background-image":"","background-repeat":"repeat","background-position":"center center","background-size":"auto","background-attachment":"scroll","background-type":"","background-media":"","overlay-type":"","overlay-color":"","overlay-opacity":"","overlay-gradient":""}},"ast-content-background-meta":{"desktop":{"background-color":"var(--ast-global-color-5)","background-image":"","background-repeat":"repeat","background-position":"center center","background-size":"auto","background-attachment":"scroll","background-type":"","background-media":"","overlay-type":"","overlay-color":"","overlay-opacity":"","overlay-gradient":""},"tablet":{"background-color":"var(--ast-global-color-5)","background-image":"","background-repeat":"repeat","background-position":"center center","background-size":"auto","background-attachment":"scroll","background-type":"","background-media":"","overlay-type":"","overlay-color":"","overlay-opacity":"","overlay-gradient":""},"mobile":{"background-color":"var(--ast-global-color-5)","background-image":"","background-repeat":"repeat","background-position":"center center","background-size":"auto","background-attachment":"scroll","background-type":"","background-media":"","overlay-type":"","overlay-color":"","overlay-opacity":"","overlay-gradient":""}},"footnotes":""},"class_list":["post-22976","page","type-page","status-publish","hentry"],"spectra_custom_meta":{"_s2w_shopify_page_id":["53892612235"],"_s2w_shopify_domain":["thcprotect.myshopify.com"],"_edit_last":["1"],"_wp_page_template":["default"],"_edit_lock":["1749491715:1"],"_uag_css_file_name":["uag-css-22976.css"],"_uag_page_assets":["a:9:{s:3:\"css\";s:7156:\".uag-blocks-common-selector{z-index:var(--z-index-desktop) !important}@media (max-width: 976px){.uag-blocks-common-selector{z-index:var(--z-index-tablet) !important}}@media (max-width: 767px){.uag-blocks-common-selector{z-index:var(--z-index-mobile) !important}}\n.wp-block-uagb-image{display:flex}.wp-block-uagb-image__figure{position:relative;display:flex;flex-direction:column;max-width:100%;height:auto;margin:0}.wp-block-uagb-image__figure img{height:auto;display:flex;max-width:100%;transition:box-shadow 0.2s ease}.wp-block-uagb-image__figure>a{display:inline-block}.wp-block-uagb-image__figure figcaption{text-align:center;margin-top:0.5em;margin-bottom:1em}.wp-block-uagb-image .components-placeholder.block-editor-media-placeholder .components-placeholder__instructions{align-self:center}.wp-block-uagb-image--align-left{text-align:left}.wp-block-uagb-image--align-right{text-align:right}.wp-block-uagb-image--align-center{text-align:center}.wp-block-uagb-image--align-full .wp-block-uagb-image__figure{margin-left:calc(50% - 50vw);margin-right:calc(50% - 50vw);max-width:100vw;width:100vw;height:auto}.wp-block-uagb-image--align-full .wp-block-uagb-image__figure img{height:auto;width:100% !important}.wp-block-uagb-image--align-wide .wp-block-uagb-image__figure img{height:auto;width:100%}.wp-block-uagb-image--layout-overlay__color-wrapper{position:absolute;left:0;top:0;right:0;bottom:0;opacity:0.2;background:rgba(0,0,0,0.5);transition:opacity 0.35s ease-in-out}.wp-block-uagb-image--layout-overlay-link{position:absolute;left:0;right:0;bottom:0;top:0}.wp-block-uagb-image--layout-overlay .wp-block-uagb-image__figure:hover .wp-block-uagb-image--layout-overlay__color-wrapper{opacity:1}.wp-block-uagb-image--layout-overlay__inner{position:absolute;left:15px;right:15px;bottom:15px;top:15px;display:flex;align-items:center;justify-content:center;flex-direction:column;border-color:#fff;transition:0.35s ease-in-out}.wp-block-uagb-image--layout-overlay__inner.top-left,.wp-block-uagb-image--layout-overlay__inner.top-center,.wp-block-uagb-image--layout-overlay__inner.top-right{justify-content:flex-start}.wp-block-uagb-image--layout-overlay__inner.bottom-left,.wp-block-uagb-image--layout-overlay__inner.bottom-center,.wp-block-uagb-image--layout-overlay__inner.bottom-right{justify-content:flex-end}.wp-block-uagb-image--layout-overlay__inner.top-left,.wp-block-uagb-image--layout-overlay__inner.center-left,.wp-block-uagb-image--layout-overlay__inner.bottom-left{align-items:flex-start}.wp-block-uagb-image--layout-overlay__inner.top-right,.wp-block-uagb-image--layout-overlay__inner.center-right,.wp-block-uagb-image--layout-overlay__inner.bottom-right{align-items:flex-end}.wp-block-uagb-image--layout-overlay__inner .uagb-image-heading{color:#fff;transition:transform 0.35s, opacity 0.35s ease-in-out;transform:translate3d(0, 24px, 0);margin:0;line-height:1em}.wp-block-uagb-image--layout-overlay__inner .uagb-image-separator{width:30%;border-top-width:2px;border-top-color:#fff;border-top-style:solid;margin-bottom:10px;opacity:0;transition:transform 0.4s, opacity 0.4s ease-in-out;transform:translate3d(0, 30px, 0)}.wp-block-uagb-image--layout-overlay__inner .uagb-image-caption{opacity:0;overflow:visible;color:#fff;transition:transform 0.45s, opacity 0.45s ease-in-out;transform:translate3d(0, 35px, 0)}.wp-block-uagb-image--layout-overlay__inner:hover .uagb-image-heading,.wp-block-uagb-image--layout-overlay__inner:hover .uagb-image-separator,.wp-block-uagb-image--layout-overlay__inner:hover .uagb-image-caption{opacity:1;transform:translate3d(0, 0, 0)}.wp-block-uagb-image--effect-zoomin .wp-block-uagb-image__figure img,.wp-block-uagb-image--effect-zoomin .wp-block-uagb-image__figure .wp-block-uagb-image--layout-overlay__color-wrapper{transform:scale(1);transition:transform 0.35s ease-in-out}.wp-block-uagb-image--effect-zoomin .wp-block-uagb-image__figure:hover img,.wp-block-uagb-image--effect-zoomin .wp-block-uagb-image__figure:hover .wp-block-uagb-image--layout-overlay__color-wrapper{transform:scale(1.05)}.wp-block-uagb-image--effect-slide .wp-block-uagb-image__figure img,.wp-block-uagb-image--effect-slide .wp-block-uagb-image__figure .wp-block-uagb-image--layout-overlay__color-wrapper{width:calc(100% + 40px) !important;max-width:none !important;transform:translate3d(-40px, 0, 0);transition:transform 0.35s ease-in-out}.wp-block-uagb-image--effect-slide .wp-block-uagb-image__figure:hover img,.wp-block-uagb-image--effect-slide .wp-block-uagb-image__figure:hover .wp-block-uagb-image--layout-overlay__color-wrapper{transform:translate3d(0, 0, 0)}.wp-block-uagb-image--effect-grayscale img{filter:grayscale(0%);transition:0.35s ease-in-out}.wp-block-uagb-image--effect-grayscale:hover img{filter:grayscale(100%)}.wp-block-uagb-image--effect-blur img{filter:blur(0);transition:0.35s ease-in-out}.wp-block-uagb-image--effect-blur:hover img{filter:blur(3px)}\n.uagb-block-e6f939b3.wp-block-uagb-image--layout-default figure img{box-shadow: 0px 0px 0 #00000070;}.uagb-block-e6f939b3.wp-block-uagb-image .wp-block-uagb-image__figure figcaption{font-style: normal;align-self: center;}.uagb-block-e6f939b3.wp-block-uagb-image--layout-overlay figure img{box-shadow: 0px 0px 0 #00000070;}.uagb-block-e6f939b3.wp-block-uagb-image--layout-overlay .wp-block-uagb-image--layout-overlay__color-wrapper{opacity: 0.2;}.uagb-block-e6f939b3.wp-block-uagb-image--layout-overlay .wp-block-uagb-image--layout-overlay__inner{left: 15px;right: 15px;top: 15px;bottom: 15px;}.uagb-block-e6f939b3.wp-block-uagb-image--layout-overlay .wp-block-uagb-image--layout-overlay__inner .uagb-image-heading{font-style: normal;color: #fff;opacity: 1;}.uagb-block-e6f939b3.wp-block-uagb-image--layout-overlay .wp-block-uagb-image--layout-overlay__inner .uagb-image-heading a{color: #fff;}.uagb-block-e6f939b3.wp-block-uagb-image--layout-overlay .wp-block-uagb-image--layout-overlay__inner .uagb-image-caption{opacity: 0;}.uagb-block-e6f939b3.wp-block-uagb-image--layout-overlay .wp-block-uagb-image__figure:hover .wp-block-uagb-image--layout-overlay__color-wrapper{opacity: 1;}.uagb-block-e6f939b3.wp-block-uagb-image .wp-block-uagb-image--layout-overlay__inner .uagb-image-separator{width: 30%;border-top-width: 2px;border-top-color: #fff;opacity: 0;}.uagb-block-e6f939b3.wp-block-uagb-image .wp-block-uagb-image__figure img{width: px;height: auto;}.uagb-block-e6f939b3.wp-block-uagb-image .wp-block-uagb-image__figure:hover .wp-block-uagb-image--layout-overlay__inner .uagb-image-caption{opacity: 1;}.uagb-block-e6f939b3.wp-block-uagb-image .wp-block-uagb-image__figure:hover .wp-block-uagb-image--layout-overlay__inner .uagb-image-separator{opacity: 1;}.uagb-block-e6f939b3.wp-block-uagb-image--layout-default figure:hover img{box-shadow: 0px 0px 0 #00000070;}.uagb-block-e6f939b3.wp-block-uagb-image--layout-overlay figure:hover img{box-shadow: 0px 0px 0 #00000070;}@media only screen and (max-width: 976px) {.uagb-block-e6f939b3.wp-block-uagb-image .wp-block-uagb-image__figure img{width: px;height: auto;}}@media only screen and (max-width: 767px) {.uagb-block-e6f939b3.wp-block-uagb-image .wp-block-uagb-image__figure img{width: px;height: auto;}}\";s:2:\"js\";s:0:\"\";s:18:\"current_block_list\";a:13:{i:0;s:11:\"core\/search\";i:1;s:10:\"core\/group\";i:2;s:12:\"core\/heading\";i:3;s:17:\"core\/latest-posts\";i:4;s:20:\"core\/latest-comments\";i:5;s:13:\"core\/archives\";i:6;s:15:\"core\/categories\";i:7;s:14:\"core\/paragraph\";i:8;s:10:\"uagb\/image\";i:9;s:11:\"core\/spacer\";i:10;s:30:\"woocommerce\/product-categories\";i:11;s:10:\"core\/image\";i:12;s:14:\"core\/shortcode\";}s:8:\"uag_flag\";b:1;s:11:\"uag_version\";s:10:\"1776598829\";s:6:\"gfonts\";a:0:{}s:10:\"gfonts_url\";s:0:\"\";s:12:\"gfonts_files\";a:0:{}s:14:\"uag_faq_layout\";b:0;}"]},"uagb_featured_image_src":{"full":false,"thumbnail":false,"medium":false,"medium_large":false,"large":false,"1536x1536":false,"2048x2048":false,"trp-custom-language-flag":false,"woocommerce_thumbnail":false,"woocommerce_single":false,"woocommerce_gallery_thumbnail":false},"uagb_author_info":{"display_name":"admin","author_link":"https:\/\/www.thcprotect.com\/ca-fr\/author\/admin2721\/"},"uagb_comment_info":0,"uagb_excerpt":"Article 1. Presentation of the website It is specified to the users of the website, the identity of the stakeholders in the context of its creation and follow up : Owner : THC Protect LLC Address : 18585 Coastal Hwy Unit 10 PMB 1008, Rehoboth Beach, DE 19971-6147, U.S.A. Share capital : $ 100,000 USD&hellip;","_links":{"self":[{"href":"https:\/\/www.thcprotect.com\/ca-fr\/wp-json\/wp\/v2\/pages\/22976","targetHints":{"allow":["GET"]}}],"collection":[{"href":"https:\/\/www.thcprotect.com\/ca-fr\/wp-json\/wp\/v2\/pages"}],"about":[{"href":"https:\/\/www.thcprotect.com\/ca-fr\/wp-json\/wp\/v2\/types\/page"}],"author":[{"embeddable":true,"href":"https:\/\/www.thcprotect.com\/ca-fr\/wp-json\/wp\/v2\/users\/1"}],"replies":[{"embeddable":true,"href":"https:\/\/www.thcprotect.com\/ca-fr\/wp-json\/wp\/v2\/comments?post=22976"}],"version-history":[{"count":1,"href":"https:\/\/www.thcprotect.com\/ca-fr\/wp-json\/wp\/v2\/pages\/22976\/revisions"}],"predecessor-version":[{"id":23135,"href":"https:\/\/www.thcprotect.com\/ca-fr\/wp-json\/wp\/v2\/pages\/22976\/revisions\/23135"}],"wp:attachment":[{"href":"https:\/\/www.thcprotect.com\/ca-fr\/wp-json\/wp\/v2\/media?parent=22976"}],"curies":[{"name":"wp","href":"https:\/\/api.w.org\/{rel}","templated":true}]}}